{"id":27655,"date":"2026-02-17T22:56:43","date_gmt":"2026-02-17T22:56:43","guid":{"rendered":"https:\/\/bodo-ticketing.com\/warum-bodo-infrastruktur-ist-nicht-nur-ki\/"},"modified":"2026-02-18T09:58:03","modified_gmt":"2026-02-18T09:58:03","slug":"warum-bodo-infrastruktur-ist-nicht-nur-ki","status":"publish","type":"page","link":"https:\/\/bodo-ticketing.com\/de\/warum-bodo-infrastruktur-ist-nicht-nur-ki\/","title":{"rendered":"Warum Bodo Infrastruktur ist \u2013 nicht nur KI"},"content":{"rendered":"\n<section class=\"bodo-article\" id=\"why-bodo-infrastructure\">\n  <header class=\"bodo-article__header\">\n    <p class=\"bodo-eyebrow\">Warum Bodo<\/p>\n    <h1>Warum Bodo Infrastruktur ist \u2013 nicht nur KI<\/h1>\n\n    <figure class=\"bodo-hero-image\">\n      <img decoding=\"async\" src=\"https:\/\/bodo-ticketing.com\/wp-content\/uploads\/2026\/02\/Warum-das-Bodo-E-Mail-Ticket-System-Infrastruktur-und-mehr-als-KI-ist-2.jpg\" alt=\"Visualisierung der Bodo E-Mail-Ticketing-Infrastruktur \u2013 KI ist der Motor, Infrastruktur ist das System\" loading=\"lazy\"\/>\n    <\/figure>\n\n    <p class=\"bodo-lead\">\n K\u00fcnstliche Intelligenz transformiert die Softwareentwicklung. Sie kann Code generieren, E-Mails schreiben und Workflows automatisieren. \n Aber KI allein ersetzt keine Infrastruktur.\n    <\/p>\n    <p class=\"bodo-lead\">\n Bodo ist kein per Prompt erstelltes Tool. Es ist ein strukturiertes Support-System, das seit 2010 im t\u00e4glichen Realbetrieb verfeinert wurde. \n    <\/p>\n  <\/header>\n\n  <div class=\"bodo-article__content\">\n\n    <h2>KI kann Code generieren. Infrastruktur erfordert Architektur. <\/h2>\n    <p>\n KI kann Entwickler unterst\u00fctzen, die Entwicklung von Funktionen beschleunigen und funktionale Prototypen bauen.\n Aber Infrastruktur wird nicht durch Funktionen definiert. Sie definiert sich durch strukturelle Konsistenz, stabile Datenarchitektur,\n definierte Rollen und Berechtigungen, kontrollierte Workflow-Logik, langfristige R\u00fcckverfolgbarkeit und operative Resilienz. \n    <\/p>\n\n    <ul>\n      <li>Strukturelle Konsistenz<\/li>\n      <li>Stabile Datenarchitektur<\/li>\n      <li>Rollen- und Berechtigungsmodelle<\/li>\n      <li>Workflow- und Eskalationslogik<\/li>\n      <li>Langfristige R\u00fcckverfolgbarkeit der Kommunikation<\/li>\n      <li>Operative Resilienz unter realer Last<\/li>\n    <\/ul>\n\n    <p>\n Diese Elemente entwickeln sich durch kontinuierliche reale Nutzung \u2013 nicht durch isolierte Prompts.\n    <\/p>\n\n    <h2>Im Realbetrieb gewachsen \u2013 nicht in der Theorie<\/h2>\n    <p>\n Seit 2010 wird Bodo produktiv in der t\u00e4glichen Kundenkommunikation eingesetzt. Das bedeutet realer operativer Druck,\n echte Skalierbarkeitsherausforderungen, reale Fehlerkorrektur und gel\u00f6ste reale Sonderf\u00e4lle. \n    <\/p>\n    <p>\n Systeme reifen unter Last. Bodo ist durch tats\u00e4chliche Nutzung gewachsen \u2013 nicht durch theoretische Architekturdiagramme. \n    <\/p>\n\n    <h2>Die Grenzen von reinen KI-Systemen<\/h2>\n    <p>\n KI-gest\u00fctzte Programmierung ist leistungsstark \u2013 aber nicht unfehlbar. In komplexen Umgebungen kann KI bestehende Logik \u00e4ndern, ohne\n historische Abh\u00e4ngigkeiten zu erkennen, unbeabsichtigte Nebenwirkungen einf\u00fchren, Legacy-Architekturen \u00fcbersehen oder die\n Handhabung von Sonderf\u00e4llen entfernen, die redundant erscheinen. \n    <\/p>\n    <p>\n Kleine architektonische \u00c4nderungen in ausgereiften Systemen k\u00f6nnen erhebliche operative Instabilit\u00e4t verursachen. Deshalb unterst\u00fctzt KI in Bodo\n Workflows \u2013 sie definiert nicht die Kernstruktur. \n    <\/p>\n\n    <h2>Infrastruktur zuerst. Intelligenz obendrauf. <\/h2>\n    <p>\n Bodo ist um strukturierte Kommunikation und langfristige R\u00fcckverfolgbarkeit herum konzipiert. Jede Interaktion bleibt dokumentiert,\n durchsuchbar, chronologisch strukturiert und Verantwortlichkeiten zugewiesen \u2013 eingebettet in definierte Workflows. \n    <\/p>\n\n    <blockquote class=\"bodo-quote\">\n      <p><strong>Bodo ist das Fundament. KI ist der Verst\u00e4rker. <\/strong><\/p>\n    <\/blockquote>\n\n    <p>\n Auf diesem Fundament steigert KI die Produktivit\u00e4t, indem sie bei der Erstellung von Antwortentw\u00fcrfen hilft, die Klarheit verbessert,\n interne Entscheidungsprozesse unterst\u00fctzt und Routinevorg\u00e4nge beschleunigt.\n    <\/p>\n\n    <h2>Warum dies f\u00fcr professionelle Organisationen wichtig ist<\/h2>\n    <p>\n F\u00fcr seri\u00f6se Unternehmen ist Support nicht nur Messaging. Es geht um Rechenschaftspflicht, Compliance, Transparenz, Teamkoordination,\n institutionelles Ged\u00e4chtnis und skalierbares operatives Wachstum. \n    <\/p>\n    <p>\n Messaging-Tools versenden Kommunikation. Infrastruktur verwaltet Verantwortung. Bodo schafft ein strukturiertes operatives Ged\u00e4chtnis \u2013\n und dieses Ged\u00e4chtnis wird mit der Zeit immer wertvoller.  \n    <\/p>\n\n    <h2>Langfristige Systeme \u00fcberdauern Hype-Zyklen<\/h2>\n    <p>\n Technologie entwickelt sich rasant. Infrastruktur bleibt bestehen. Bodo ist f\u00fcr Organisationen gebaut, die langfristig denken, Struktur\n sch\u00e4tzen und verstehen, dass intelligente Systeme stabile Fundamente ben\u00f6tigen.  \n    <\/p>\n\n  <\/div>\n<\/section>\n\n<style>\n  .bodo-article{\n    max-width:920px;\n    margin:0 auto;\n    padding:60px 20px;\n    font-family:system-ui,-apple-system,Segoe UI,Roboto,Helvetica,Arial,sans-serif;\n    line-height:1.6;\n  }\n\n  .bodo-eyebrow{\n    letter-spacing:.08em;\n    text-transform:uppercase;\n    font-size:12px;\n    opacity:.6;\n    margin:0 0 12px;\n  }\n\n  .bodo-article h1{\n    font-size:42px;\n    line-height:1.15;\n    margin:0 0 28px;\n    font-weight:600;\n  }\n\n  .bodo-hero-image{\n    margin:0 0 28px;\n  }\n\n  .bodo-hero-image img{\n    width:100%;\n    height:auto;\n    border-radius:18px;\n    box-shadow:0 25px 60px rgba(0,0,0,.18);\n    display:block;\n  }\n\n  .bodo-lead{\n    font-size:19px;\n    opacity:.9;\n    margin:0 0 14px;\n  }\n\n  .bodo-article h2{\n    font-size:24px;\n    margin:36px 0 14px;\n    font-weight:600;\n  }\n\n  .bodo-article p{\n    margin:0 0 14px;\n  }\n\n  .bodo-article ul{\n    margin:14px 0 18px 20px;\n  }\n\n  .bodo-quote{\n    margin:24px 0;\n    padding:18px 20px;\n    border-left:4px solid rgba(0,0,0,.2);\n    background:rgba(0,0,0,.04);\n    border-radius:8px;\n  }\n\n  .bodo-quote p{\n    margin:0;\n    font-size:18px;\n  }\n\n  .bodo-cta{\n    margin-top:40px;\n  }\n\n  .bodo-cta__box{\n    padding:24px;\n    border:1px solid rgba(0,0,0,.12);\n    border-radius:16px;\n    background:rgba(0,0,0,.02);\n  }\n\n  .bodo-cta__box h3{\n    margin:0 0 8px;\n    font-size:20px;\n  }\n\n  .bodo-btn{\n    display:inline-block;\n    margin-top:14px;\n    padding:12px 18px;\n    border-radius:12px;\n    text-decoration:none;\n    border:1px solid rgba(0,0,0,.2);\n    transition:all .2s ease;\n  }\n\n  .bodo-btn:hover{\n    transform:translateY(-2px);\n  }\n<\/style>\n","protected":false},"excerpt":{"rendered":"<p>Warum Bodo Warum Bodo Infrastruktur ist \u2013 nicht nur KI K\u00fcnstliche Intelligenz transformiert die Softwareentwicklung. Sie kann Code generieren, E-Mails [&hellip;]<\/p>\n","protected":false},"author":3,"featured_media":0,"parent":0,"menu_order":0,"comment_status":"closed","ping_status":"closed","template":"","meta":{"_uag_custom_page_level_css":"","site-sidebar-layout":"default","site-content-layout":"","ast-site-content-layout":"default","site-content-style":"default","site-sidebar-style":"default","ast-global-header-display":"","ast-banner-title-visibility":"","ast-main-header-display":"","ast-hfb-above-header-display":"","ast-hfb-below-header-display":"","ast-hfb-mobile-header-display":"","site-post-title":"disabled","ast-breadcrumbs-content":"","ast-featured-img":"","footer-sml-layout":"","ast-disable-related-posts":"","theme-transparent-header-meta":"","adv-header-id-meta":"","stick-header-meta":"","header-above-stick-meta":"","header-main-stick-meta":"","header-below-stick-meta":"","astra-migrate-meta-layouts":"default","ast-page-background-enabled":"default","ast-page-background-meta":{"desktop":{"background-color":"var(--ast-global-color-4)","background-image":"","background-repeat":"repeat","background-position":"center center","background-size":"auto","background-attachment":"scroll","background-type":"","background-media":"","overlay-type":"","overlay-color":"","overlay-opacity":"","overlay-gradient":""},"tablet":{"background-color":"","background-image":"","background-repeat":"repeat","background-position":"center center","background-size":"auto","background-attachment":"scroll","background-type":"","background-media":"","overlay-type":"","overlay-color":"","overlay-opacity":"","overlay-gradient":""},"mobile":{"background-color":"","background-image":"","background-repeat":"repeat","background-position":"center center","background-size":"auto","background-attachment":"scroll","background-type":"","background-media":"","overlay-type":"","overlay-color":"","overlay-opacity":"","overlay-gradient":""}},"ast-content-background-meta":{"desktop":{"background-color":"var(--ast-global-color-5)","background-image":"","background-repeat":"repeat","background-position":"center center","background-size":"auto","background-attachment":"scroll","background-type":"","background-media":"","overlay-type":"","overlay-color":"","overlay-opacity":"","overlay-gradient":""},"tablet":{"background-color":"var(--ast-global-color-5)","background-image":"","background-repeat":"repeat","background-position":"center center","background-size":"auto","background-attachment":"scroll","background-type":"","background-media":"","overlay-type":"","overlay-color":"","overlay-opacity":"","overlay-gradient":""},"mobile":{"background-color":"var(--ast-global-color-5)","background-image":"","background-repeat":"repeat","background-position":"center center","background-size":"auto","background-attachment":"scroll","background-type":"","background-media":"","overlay-type":"","overlay-color":"","overlay-opacity":"","overlay-gradient":""}},"footnotes":""},"class_list":["post-27655","page","type-page","status-publish","hentry"],"yoast_head":"<!-- This site is optimized with the Yoast SEO plugin v27.4 - https:\/\/yoast.com\/product\/yoast-seo-wordpress\/ -->\n<title>Warum Bodo E-Mail-Ticketing Infrastruktur ist \u2013 nicht nur KI<\/title>\n<meta name=\"description\" content=\"Bodo E-Mail-Ticketing ist kein Prompt-basiertes KI-Tool. Es ist eine Support-Infrastruktur, die seit 2010 im realen Einsatz verfeinert wurde \u2013 strukturiert, stabil und durch KI erweitert.\" \/>\n<meta name=\"robots\" content=\"index, follow, max-snippet:-1, max-image-preview:large, max-video-preview:-1\" \/>\n<link rel=\"canonical\" href=\"https:\/\/bodo-ticketing.com\/de\/warum-bodo-infrastruktur-ist-nicht-nur-ki\/\" \/>\n<meta property=\"og:locale\" content=\"de_DE\" \/>\n<meta property=\"og:type\" content=\"article\" \/>\n<meta property=\"og:title\" content=\"Warum Bodo E-Mail-Ticketing Infrastruktur ist \u2013 nicht nur KI\" \/>\n<meta property=\"og:description\" content=\"Bodo E-Mail-Ticketing ist kein Prompt-basiertes KI-Tool. Es ist eine Support-Infrastruktur, die seit 2010 im realen Einsatz verfeinert wurde \u2013 strukturiert, stabil und durch KI erweitert.\" \/>\n<meta property=\"og:url\" content=\"https:\/\/bodo-ticketing.com\/de\/warum-bodo-infrastruktur-ist-nicht-nur-ki\/\" \/>\n<meta property=\"og:site_name\" content=\"BODO Mail Ticketing System\" \/>\n<meta property=\"article:modified_time\" content=\"2026-02-18T09:58:03+00:00\" \/>\n<meta property=\"og:image\" content=\"https:\/\/bodo-ticketing.com\/wp-content\/uploads\/2026\/02\/Warum-das-Bodo-E-Mail-Ticket-System-Infrastruktur-und-mehr-als-KI-ist-2.jpg\" \/>\n<meta name=\"twitter:card\" content=\"summary_large_image\" \/>\n<meta name=\"twitter:label1\" content=\"Gesch\u00e4tzte Lesezeit\" \/>\n\t<meta name=\"twitter:data1\" content=\"3\u00a0Minuten\" \/>\n<script type=\"application\/ld+json\" class=\"yoast-schema-graph\">{\"@context\":\"https:\\\/\\\/schema.org\",\"@graph\":[{\"@type\":\"WebPage\",\"@id\":\"https:\\\/\\\/bodo-ticketing.com\\\/de\\\/warum-bodo-infrastruktur-ist-nicht-nur-ki\\\/\",\"url\":\"https:\\\/\\\/bodo-ticketing.com\\\/de\\\/warum-bodo-infrastruktur-ist-nicht-nur-ki\\\/\",\"name\":\"Warum Bodo E-Mail-Ticketing Infrastruktur ist \u2013 nicht nur KI\",\"isPartOf\":{\"@id\":\"https:\\\/\\\/bodo-ticketing.com\\\/de\\\/#website\"},\"primaryImageOfPage\":{\"@id\":\"https:\\\/\\\/bodo-ticketing.com\\\/de\\\/warum-bodo-infrastruktur-ist-nicht-nur-ki\\\/#primaryimage\"},\"image\":{\"@id\":\"https:\\\/\\\/bodo-ticketing.com\\\/de\\\/warum-bodo-infrastruktur-ist-nicht-nur-ki\\\/#primaryimage\"},\"thumbnailUrl\":\"https:\\\/\\\/bodo-ticketing.com\\\/wp-content\\\/uploads\\\/2026\\\/02\\\/Warum-das-Bodo-E-Mail-Ticket-System-Infrastruktur-und-mehr-als-KI-ist-2.jpg\",\"datePublished\":\"2026-02-17T22:56:43+00:00\",\"dateModified\":\"2026-02-18T09:58:03+00:00\",\"description\":\"Bodo E-Mail-Ticketing ist kein Prompt-basiertes KI-Tool. Es ist eine Support-Infrastruktur, die seit 2010 im realen Einsatz verfeinert wurde \u2013 strukturiert, stabil und durch KI erweitert.\",\"breadcrumb\":{\"@id\":\"https:\\\/\\\/bodo-ticketing.com\\\/de\\\/warum-bodo-infrastruktur-ist-nicht-nur-ki\\\/#breadcrumb\"},\"inLanguage\":\"de\",\"potentialAction\":[{\"@type\":\"ReadAction\",\"target\":[\"https:\\\/\\\/bodo-ticketing.com\\\/de\\\/warum-bodo-infrastruktur-ist-nicht-nur-ki\\\/\"]}]},{\"@type\":\"ImageObject\",\"inLanguage\":\"de\",\"@id\":\"https:\\\/\\\/bodo-ticketing.com\\\/de\\\/warum-bodo-infrastruktur-ist-nicht-nur-ki\\\/#primaryimage\",\"url\":\"https:\\\/\\\/bodo-ticketing.com\\\/wp-content\\\/uploads\\\/2026\\\/02\\\/Warum-das-Bodo-E-Mail-Ticket-System-Infrastruktur-und-mehr-als-KI-ist-2.jpg\",\"contentUrl\":\"https:\\\/\\\/bodo-ticketing.com\\\/wp-content\\\/uploads\\\/2026\\\/02\\\/Warum-das-Bodo-E-Mail-Ticket-System-Infrastruktur-und-mehr-als-KI-ist-2.jpg\"},{\"@type\":\"BreadcrumbList\",\"@id\":\"https:\\\/\\\/bodo-ticketing.com\\\/de\\\/warum-bodo-infrastruktur-ist-nicht-nur-ki\\\/#breadcrumb\",\"itemListElement\":[{\"@type\":\"ListItem\",\"position\":1,\"name\":\"Home\",\"item\":\"https:\\\/\\\/bodo-ticketing.com\\\/de\\\/\"},{\"@type\":\"ListItem\",\"position\":2,\"name\":\"Warum Bodo Infrastruktur ist \u2013 nicht nur KI\"}]},{\"@type\":\"WebSite\",\"@id\":\"https:\\\/\\\/bodo-ticketing.com\\\/de\\\/#website\",\"url\":\"https:\\\/\\\/bodo-ticketing.com\\\/de\\\/\",\"name\":\"Bodo Mail AI Ticketing System\",\"description\":\"The Clever Mail Ticketing System with AI-Powered(ChatGPT) Text Editing Integration\",\"publisher\":{\"@id\":\"https:\\\/\\\/bodo-ticketing.com\\\/de\\\/#organization\"},\"potentialAction\":[{\"@type\":\"SearchAction\",\"target\":{\"@type\":\"EntryPoint\",\"urlTemplate\":\"https:\\\/\\\/bodo-ticketing.com\\\/de\\\/?s={search_term_string}\"},\"query-input\":{\"@type\":\"PropertyValueSpecification\",\"valueRequired\":true,\"valueName\":\"search_term_string\"}}],\"inLanguage\":\"de\"},{\"@type\":\"Organization\",\"@id\":\"https:\\\/\\\/bodo-ticketing.com\\\/de\\\/#organization\",\"name\":\"Bodo Ticketing Solutions\",\"url\":\"https:\\\/\\\/bodo-ticketing.com\\\/de\\\/\",\"logo\":{\"@type\":\"ImageObject\",\"inLanguage\":\"de\",\"@id\":\"https:\\\/\\\/bodo-ticketing.com\\\/de\\\/#\\\/schema\\\/logo\\\/image\\\/\",\"url\":\"https:\\\/\\\/bodo-ticketing.com\\\/wp-content\\\/uploads\\\/2026\\\/02\\\/bodo-logo-tagline-en-stretched.svg\",\"contentUrl\":\"https:\\\/\\\/bodo-ticketing.com\\\/wp-content\\\/uploads\\\/2026\\\/02\\\/bodo-logo-tagline-en-stretched.svg\",\"caption\":\"Bodo Ticketing Solutions\"},\"image\":{\"@id\":\"https:\\\/\\\/bodo-ticketing.com\\\/de\\\/#\\\/schema\\\/logo\\\/image\\\/\"}}]}<\/script>\n<!-- \/ Yoast SEO plugin. -->","yoast_head_json":{"title":"Warum Bodo E-Mail-Ticketing Infrastruktur ist \u2013 nicht nur KI","description":"Bodo E-Mail-Ticketing ist kein Prompt-basiertes KI-Tool. Es ist eine Support-Infrastruktur, die seit 2010 im realen Einsatz verfeinert wurde \u2013 strukturiert, stabil und durch KI erweitert.","robots":{"index":"index","follow":"follow","max-snippet":"max-snippet:-1","max-image-preview":"max-image-preview:large","max-video-preview":"max-video-preview:-1"},"canonical":"https:\/\/bodo-ticketing.com\/de\/warum-bodo-infrastruktur-ist-nicht-nur-ki\/","og_locale":"de_DE","og_type":"article","og_title":"Warum Bodo E-Mail-Ticketing Infrastruktur ist \u2013 nicht nur KI","og_description":"Bodo E-Mail-Ticketing ist kein Prompt-basiertes KI-Tool. Es ist eine Support-Infrastruktur, die seit 2010 im realen Einsatz verfeinert wurde \u2013 strukturiert, stabil und durch KI erweitert.","og_url":"https:\/\/bodo-ticketing.com\/de\/warum-bodo-infrastruktur-ist-nicht-nur-ki\/","og_site_name":"BODO Mail Ticketing System","article_modified_time":"2026-02-18T09:58:03+00:00","og_image":[{"url":"https:\/\/bodo-ticketing.com\/wp-content\/uploads\/2026\/02\/Warum-das-Bodo-E-Mail-Ticket-System-Infrastruktur-und-mehr-als-KI-ist-2.jpg","type":"","width":"","height":""}],"twitter_card":"summary_large_image","twitter_misc":{"Gesch\u00e4tzte Lesezeit":"3\u00a0Minuten"},"schema":{"@context":"https:\/\/schema.org","@graph":[{"@type":"WebPage","@id":"https:\/\/bodo-ticketing.com\/de\/warum-bodo-infrastruktur-ist-nicht-nur-ki\/","url":"https:\/\/bodo-ticketing.com\/de\/warum-bodo-infrastruktur-ist-nicht-nur-ki\/","name":"Warum Bodo E-Mail-Ticketing Infrastruktur ist \u2013 nicht nur KI","isPartOf":{"@id":"https:\/\/bodo-ticketing.com\/de\/#website"},"primaryImageOfPage":{"@id":"https:\/\/bodo-ticketing.com\/de\/warum-bodo-infrastruktur-ist-nicht-nur-ki\/#primaryimage"},"image":{"@id":"https:\/\/bodo-ticketing.com\/de\/warum-bodo-infrastruktur-ist-nicht-nur-ki\/#primaryimage"},"thumbnailUrl":"https:\/\/bodo-ticketing.com\/wp-content\/uploads\/2026\/02\/Warum-das-Bodo-E-Mail-Ticket-System-Infrastruktur-und-mehr-als-KI-ist-2.jpg","datePublished":"2026-02-17T22:56:43+00:00","dateModified":"2026-02-18T09:58:03+00:00","description":"Bodo E-Mail-Ticketing ist kein Prompt-basiertes KI-Tool. Es ist eine Support-Infrastruktur, die seit 2010 im realen Einsatz verfeinert wurde \u2013 strukturiert, stabil und durch KI erweitert.","breadcrumb":{"@id":"https:\/\/bodo-ticketing.com\/de\/warum-bodo-infrastruktur-ist-nicht-nur-ki\/#breadcrumb"},"inLanguage":"de","potentialAction":[{"@type":"ReadAction","target":["https:\/\/bodo-ticketing.com\/de\/warum-bodo-infrastruktur-ist-nicht-nur-ki\/"]}]},{"@type":"ImageObject","inLanguage":"de","@id":"https:\/\/bodo-ticketing.com\/de\/warum-bodo-infrastruktur-ist-nicht-nur-ki\/#primaryimage","url":"https:\/\/bodo-ticketing.com\/wp-content\/uploads\/2026\/02\/Warum-das-Bodo-E-Mail-Ticket-System-Infrastruktur-und-mehr-als-KI-ist-2.jpg","contentUrl":"https:\/\/bodo-ticketing.com\/wp-content\/uploads\/2026\/02\/Warum-das-Bodo-E-Mail-Ticket-System-Infrastruktur-und-mehr-als-KI-ist-2.jpg"},{"@type":"BreadcrumbList","@id":"https:\/\/bodo-ticketing.com\/de\/warum-bodo-infrastruktur-ist-nicht-nur-ki\/#breadcrumb","itemListElement":[{"@type":"ListItem","position":1,"name":"Home","item":"https:\/\/bodo-ticketing.com\/de\/"},{"@type":"ListItem","position":2,"name":"Warum Bodo Infrastruktur ist \u2013 nicht nur KI"}]},{"@type":"WebSite","@id":"https:\/\/bodo-ticketing.com\/de\/#website","url":"https:\/\/bodo-ticketing.com\/de\/","name":"Bodo Mail AI Ticketing System","description":"The Clever Mail Ticketing System with AI-Powered(ChatGPT) Text Editing Integration","publisher":{"@id":"https:\/\/bodo-ticketing.com\/de\/#organization"},"potentialAction":[{"@type":"SearchAction","target":{"@type":"EntryPoint","urlTemplate":"https:\/\/bodo-ticketing.com\/de\/?s={search_term_string}"},"query-input":{"@type":"PropertyValueSpecification","valueRequired":true,"valueName":"search_term_string"}}],"inLanguage":"de"},{"@type":"Organization","@id":"https:\/\/bodo-ticketing.com\/de\/#organization","name":"Bodo Ticketing Solutions","url":"https:\/\/bodo-ticketing.com\/de\/","logo":{"@type":"ImageObject","inLanguage":"de","@id":"https:\/\/bodo-ticketing.com\/de\/#\/schema\/logo\/image\/","url":"https:\/\/bodo-ticketing.com\/wp-content\/uploads\/2026\/02\/bodo-logo-tagline-en-stretched.svg","contentUrl":"https:\/\/bodo-ticketing.com\/wp-content\/uploads\/2026\/02\/bodo-logo-tagline-en-stretched.svg","caption":"Bodo Ticketing Solutions"},"image":{"@id":"https:\/\/bodo-ticketing.com\/de\/#\/schema\/logo\/image\/"}}]}},"uagb_featured_image_src":{"full":false,"thumbnail":false,"medium":false,"medium_large":false,"large":false,"1536x1536":false,"2048x2048":false},"uagb_author_info":{"display_name":"Andreas Kr\u00e4mer","author_link":"https:\/\/bodo-ticketing.com\/de\/author\/36h2p3mf4gzv\/"},"uagb_comment_info":0,"uagb_excerpt":"Warum Bodo Warum Bodo Infrastruktur ist \u2013 nicht nur KI K\u00fcnstliche Intelligenz transformiert die Softwareentwicklung. Sie kann Code generieren, E-Mails [&hellip;]","_links":{"self":[{"href":"https:\/\/bodo-ticketing.com\/de\/wp-json\/wp\/v2\/pages\/27655","targetHints":{"allow":["GET"]}}],"collection":[{"href":"https:\/\/bodo-ticketing.com\/de\/wp-json\/wp\/v2\/pages"}],"about":[{"href":"https:\/\/bodo-ticketing.com\/de\/wp-json\/wp\/v2\/types\/page"}],"author":[{"embeddable":true,"href":"https:\/\/bodo-ticketing.com\/de\/wp-json\/wp\/v2\/users\/3"}],"replies":[{"embeddable":true,"href":"https:\/\/bodo-ticketing.com\/de\/wp-json\/wp\/v2\/comments?post=27655"}],"version-history":[{"count":2,"href":"https:\/\/bodo-ticketing.com\/de\/wp-json\/wp\/v2\/pages\/27655\/revisions"}],"predecessor-version":[{"id":27659,"href":"https:\/\/bodo-ticketing.com\/de\/wp-json\/wp\/v2\/pages\/27655\/revisions\/27659"}],"wp:attachment":[{"href":"https:\/\/bodo-ticketing.com\/de\/wp-json\/wp\/v2\/media?parent=27655"}],"curies":[{"name":"wp","href":"https:\/\/api.w.org\/{rel}","templated":true}]}}