{"id":26799,"date":"2024-09-21T10:23:12","date_gmt":"2024-09-21T10:23:12","guid":{"rendered":"https:\/\/bodo-ticketing.com\/ki-ticketing-effiziente-e-mail-kommunikation-kundensupport\/"},"modified":"2025-12-19T22:47:00","modified_gmt":"2025-12-19T22:47:00","slug":"ki-ticketing-effiziente-e-mail-kommunikation-kundensupport","status":"publish","type":"page","link":"https:\/\/bodo-ticketing.com\/de\/ki-ticketing-effiziente-e-mail-kommunikation-kundensupport\/","title":{"rendered":"KI-Ticketing \u2013 Effiziente E-Mail-Kommunikation &amp; Kundensupport"},"content":{"rendered":"\n<div class=\"wp-block-uagb-container uagb-block-or3ivxep alignfull uagb-is-root-container\"><div class=\"uagb-container-inner-blocks-wrap\">\n<div class=\"wp-block-uagb-info-box uagb-block-ovvt6802 uagb-infobox__content-wrap  uagb-infobox-icon-above-title uagb-infobox-image-valign-top\"><div class=\"uagb-ifb-content\"><div class=\"uagb-ifb-title-wrap\"><p class=\"uagb-ifb-title-prefix\">WARUM BODO?<\/p><h1 class=\"uagb-ifb-title\">Optimieren Sie Ihre Kundenkommunikation mit Bodo AI E-Mail-Ticketing<\/h1><\/div><\/div><\/div>\n<\/div><\/div>\n\n\n\n<div class=\"wp-block-uagb-advanced-heading uagb-block-68890a9b\"><h2 class=\"uagb-heading-text\">Was ist Ticketing?<\/h2><\/div>\n\n\n\n<p>Ticketing ist das Herzst\u00fcck moderner Kundenkommunikation und Support-Management. Indem Kundanfragen in handhabbare \u201eTickets\u201c umgewandelt werden, erleichtern Ticketing-Systeme das Verfolgen, Beantworten und L\u00f6sen von Problemen auf organisierte Weise. Jedes Ticket repr\u00e4sentiert eine spezifische Interaktion, wodurch Unternehmen ihre Antwort-Workflows optimieren k\u00f6nnen.<\/p>\n\n\n\n<p>In der heutigen schnelllebigen Welt ist die Bereitstellung eines schnellen und effektiven Kundenservice unerl\u00e4sslich. Ticketing-Systeme zentralisieren alle Kundenanfragen, wodurch es f\u00fcr Unternehmen einfacher wird, den \u00dcberblick \u00fcber die Kommunikation zu behalten, Follow-ups sicherzustellen und hohe Servicestandards aufrechtzuerhalten. Dies ist besonders vorteilhaft f\u00fcr spezialisierte Bereiche, einschlie\u00dflich <a href=\"https:\/\/bodo-ticketing.com\/de\/bodo-das-intelligente-e-mail-ticketing-system-fuer-steuerberater-und-treuhaender-mit-chatgpt-ki-integration\/\">Steuerberater<\/a>, <a href=\"https:\/\/bodo-ticketing.com\/de\/umfassendes-ticketing-fuer-haartransplantations-und-schoenheitskliniken\/\">Haartransplantationskliniken &amp; Sch\u00f6nheitskliniken<\/a>, wo organisierte Kommunikation und pr\u00e4zise Nachverfolgung entscheidend sind.<\/p>\n\n\n\n<h2 class=\"wp-block-heading\">Bodo revolutioniert Ticketing und Kundensupport<\/h2>\n\n\n\n<p><p><\/p><p>Bodo hebt das Konzept des Ticketings auf die n\u00e4chste Stufe. Im Gegensatz zu vielen traditionellen Systemen, die f\u00fcr jede Kundeninteraktion neue Tickets erstellen, zentralisiert Bodo die gesamte Korrespondenz innerhalb eines einzigen Tickets. Unabh\u00e4ngig davon, ob Ihr Kunde mit einer neuen Betreffzeile oder sogar von einer anderen E-Mail-Adresse antwortet, stellt Bodo sicher, dass die Konversation innerhalb des urspr\u00fcnglichen Tickets organisiert bleibt. Diese Funktion ist von unsch\u00e4tzbarem Wert f\u00fcr Steuerberater, die komplexe Kundenanfragen verwalten, sowie f\u00fcr Haartransplantations- und Sch\u00f6nheitskliniken, die langfristige Patientenbeziehungen pflegen.<\/p><\/p>\n\n\n\n<h2 class=\"wp-block-heading\">Vereinfachter Workflow mit offenen und geschlossenen Tickets<\/h2>\n\n\n\n<p><p><\/p><p>Mit Bodo ist der Workflow einfach: Tickets sind entweder \u201eoffen\u201c oder \u201egeschlossen\u201c. Dieses bin\u00e4re System hilft Ihnen, den \u00dcberblick \u00fcber ungel\u00f6ste Anfragen zu behalten und gleichzeitig einen schnellen visuellen \u00dcberblick dar\u00fcber zu erhalten, was Aufmerksamkeit ben\u00f6tigt. Sobald ein Ticket gel\u00f6st ist, kann es einfach geschlossen werden, um sicherzustellen, dass nichts \u00fcbersehen wird. Dieses unkomplizierte System eignet sich f\u00fcr stark nachgefragte Bereiche wie Steuerberatung, Haartransplantationskliniken und Sch\u00f6nheitskliniken, in denen Effizienz entscheidend ist.<\/p><\/p>\n\n\n\n<h2 class=\"wp-block-heading\">Nahtlose KI-Chatbot-Integration f\u00fcr Instagram &amp; WhatsApp<\/h2>\n\n\n\n<p>Bodo entwickelt sich weiter, um Ihre Kommunikationsbed\u00fcrfnisse zu erf\u00fcllen. W\u00e4hrend Bodo weiterhin E-Mail-basiert ist, automatisiert der Bodo AI Chatbot jetzt Antworten auf Instagram &amp; WhatsApp und gew\u00e4hrleistet so sofortige Antworten auf Kundenanfragen. Anstatt Nachrichten manuell \u00fcber verschiedene Plattformen hinweg zu bearbeiten, werden alle Anfragen effizient an Ihren zentralen E-Mail-Posteingang in Bodo weitergeleitet, wo Sie sie nahtlos verwalten k\u00f6nnen.<\/p>\n\n\n\n<p><strong>Verabschieden Sie sich von verstreuten Konversationen \u2013 optimieren Sie alles mit Bodo!<\/strong><\/p>\n\n\n\n<p>\ud83d\udc49 Erfahren Sie <a href=\"https:\/\/bodo-ticketing.com\/de\/zukunft-ki-chatbot-gestuetzte-whatsapp-und-instagram-integration-mit-bodo\/\">hier<\/a> mehr \u00fcber den Bodo AI Chatbot<\/p>\n\n\n\n<h2 class=\"wp-block-heading\">Kontextpflege mit Kundenhistorie<\/h2>\n\n\n\n<p><p><\/p><p>Alle vergangenen Interaktionen mit Kunden werden in einem einzigen Ticket gespeichert. Das bedeutet, egal wie weit Sie zur\u00fcckblicken m\u00fcssen, die vollst\u00e4ndige Kommunikationshistorie ist immer griffbereit. Ob es sich um eine E-Mail von vor zwei Jahren oder ein kurzes Follow-up handelt, Bodo stellt sicher, dass Sie nie den \u00dcberblick \u00fcber wichtige Konversationen verlieren. F\u00fcr Fachleute wie Steuerberater, Haartransplantationsspezialisten und Mitarbeiter von Sch\u00f6nheitskliniken bietet diese Funktion unsch\u00e4tzbare Kontinuit\u00e4t und Organisation. <\/p><\/p>\n\n\n\n<h2 class=\"wp-block-heading\">Ma\u00dfgeschneiderte Flexibilit\u00e4t und Personalisierung<\/h2>\n\n\n\n<p>Bodo erm\u00f6glicht personalisierte Betreffzeilen und vermeidet das starre Format typischer Ticketing-Systeme, die auf statischen Ticketnummern basieren. Diese Flexibilit\u00e4t gew\u00e4hrleistet eine pers\u00f6nlichere und professionellere Note in Ihrer Kommunikation, ohne die Effizienz und Verfolgung von Kundenanfragen zu beeintr\u00e4chtigen.<\/p>\n\n\n\n<h2 class=\"wp-block-heading\">Erweitert mit k\u00fcnstlicher Intelligenz &#8211; das Bodo AI Ticketing &amp; ChatGPT Editor, perfekt f\u00fcr E-Mail-Kommunikation<\/h2>\n\n\n\n<p>Die Integration von k\u00fcnstlicher Intelligenz in Bodo hebt Ihr Ticketing-System auf die n\u00e4chste Stufe. Mit Funktionen wie automatischen Textvorschl\u00e4gen, Grammatikkorrekturen und \u00dcbersetzungsfunktionen, die direkt in den Ticket-Editor eingebettet sind, optimieren diese <strong>KI-gest\u00fctzten Tools<\/strong> Ihren Workflow und gew\u00e4hrleisten gleichzeitig qualitativ hochwertige Antworten, perfekt f\u00fcr die E-Mail-Kommunikation. Erfahren Sie mehr dar\u00fcber, wie der <a href=\"https:\/\/bodo-ticketing.com\/de\/bodo-ai-ticketing-chatgpt-editor\/\"><strong>Bodo AI Ticketing &amp; ChatGPT Editor<\/strong><\/a> Ihre Kommunikation optimieren kann.<\/p>\n\n\n\n<h2 class=\"wp-block-heading\">Eine \u00dcbersicht, die Zeit spart und Stress reduziert<\/h2>\n\n\n\n<p><p><\/p><p>Da alles in einem System zentralisiert ist, reduziert Bodo die Notwendigkeit des manuellen Sortierens und Reorganisierens von Kundenkommunikationen. Ob E-Mail, Bilder oder wichtige Notizen, alle notwendigen Daten sind leicht zug\u00e4nglich und \u00fcbersichtlich organisiert und bieten eine L\u00f6sung, die Zeit spart und den Stress der Verwaltung mehrerer Kommunikationsstr\u00f6me f\u00fcr Fachleute in den Bereichen Steuerberatung, Haartransplantation und Kosmetik reduziert.<\/p><\/p>\n","protected":false},"excerpt":{"rendered":"<p>Was ist Ticketing? Ticketing ist das Herzst\u00fcck moderner Kundenkommunikation und Support-Management. Indem Kundanfragen in handhabbare \u201eTickets\u201c umgewandelt werden, erleichtern Ticketing-Systeme [&hellip;]<\/p>\n","protected":false},"author":3,"featured_media":0,"parent":0,"menu_order":0,"comment_status":"closed","ping_status":"closed","template":"","meta":{"_uag_custom_page_level_css":"","site-sidebar-layout":"default","site-content-layout":"","ast-site-content-layout":"","site-content-style":"default","site-sidebar-style":"default","ast-global-header-display":"","ast-banner-title-visibility":"","ast-main-header-display":"","ast-hfb-above-header-display":"","ast-hfb-below-header-display":"","ast-hfb-mobile-header-display":"","site-post-title":"","ast-breadcrumbs-content":"","ast-featured-img":"","footer-sml-layout":"","ast-disable-related-posts":"","theme-transparent-header-meta":"","adv-header-id-meta":"","stick-header-meta":"","header-above-stick-meta":"","header-main-stick-meta":"","header-below-stick-meta":"","astra-migrate-meta-layouts":"default","ast-page-background-enabled":"default","ast-page-background-meta":{"desktop":{"background-color":"var(--ast-global-color-4)","background-image":"","background-repeat":"repeat","background-position":"center center","background-size":"auto","background-attachment":"scroll","background-type":"","background-media":"","overlay-type":"","overlay-color":"","overlay-opacity":"","overlay-gradient":""},"tablet":{"background-color":"","background-image":"","background-repeat":"repeat","background-position":"center center","background-size":"auto","background-attachment":"scroll","background-type":"","background-media":"","overlay-type":"","overlay-color":"","overlay-opacity":"","overlay-gradient":""},"mobile":{"background-color":"","background-image":"","background-repeat":"repeat","background-position":"center center","background-size":"auto","background-attachment":"scroll","background-type":"","background-media":"","overlay-type":"","overlay-color":"","overlay-opacity":"","overlay-gradient":""}},"ast-content-background-meta":{"desktop":{"background-color":"var(--ast-global-color-5)","background-image":"","background-repeat":"repeat","background-position":"center center","background-size":"auto","background-attachment":"scroll","background-type":"","background-media":"","overlay-type":"","overlay-color":"","overlay-opacity":"","overlay-gradient":""},"tablet":{"background-color":"var(--ast-global-color-5)","background-image":"","background-repeat":"repeat","background-position":"center center","background-size":"auto","background-attachment":"scroll","background-type":"","background-media":"","overlay-type":"","overlay-color":"","overlay-opacity":"","overlay-gradient":""},"mobile":{"background-color":"var(--ast-global-color-5)","background-image":"","background-repeat":"repeat","background-position":"center center","background-size":"auto","background-attachment":"scroll","background-type":"","background-media":"","overlay-type":"","overlay-color":"","overlay-opacity":"","overlay-gradient":""}},"footnotes":""},"class_list":["post-26799","page","type-page","status-publish","hentry"],"yoast_head":"<!-- This site is optimized with the Yoast SEO plugin v27.3 - https:\/\/yoast.com\/product\/yoast-seo-wordpress\/ -->\n<title>KI-gest\u00fctztes Ticketing - Effiziente E-Mail-Kommunikation &amp; Kundensupport<\/title>\n<meta name=\"description\" content=\"KI-gest\u00fctztes Ticketing mit ChatGPT f\u00fcr effiziente E-Mail-Kommunikation &amp; Kundensupport. Zentralisieren Sie Interaktionen &amp; verbessern Sie die Reaktionszeiten.\" \/>\n<meta name=\"robots\" content=\"index, follow, max-snippet:-1, max-image-preview:large, max-video-preview:-1\" \/>\n<link rel=\"canonical\" href=\"https:\/\/bodo-ticketing.com\/de\/ki-ticketing-effiziente-e-mail-kommunikation-kundensupport\/\" \/>\n<meta property=\"og:locale\" content=\"de_DE\" \/>\n<meta property=\"og:type\" content=\"article\" \/>\n<meta property=\"og:title\" content=\"KI-gest\u00fctztes Ticketing - Effiziente E-Mail-Kommunikation &amp; Kundensupport\" \/>\n<meta property=\"og:description\" content=\"KI-gest\u00fctztes Ticketing mit ChatGPT f\u00fcr effiziente E-Mail-Kommunikation &amp; Kundensupport. Zentralisieren Sie Interaktionen &amp; verbessern Sie die Reaktionszeiten.\" \/>\n<meta property=\"og:url\" content=\"https:\/\/bodo-ticketing.com\/de\/ki-ticketing-effiziente-e-mail-kommunikation-kundensupport\/\" \/>\n<meta property=\"og:site_name\" content=\"BODO Mail Ticketing System\" \/>\n<meta property=\"article:modified_time\" content=\"2025-12-19T22:47:00+00:00\" \/>\n<meta name=\"twitter:card\" content=\"summary_large_image\" \/>\n<meta name=\"twitter:label1\" content=\"Gesch\u00e4tzte Lesezeit\" \/>\n\t<meta name=\"twitter:data1\" content=\"4\u00a0Minuten\" \/>\n<script type=\"application\/ld+json\" class=\"yoast-schema-graph\">{\"@context\":\"https:\\\/\\\/schema.org\",\"@graph\":[{\"@type\":\"WebPage\",\"@id\":\"https:\\\/\\\/bodo-ticketing.com\\\/de\\\/ki-ticketing-effiziente-e-mail-kommunikation-kundensupport\\\/\",\"url\":\"https:\\\/\\\/bodo-ticketing.com\\\/de\\\/ki-ticketing-effiziente-e-mail-kommunikation-kundensupport\\\/\",\"name\":\"KI-gest\u00fctztes Ticketing - Effiziente E-Mail-Kommunikation & Kundensupport\",\"isPartOf\":{\"@id\":\"https:\\\/\\\/bodo-ticketing.com\\\/de\\\/#website\"},\"datePublished\":\"2024-09-21T10:23:12+00:00\",\"dateModified\":\"2025-12-19T22:47:00+00:00\",\"description\":\"KI-gest\u00fctztes Ticketing mit ChatGPT f\u00fcr effiziente E-Mail-Kommunikation & Kundensupport. Zentralisieren Sie Interaktionen & verbessern Sie die Reaktionszeiten.\",\"breadcrumb\":{\"@id\":\"https:\\\/\\\/bodo-ticketing.com\\\/de\\\/ki-ticketing-effiziente-e-mail-kommunikation-kundensupport\\\/#breadcrumb\"},\"inLanguage\":\"de\",\"potentialAction\":[{\"@type\":\"ReadAction\",\"target\":[\"https:\\\/\\\/bodo-ticketing.com\\\/de\\\/ki-ticketing-effiziente-e-mail-kommunikation-kundensupport\\\/\"]}]},{\"@type\":\"BreadcrumbList\",\"@id\":\"https:\\\/\\\/bodo-ticketing.com\\\/de\\\/ki-ticketing-effiziente-e-mail-kommunikation-kundensupport\\\/#breadcrumb\",\"itemListElement\":[{\"@type\":\"ListItem\",\"position\":1,\"name\":\"Home\",\"item\":\"https:\\\/\\\/bodo-ticketing.com\\\/de\\\/\"},{\"@type\":\"ListItem\",\"position\":2,\"name\":\"KI-Ticketing \u2013 Effiziente E-Mail-Kommunikation &amp; Kundensupport\"}]},{\"@type\":\"WebSite\",\"@id\":\"https:\\\/\\\/bodo-ticketing.com\\\/de\\\/#website\",\"url\":\"https:\\\/\\\/bodo-ticketing.com\\\/de\\\/\",\"name\":\"Bodo Mail AI Ticketing System\",\"description\":\"The Clever Mail Ticketing System with AI-Powered(ChatGPT) Text Editing Integration\",\"publisher\":{\"@id\":\"https:\\\/\\\/bodo-ticketing.com\\\/de\\\/#organization\"},\"potentialAction\":[{\"@type\":\"SearchAction\",\"target\":{\"@type\":\"EntryPoint\",\"urlTemplate\":\"https:\\\/\\\/bodo-ticketing.com\\\/de\\\/?s={search_term_string}\"},\"query-input\":{\"@type\":\"PropertyValueSpecification\",\"valueRequired\":true,\"valueName\":\"search_term_string\"}}],\"inLanguage\":\"de\"},{\"@type\":\"Organization\",\"@id\":\"https:\\\/\\\/bodo-ticketing.com\\\/de\\\/#organization\",\"name\":\"Bodo Ticketing Solutions\",\"url\":\"https:\\\/\\\/bodo-ticketing.com\\\/de\\\/\",\"logo\":{\"@type\":\"ImageObject\",\"inLanguage\":\"de\",\"@id\":\"https:\\\/\\\/bodo-ticketing.com\\\/de\\\/#\\\/schema\\\/logo\\\/image\\\/\",\"url\":\"https:\\\/\\\/bodo-ticketing.com\\\/wp-content\\\/uploads\\\/2026\\\/02\\\/bodo-logo-tagline-en-stretched.svg\",\"contentUrl\":\"https:\\\/\\\/bodo-ticketing.com\\\/wp-content\\\/uploads\\\/2026\\\/02\\\/bodo-logo-tagline-en-stretched.svg\",\"caption\":\"Bodo Ticketing Solutions\"},\"image\":{\"@id\":\"https:\\\/\\\/bodo-ticketing.com\\\/de\\\/#\\\/schema\\\/logo\\\/image\\\/\"}}]}<\/script>\n<!-- \/ Yoast SEO plugin. -->","yoast_head_json":{"title":"KI-gest\u00fctztes Ticketing - Effiziente E-Mail-Kommunikation & Kundensupport","description":"KI-gest\u00fctztes Ticketing mit ChatGPT f\u00fcr effiziente E-Mail-Kommunikation & Kundensupport. Zentralisieren Sie Interaktionen & verbessern Sie die Reaktionszeiten.","robots":{"index":"index","follow":"follow","max-snippet":"max-snippet:-1","max-image-preview":"max-image-preview:large","max-video-preview":"max-video-preview:-1"},"canonical":"https:\/\/bodo-ticketing.com\/de\/ki-ticketing-effiziente-e-mail-kommunikation-kundensupport\/","og_locale":"de_DE","og_type":"article","og_title":"KI-gest\u00fctztes Ticketing - Effiziente E-Mail-Kommunikation & Kundensupport","og_description":"KI-gest\u00fctztes Ticketing mit ChatGPT f\u00fcr effiziente E-Mail-Kommunikation & Kundensupport. Zentralisieren Sie Interaktionen & verbessern Sie die Reaktionszeiten.","og_url":"https:\/\/bodo-ticketing.com\/de\/ki-ticketing-effiziente-e-mail-kommunikation-kundensupport\/","og_site_name":"BODO Mail Ticketing System","article_modified_time":"2025-12-19T22:47:00+00:00","twitter_card":"summary_large_image","twitter_misc":{"Gesch\u00e4tzte Lesezeit":"4\u00a0Minuten"},"schema":{"@context":"https:\/\/schema.org","@graph":[{"@type":"WebPage","@id":"https:\/\/bodo-ticketing.com\/de\/ki-ticketing-effiziente-e-mail-kommunikation-kundensupport\/","url":"https:\/\/bodo-ticketing.com\/de\/ki-ticketing-effiziente-e-mail-kommunikation-kundensupport\/","name":"KI-gest\u00fctztes Ticketing - Effiziente E-Mail-Kommunikation & Kundensupport","isPartOf":{"@id":"https:\/\/bodo-ticketing.com\/de\/#website"},"datePublished":"2024-09-21T10:23:12+00:00","dateModified":"2025-12-19T22:47:00+00:00","description":"KI-gest\u00fctztes Ticketing mit ChatGPT f\u00fcr effiziente E-Mail-Kommunikation & Kundensupport. Zentralisieren Sie Interaktionen & verbessern Sie die Reaktionszeiten.","breadcrumb":{"@id":"https:\/\/bodo-ticketing.com\/de\/ki-ticketing-effiziente-e-mail-kommunikation-kundensupport\/#breadcrumb"},"inLanguage":"de","potentialAction":[{"@type":"ReadAction","target":["https:\/\/bodo-ticketing.com\/de\/ki-ticketing-effiziente-e-mail-kommunikation-kundensupport\/"]}]},{"@type":"BreadcrumbList","@id":"https:\/\/bodo-ticketing.com\/de\/ki-ticketing-effiziente-e-mail-kommunikation-kundensupport\/#breadcrumb","itemListElement":[{"@type":"ListItem","position":1,"name":"Home","item":"https:\/\/bodo-ticketing.com\/de\/"},{"@type":"ListItem","position":2,"name":"KI-Ticketing \u2013 Effiziente E-Mail-Kommunikation &amp; Kundensupport"}]},{"@type":"WebSite","@id":"https:\/\/bodo-ticketing.com\/de\/#website","url":"https:\/\/bodo-ticketing.com\/de\/","name":"Bodo Mail AI Ticketing System","description":"The Clever Mail Ticketing System with AI-Powered(ChatGPT) Text Editing Integration","publisher":{"@id":"https:\/\/bodo-ticketing.com\/de\/#organization"},"potentialAction":[{"@type":"SearchAction","target":{"@type":"EntryPoint","urlTemplate":"https:\/\/bodo-ticketing.com\/de\/?s={search_term_string}"},"query-input":{"@type":"PropertyValueSpecification","valueRequired":true,"valueName":"search_term_string"}}],"inLanguage":"de"},{"@type":"Organization","@id":"https:\/\/bodo-ticketing.com\/de\/#organization","name":"Bodo Ticketing Solutions","url":"https:\/\/bodo-ticketing.com\/de\/","logo":{"@type":"ImageObject","inLanguage":"de","@id":"https:\/\/bodo-ticketing.com\/de\/#\/schema\/logo\/image\/","url":"https:\/\/bodo-ticketing.com\/wp-content\/uploads\/2026\/02\/bodo-logo-tagline-en-stretched.svg","contentUrl":"https:\/\/bodo-ticketing.com\/wp-content\/uploads\/2026\/02\/bodo-logo-tagline-en-stretched.svg","caption":"Bodo Ticketing Solutions"},"image":{"@id":"https:\/\/bodo-ticketing.com\/de\/#\/schema\/logo\/image\/"}}]}},"uagb_featured_image_src":{"full":false,"thumbnail":false,"medium":false,"medium_large":false,"large":false,"1536x1536":false,"2048x2048":false},"uagb_author_info":{"display_name":"Andreas Kr\u00e4mer","author_link":"https:\/\/bodo-ticketing.com\/de\/author\/36h2p3mf4gzv\/"},"uagb_comment_info":0,"uagb_excerpt":"Was ist Ticketing? Ticketing ist das Herzst\u00fcck moderner Kundenkommunikation und Support-Management. Indem Kundanfragen in handhabbare \u201eTickets\u201c umgewandelt werden, erleichtern Ticketing-Systeme [&hellip;]","_links":{"self":[{"href":"https:\/\/bodo-ticketing.com\/de\/wp-json\/wp\/v2\/pages\/26799","targetHints":{"allow":["GET"]}}],"collection":[{"href":"https:\/\/bodo-ticketing.com\/de\/wp-json\/wp\/v2\/pages"}],"about":[{"href":"https:\/\/bodo-ticketing.com\/de\/wp-json\/wp\/v2\/types\/page"}],"author":[{"embeddable":true,"href":"https:\/\/bodo-ticketing.com\/de\/wp-json\/wp\/v2\/users\/3"}],"replies":[{"embeddable":true,"href":"https:\/\/bodo-ticketing.com\/de\/wp-json\/wp\/v2\/comments?post=26799"}],"version-history":[{"count":4,"href":"https:\/\/bodo-ticketing.com\/de\/wp-json\/wp\/v2\/pages\/26799\/revisions"}],"predecessor-version":[{"id":27107,"href":"https:\/\/bodo-ticketing.com\/de\/wp-json\/wp\/v2\/pages\/26799\/revisions\/27107"}],"wp:attachment":[{"href":"https:\/\/bodo-ticketing.com\/de\/wp-json\/wp\/v2\/media?parent=26799"}],"curies":[{"name":"wp","href":"https:\/\/api.w.org\/{rel}","templated":true}]}}