{"id":26795,"date":"2024-09-15T20:40:18","date_gmt":"2024-09-15T20:40:18","guid":{"rendered":"https:\/\/bodo-ticketing.com\/ueber-andreas-kraemer\/lebenslauf-cv-andreas-kraemer\/"},"modified":"2025-12-01T17:29:39","modified_gmt":"2025-12-01T17:29:39","slug":"lebenslauf-cv-andreas-kraemer","status":"publish","type":"page","link":"https:\/\/bodo-ticketing.com\/de\/ueber-andreas-kraemer\/lebenslauf-cv-andreas-kraemer\/","title":{"rendered":"Lebenslauf (CV) Andreas Kr\u00e4mer"},"content":{"rendered":"\n<div class=\"wp-block-uagb-image uagb-block-053ebfaa wp-block-uagb-image--layout-default wp-block-uagb-image--effect-static wp-block-uagb-image--align-none\"><figure class=\"wp-block-uagb-image__figure\"><img decoding=\"async\" srcset=\"https:\/\/bodo-ticketing.com\/wp-content\/uploads\/2024\/09\/Curriculum-Vitae-CV-Andreas-Kraemer-1.png ,https:\/\/bodo-ticketing.com\/wp-content\/uploads\/2024\/09\/Curriculum-Vitae-CV-Andreas-Kraemer-1.png 780w, https:\/\/bodo-ticketing.com\/wp-content\/uploads\/2024\/09\/Curriculum-Vitae-CV-Andreas-Kraemer-1.png 360w\" sizes=\"auto, (max-width: 480px) 150px\" src=\"https:\/\/bodo-ticketing.com\/wp-content\/uploads\/2024\/09\/Curriculum-Vitae-CV-Andreas-Kraemer-1.png\" alt=\"\" class=\"uag-image-576\" width=\"520\" height=\"786\" title=\"Curriculum Vitae-CV-Andreas-Kraemer-1\" loading=\"lazy\" role=\"img\"><figcaption class=\"uagb-image-caption\">Andreas Kr\u00e4mer<\/figcaption><\/figure><\/div>\n\n<h3 class=\"wp-block-heading\">Pers\u00f6nliche Daten<\/h3>\n\n<p><strong>Name: Andreas Kr\u00e4mer<\/strong><br\/><strong>Geburtsdatum:<\/strong> 24. Juni 1974<br\/><strong>Geburtsort:<\/strong> Saarbr\u00fccken, Deutschland<\/p>\n\n<h3 class=\"wp-block-heading\">Ausbildung<\/h3>\n\n<ul class=\"wp-block-list\">\n<li>1994: Abschluss an der \u201eH\u00f6heren Handelsschule\u201c in Saarbr\u00fccken<\/li>\n\n\n\n<li>1996: Abschluss der Ausbildung zum Industriekaufmann in Saarbr\u00fccken<\/li>\n\n\n\n<li>2001: Umschulung zum Versicherungskaufmann mit Abschluss<\/li>\n<\/ul>\n\n<h3 class=\"wp-block-heading\">Berufserfahrung<\/h3>\n\n<ul class=\"wp-block-list\">\n<li>1996 &#8211; 2001: T\u00e4tigkeit als Industriekaufmann im Familienunternehmen<\/li>\n\n\n\n<li>2004: Gr\u00fcndung von Hairforlife (https:\/\/hairforlife-international.com, https:\/\/haartransplantation.de), einem Beratungsunternehmen f\u00fcr Haartransplantationen<\/li>\n\n\n\n<li>2009: Beginn der Entwicklung der hauseigenen Ticketing-Software<\/li>\n\n\n\n<li>2012: Gr\u00fcndung der Propatient Beratungsstelle www.propatient-beratungsstelle.de in Zusammenarbeit mit Rechtsanwalt Christoph Bomke<\/li>\n\n\n\n<li>2015: Gr\u00fcndung des Hair Transplant Training Center www.hairtransplant-trainingcenter.com in Zusammenarbeit mit der Hairline Clinic\/Dr. \u00d6zg\u00fcr und Dr. John Cole <\/li>\n\n\n\n<li>2021: Mitautor des Patientenratgebers \u201eHaartransplantation \u2013 Der komplette Ratgeber\u201c Alliance4 Hair https:\/\/alliance4hair.com\/wp-content\/uploads\/2021\/04\/Guide.pdf<\/li>\n\n\n\n<li>Oktober 2024: Markteinf\u00fchrung von Bodo \u2013 Das clevere Ticketing-System<\/li>\n<\/ul>\n\n<h3 class=\"wp-block-heading\">Erfahrung und Engagement<\/h3>\n\n<ul class=\"wp-block-list\">\n<li>Seit 1997: Intensive Besch\u00e4ftigung mit allen Themen rund um Haarausfall und Haartransplantation<\/li>\n\n\n\n<li>Seit 2004: Begleitung von Personen auf ihrem Weg zu einer erfolgreichen Haartransplantation<\/li>\n\n\n\n<li>Regelm\u00e4\u00dfige Besuche: Teilnahme an Haartransplantationskongressen, Besuche bei \u00c4rzten und Kliniken weltweit, inklusive Beobachtung von Live-Operationen https:\/\/haartransplantation.de\/klinikbesuche-hairforlife-andreas-kraemer\/<\/li>\n\n\n\n<li>Medienpr\u00e4senz: \u00dcber 20 Jahre TV-Auftritte auf Sendern wie Sat 1, SWR, ZDF sowie in der Schweiz auf SFR und Tele Z\u00fcri<\/li>\n<\/ul>\n\n<h3 class=\"wp-block-heading\">Entwicklung von Bodo \u2013 Das clevere Ticketing-System<\/h3>\n\n<ul class=\"wp-block-list\">\n<li>Juni 2010: Initiierung der Entwicklung der Ticketing-Software, um den hohen Anforderungen und dem Anfragenaufkommen in der Haartransplantationsbranche gerecht zu werden.<\/li>\n\n\n\n<li>Die Software wurde \u00fcber einen Zeitraum von mehr als 15 Jahren kontinuierlich optimiert und weiterentwickelt, um ein effizientes System zur Verwaltung von E-Mails und Nachrichten zu schaffen.<\/li>\n\n\n\n<li>Oktober 2024: Beginn der Vermarktung von Bodo, einem ma\u00dfgeschneiderten System, das auch von renommierten Kliniken wie der HLC Clinic in der T\u00fcrkei und Dr. Lars Heitmann genutzt wird.<\/li>\n<\/ul>\n","protected":false},"excerpt":{"rendered":"<p>Pers\u00f6nliche Daten Name: Andreas Kr\u00e4merGeburtsdatum: 24. Juni 1974Geburtsort: Saarbr\u00fccken, Deutschland Ausbildung Berufserfahrung Erfahrung und Engagement Entwicklung von Bodo \u2013 Das [&hellip;]<\/p>\n","protected":false},"author":3,"featured_media":0,"parent":26780,"menu_order":0,"comment_status":"closed","ping_status":"closed","template":"","meta":{"_uag_custom_page_level_css":"","site-sidebar-layout":"default","site-content-layout":"","ast-site-content-layout":"default","site-content-style":"default","site-sidebar-style":"default","ast-global-header-display":"","ast-banner-title-visibility":"","ast-main-header-display":"","ast-hfb-above-header-display":"","ast-hfb-below-header-display":"","ast-hfb-mobile-header-display":"","site-post-title":"","ast-breadcrumbs-content":"","ast-featured-img":"","footer-sml-layout":"","ast-disable-related-posts":"","theme-transparent-header-meta":"","adv-header-id-meta":"","stick-header-meta":"","header-above-stick-meta":"","header-main-stick-meta":"","header-below-stick-meta":"","astra-migrate-meta-layouts":"default","ast-page-background-enabled":"default","ast-page-background-meta":{"desktop":{"background-color":"var(--ast-global-color-4)","background-image":"","background-repeat":"repeat","background-position":"center center","background-size":"auto","background-attachment":"scroll","background-type":"","background-media":"","overlay-type":"","overlay-color":"","overlay-opacity":"","overlay-gradient":""},"tablet":{"background-color":"","background-image":"","background-repeat":"repeat","background-position":"center center","background-size":"auto","background-attachment":"scroll","background-type":"","background-media":"","overlay-type":"","overlay-color":"","overlay-opacity":"","overlay-gradient":""},"mobile":{"background-color":"","background-image":"","background-repeat":"repeat","background-position":"center center","background-size":"auto","background-attachment":"scroll","background-type":"","background-media":"","overlay-type":"","overlay-color":"","overlay-opacity":"","overlay-gradient":""}},"ast-content-background-meta":{"desktop":{"background-color":"var(--ast-global-color-5)","background-image":"","background-repeat":"repeat","background-position":"center center","background-size":"auto","background-attachment":"scroll","background-type":"","background-media":"","overlay-type":"","overlay-color":"","overlay-opacity":"","overlay-gradient":""},"tablet":{"background-color":"var(--ast-global-color-5)","background-image":"","background-repeat":"repeat","background-position":"center center","background-size":"auto","background-attachment":"scroll","background-type":"","background-media":"","overlay-type":"","overlay-color":"","overlay-opacity":"","overlay-gradient":""},"mobile":{"background-color":"var(--ast-global-color-5)","background-image":"","background-repeat":"repeat","background-position":"center center","background-size":"auto","background-attachment":"scroll","background-type":"","background-media":"","overlay-type":"","overlay-color":"","overlay-opacity":"","overlay-gradient":""}},"footnotes":""},"class_list":["post-26795","page","type-page","status-publish","hentry"],"yoast_head":"<!-- This site is optimized with the Yoast SEO plugin v27.3 - https:\/\/yoast.com\/product\/yoast-seo-wordpress\/ -->\n<title>Lebenslauf (CV) Andreas Kr\u00e4mer - BODO Mail Ticketing System<\/title>\n<meta name=\"robots\" content=\"index, follow, max-snippet:-1, max-image-preview:large, max-video-preview:-1\" \/>\n<link rel=\"canonical\" href=\"https:\/\/bodo-ticketing.com\/de\/ueber-andreas-kraemer\/lebenslauf-cv-andreas-kraemer\/\" \/>\n<meta property=\"og:locale\" content=\"de_DE\" \/>\n<meta property=\"og:type\" content=\"article\" \/>\n<meta property=\"og:title\" content=\"Lebenslauf (CV) Andreas Kr\u00e4mer - BODO Mail Ticketing System\" \/>\n<meta property=\"og:description\" content=\"Pers\u00f6nliche Daten Name: Andreas Kr\u00e4merGeburtsdatum: 24. Juni 1974Geburtsort: Saarbr\u00fccken, Deutschland Ausbildung Berufserfahrung Erfahrung und Engagement Entwicklung von Bodo \u2013 Das [&hellip;]\" \/>\n<meta property=\"og:url\" content=\"https:\/\/bodo-ticketing.com\/de\/ueber-andreas-kraemer\/lebenslauf-cv-andreas-kraemer\/\" \/>\n<meta property=\"og:site_name\" content=\"BODO Mail Ticketing System\" \/>\n<meta property=\"article:modified_time\" content=\"2025-12-01T17:29:39+00:00\" \/>\n<meta property=\"og:image\" content=\"https:\/\/bodo-ticketing.com\/wp-content\/uploads\/2024\/09\/Curriculum-Vitae-CV-Andreas-Kraemer-1.png\" \/>\n<meta name=\"twitter:card\" content=\"summary_large_image\" \/>\n<meta name=\"twitter:label1\" content=\"Gesch\u00e4tzte Lesezeit\" \/>\n\t<meta name=\"twitter:data1\" content=\"1\u00a0Minute\" \/>\n<script type=\"application\/ld+json\" class=\"yoast-schema-graph\">{\"@context\":\"https:\\\/\\\/schema.org\",\"@graph\":[{\"@type\":\"WebPage\",\"@id\":\"https:\\\/\\\/bodo-ticketing.com\\\/de\\\/ueber-andreas-kraemer\\\/lebenslauf-cv-andreas-kraemer\\\/\",\"url\":\"https:\\\/\\\/bodo-ticketing.com\\\/de\\\/ueber-andreas-kraemer\\\/lebenslauf-cv-andreas-kraemer\\\/\",\"name\":\"Lebenslauf (CV) Andreas Kr\u00e4mer - BODO Mail Ticketing System\",\"isPartOf\":{\"@id\":\"https:\\\/\\\/bodo-ticketing.com\\\/de\\\/#website\"},\"primaryImageOfPage\":{\"@id\":\"https:\\\/\\\/bodo-ticketing.com\\\/de\\\/ueber-andreas-kraemer\\\/lebenslauf-cv-andreas-kraemer\\\/#primaryimage\"},\"image\":{\"@id\":\"https:\\\/\\\/bodo-ticketing.com\\\/de\\\/ueber-andreas-kraemer\\\/lebenslauf-cv-andreas-kraemer\\\/#primaryimage\"},\"thumbnailUrl\":\"https:\\\/\\\/bodo-ticketing.com\\\/wp-content\\\/uploads\\\/2024\\\/09\\\/Curriculum-Vitae-CV-Andreas-Kraemer-1.png\",\"datePublished\":\"2024-09-15T20:40:18+00:00\",\"dateModified\":\"2025-12-01T17:29:39+00:00\",\"breadcrumb\":{\"@id\":\"https:\\\/\\\/bodo-ticketing.com\\\/de\\\/ueber-andreas-kraemer\\\/lebenslauf-cv-andreas-kraemer\\\/#breadcrumb\"},\"inLanguage\":\"de\",\"potentialAction\":[{\"@type\":\"ReadAction\",\"target\":[\"https:\\\/\\\/bodo-ticketing.com\\\/de\\\/ueber-andreas-kraemer\\\/lebenslauf-cv-andreas-kraemer\\\/\"]}]},{\"@type\":\"ImageObject\",\"inLanguage\":\"de\",\"@id\":\"https:\\\/\\\/bodo-ticketing.com\\\/de\\\/ueber-andreas-kraemer\\\/lebenslauf-cv-andreas-kraemer\\\/#primaryimage\",\"url\":\"https:\\\/\\\/bodo-ticketing.com\\\/wp-content\\\/uploads\\\/2024\\\/09\\\/Curriculum-Vitae-CV-Andreas-Kraemer-1.png\",\"contentUrl\":\"https:\\\/\\\/bodo-ticketing.com\\\/wp-content\\\/uploads\\\/2024\\\/09\\\/Curriculum-Vitae-CV-Andreas-Kraemer-1.png\"},{\"@type\":\"BreadcrumbList\",\"@id\":\"https:\\\/\\\/bodo-ticketing.com\\\/de\\\/ueber-andreas-kraemer\\\/lebenslauf-cv-andreas-kraemer\\\/#breadcrumb\",\"itemListElement\":[{\"@type\":\"ListItem\",\"position\":1,\"name\":\"Home\",\"item\":\"https:\\\/\\\/bodo-ticketing.com\\\/de\\\/\"},{\"@type\":\"ListItem\",\"position\":2,\"name\":\"\u00dcber Andreas Kr\u00e4mer\",\"item\":\"https:\\\/\\\/bodo-ticketing.com\\\/de\\\/ueber-andreas-kraemer\\\/\"},{\"@type\":\"ListItem\",\"position\":3,\"name\":\"Lebenslauf (CV) Andreas Kr\u00e4mer\"}]},{\"@type\":\"WebSite\",\"@id\":\"https:\\\/\\\/bodo-ticketing.com\\\/de\\\/#website\",\"url\":\"https:\\\/\\\/bodo-ticketing.com\\\/de\\\/\",\"name\":\"Bodo Mail AI Ticketing System\",\"description\":\"The Clever Mail Ticketing System with AI-Powered(ChatGPT) Text Editing Integration\",\"publisher\":{\"@id\":\"https:\\\/\\\/bodo-ticketing.com\\\/de\\\/#organization\"},\"potentialAction\":[{\"@type\":\"SearchAction\",\"target\":{\"@type\":\"EntryPoint\",\"urlTemplate\":\"https:\\\/\\\/bodo-ticketing.com\\\/de\\\/?s={search_term_string}\"},\"query-input\":{\"@type\":\"PropertyValueSpecification\",\"valueRequired\":true,\"valueName\":\"search_term_string\"}}],\"inLanguage\":\"de\"},{\"@type\":\"Organization\",\"@id\":\"https:\\\/\\\/bodo-ticketing.com\\\/de\\\/#organization\",\"name\":\"Bodo Ticketing Solutions\",\"url\":\"https:\\\/\\\/bodo-ticketing.com\\\/de\\\/\",\"logo\":{\"@type\":\"ImageObject\",\"inLanguage\":\"de\",\"@id\":\"https:\\\/\\\/bodo-ticketing.com\\\/de\\\/#\\\/schema\\\/logo\\\/image\\\/\",\"url\":\"https:\\\/\\\/bodo-ticketing.com\\\/wp-content\\\/uploads\\\/2026\\\/02\\\/bodo-logo-tagline-en-stretched.svg\",\"contentUrl\":\"https:\\\/\\\/bodo-ticketing.com\\\/wp-content\\\/uploads\\\/2026\\\/02\\\/bodo-logo-tagline-en-stretched.svg\",\"caption\":\"Bodo Ticketing Solutions\"},\"image\":{\"@id\":\"https:\\\/\\\/bodo-ticketing.com\\\/de\\\/#\\\/schema\\\/logo\\\/image\\\/\"}}]}<\/script>\n<!-- \/ Yoast SEO plugin. -->","yoast_head_json":{"title":"Lebenslauf (CV) Andreas Kr\u00e4mer - BODO Mail Ticketing System","robots":{"index":"index","follow":"follow","max-snippet":"max-snippet:-1","max-image-preview":"max-image-preview:large","max-video-preview":"max-video-preview:-1"},"canonical":"https:\/\/bodo-ticketing.com\/de\/ueber-andreas-kraemer\/lebenslauf-cv-andreas-kraemer\/","og_locale":"de_DE","og_type":"article","og_title":"Lebenslauf (CV) Andreas Kr\u00e4mer - BODO Mail Ticketing System","og_description":"Pers\u00f6nliche Daten Name: Andreas Kr\u00e4merGeburtsdatum: 24. Juni 1974Geburtsort: Saarbr\u00fccken, Deutschland Ausbildung Berufserfahrung Erfahrung und Engagement Entwicklung von Bodo \u2013 Das [&hellip;]","og_url":"https:\/\/bodo-ticketing.com\/de\/ueber-andreas-kraemer\/lebenslauf-cv-andreas-kraemer\/","og_site_name":"BODO Mail Ticketing System","article_modified_time":"2025-12-01T17:29:39+00:00","og_image":[{"url":"https:\/\/bodo-ticketing.com\/wp-content\/uploads\/2024\/09\/Curriculum-Vitae-CV-Andreas-Kraemer-1.png","type":"","width":"","height":""}],"twitter_card":"summary_large_image","twitter_misc":{"Gesch\u00e4tzte Lesezeit":"1\u00a0Minute"},"schema":{"@context":"https:\/\/schema.org","@graph":[{"@type":"WebPage","@id":"https:\/\/bodo-ticketing.com\/de\/ueber-andreas-kraemer\/lebenslauf-cv-andreas-kraemer\/","url":"https:\/\/bodo-ticketing.com\/de\/ueber-andreas-kraemer\/lebenslauf-cv-andreas-kraemer\/","name":"Lebenslauf (CV) Andreas Kr\u00e4mer - BODO Mail Ticketing System","isPartOf":{"@id":"https:\/\/bodo-ticketing.com\/de\/#website"},"primaryImageOfPage":{"@id":"https:\/\/bodo-ticketing.com\/de\/ueber-andreas-kraemer\/lebenslauf-cv-andreas-kraemer\/#primaryimage"},"image":{"@id":"https:\/\/bodo-ticketing.com\/de\/ueber-andreas-kraemer\/lebenslauf-cv-andreas-kraemer\/#primaryimage"},"thumbnailUrl":"https:\/\/bodo-ticketing.com\/wp-content\/uploads\/2024\/09\/Curriculum-Vitae-CV-Andreas-Kraemer-1.png","datePublished":"2024-09-15T20:40:18+00:00","dateModified":"2025-12-01T17:29:39+00:00","breadcrumb":{"@id":"https:\/\/bodo-ticketing.com\/de\/ueber-andreas-kraemer\/lebenslauf-cv-andreas-kraemer\/#breadcrumb"},"inLanguage":"de","potentialAction":[{"@type":"ReadAction","target":["https:\/\/bodo-ticketing.com\/de\/ueber-andreas-kraemer\/lebenslauf-cv-andreas-kraemer\/"]}]},{"@type":"ImageObject","inLanguage":"de","@id":"https:\/\/bodo-ticketing.com\/de\/ueber-andreas-kraemer\/lebenslauf-cv-andreas-kraemer\/#primaryimage","url":"https:\/\/bodo-ticketing.com\/wp-content\/uploads\/2024\/09\/Curriculum-Vitae-CV-Andreas-Kraemer-1.png","contentUrl":"https:\/\/bodo-ticketing.com\/wp-content\/uploads\/2024\/09\/Curriculum-Vitae-CV-Andreas-Kraemer-1.png"},{"@type":"BreadcrumbList","@id":"https:\/\/bodo-ticketing.com\/de\/ueber-andreas-kraemer\/lebenslauf-cv-andreas-kraemer\/#breadcrumb","itemListElement":[{"@type":"ListItem","position":1,"name":"Home","item":"https:\/\/bodo-ticketing.com\/de\/"},{"@type":"ListItem","position":2,"name":"\u00dcber Andreas Kr\u00e4mer","item":"https:\/\/bodo-ticketing.com\/de\/ueber-andreas-kraemer\/"},{"@type":"ListItem","position":3,"name":"Lebenslauf (CV) Andreas Kr\u00e4mer"}]},{"@type":"WebSite","@id":"https:\/\/bodo-ticketing.com\/de\/#website","url":"https:\/\/bodo-ticketing.com\/de\/","name":"Bodo Mail AI Ticketing System","description":"The Clever Mail Ticketing System with AI-Powered(ChatGPT) Text Editing Integration","publisher":{"@id":"https:\/\/bodo-ticketing.com\/de\/#organization"},"potentialAction":[{"@type":"SearchAction","target":{"@type":"EntryPoint","urlTemplate":"https:\/\/bodo-ticketing.com\/de\/?s={search_term_string}"},"query-input":{"@type":"PropertyValueSpecification","valueRequired":true,"valueName":"search_term_string"}}],"inLanguage":"de"},{"@type":"Organization","@id":"https:\/\/bodo-ticketing.com\/de\/#organization","name":"Bodo Ticketing Solutions","url":"https:\/\/bodo-ticketing.com\/de\/","logo":{"@type":"ImageObject","inLanguage":"de","@id":"https:\/\/bodo-ticketing.com\/de\/#\/schema\/logo\/image\/","url":"https:\/\/bodo-ticketing.com\/wp-content\/uploads\/2026\/02\/bodo-logo-tagline-en-stretched.svg","contentUrl":"https:\/\/bodo-ticketing.com\/wp-content\/uploads\/2026\/02\/bodo-logo-tagline-en-stretched.svg","caption":"Bodo Ticketing Solutions"},"image":{"@id":"https:\/\/bodo-ticketing.com\/de\/#\/schema\/logo\/image\/"}}]}},"uagb_featured_image_src":{"full":false,"thumbnail":false,"medium":false,"medium_large":false,"large":false,"1536x1536":false,"2048x2048":false},"uagb_author_info":{"display_name":"Andreas Kr\u00e4mer","author_link":"https:\/\/bodo-ticketing.com\/de\/author\/36h2p3mf4gzv\/"},"uagb_comment_info":0,"uagb_excerpt":"Pers\u00f6nliche Daten Name: Andreas Kr\u00e4merGeburtsdatum: 24. Juni 1974Geburtsort: Saarbr\u00fccken, Deutschland Ausbildung Berufserfahrung Erfahrung und Engagement Entwicklung von Bodo \u2013 Das [&hellip;]","_links":{"self":[{"href":"https:\/\/bodo-ticketing.com\/de\/wp-json\/wp\/v2\/pages\/26795","targetHints":{"allow":["GET"]}}],"collection":[{"href":"https:\/\/bodo-ticketing.com\/de\/wp-json\/wp\/v2\/pages"}],"about":[{"href":"https:\/\/bodo-ticketing.com\/de\/wp-json\/wp\/v2\/types\/page"}],"author":[{"embeddable":true,"href":"https:\/\/bodo-ticketing.com\/de\/wp-json\/wp\/v2\/users\/3"}],"replies":[{"embeddable":true,"href":"https:\/\/bodo-ticketing.com\/de\/wp-json\/wp\/v2\/comments?post=26795"}],"version-history":[{"count":1,"href":"https:\/\/bodo-ticketing.com\/de\/wp-json\/wp\/v2\/pages\/26795\/revisions"}],"predecessor-version":[{"id":26796,"href":"https:\/\/bodo-ticketing.com\/de\/wp-json\/wp\/v2\/pages\/26795\/revisions\/26796"}],"up":[{"embeddable":true,"href":"https:\/\/bodo-ticketing.com\/de\/wp-json\/wp\/v2\/pages\/26780"}],"wp:attachment":[{"href":"https:\/\/bodo-ticketing.com\/de\/wp-json\/wp\/v2\/media?parent=26795"}],"curies":[{"name":"wp","href":"https:\/\/api.w.org\/{rel}","templated":true}]}}