{"id":26791,"date":"2024-09-16T20:15:30","date_gmt":"2024-09-16T20:15:30","guid":{"rendered":"https:\/\/bodo-ticketing.com\/impressum\/"},"modified":"2026-01-03T23:35:41","modified_gmt":"2026-01-03T23:35:41","slug":"impressum","status":"publish","type":"page","link":"https:\/\/bodo-ticketing.com\/de\/impressum\/","title":{"rendered":"Impressum"},"content":{"rendered":"\n<p><strong>Bodo-ticketing.com<\/strong><br><br>Ein Produkt von Hairforlife &amp; International Websolution Andreas Kr\u00e4mer<br>Hauptstrasse 50, 8280 Kreuzlingen, Schweiz \ud83c\udde8\ud83c\udded<br><br>Telefon: +41 79 820 1414<br>E-Mail: <a href=\"mailto:info@bodo-ticketing.com\">info@bodo-ticketing.com<\/a><br>Website: <a href=\"https:\/\/www.Bodo-ticketing.com\">www.Bodo-ticketing.com<\/a><\/p>\n\n\n<div class=\"wp-block-uagb-faq uagb-faq__outer-wrap uagb-block-c3900c42 uagb-faq-icon-row uagb-faq-layout-accordion uagb-faq-expand-first-true uagb-faq-inactive-other-true uagb-faq__wrap uagb-buttons-layout-wrap uagb-faq-equal-height     \" data-faqtoggle=\"true\" role=\"tablist\"><div class=\"wp-block-uagb-faq-child uagb-faq-child__outer-wrap uagb-faq-item uagb-block-d1766c3c \" role=\"tab\" tabindex=\"0\"><div class=\"uagb-faq-questions-button uagb-faq-questions\">\t\t\t<span class=\"uagb-icon uagb-faq-icon-wrap\">\n\t\t\t\t\t\t\t\t<svg xmlns=\"https:\/\/www.w3.org\/2000\/svg\" viewBox= \"0 0 448 512\"><path d=\"M432 256c0 17.69-14.33 32.01-32 32.01H256v144c0 17.69-14.33 31.99-32 31.99s-32-14.3-32-31.99v-144H48c-17.67 0-32-14.32-32-32.01s14.33-31.99 32-31.99H192v-144c0-17.69 14.33-32.01 32-32.01s32 14.32 32 32.01v144h144C417.7 224 432 238.3 432 256z\"><\/path><\/svg>\n\t\t\t\t\t\t\t<\/span>\n\t\t\t\t\t\t<span class=\"uagb-icon-active uagb-faq-icon-wrap\">\n\t\t\t\t\t\t\t\t<svg xmlns=\"https:\/\/www.w3.org\/2000\/svg\" viewBox= \"0 0 448 512\"><path d=\"M400 288h-352c-17.69 0-32-14.32-32-32.01s14.31-31.99 32-31.99h352c17.69 0 32 14.3 32 31.99S417.7 288 400 288z\"><\/path><\/svg>\n\t\t\t\t\t\t\t<\/span>\n\t\t\t<span class=\"uagb-question\"><strong>\u00dcberpr\u00fcfen Sie Ihren Spam-Ordner<br><\/strong><\/span><\/div><div class=\"uagb-faq-content\"><p>Bitte beachten Sie, dass Ihre Antwort von Bodo m\u00f6glicherweise in Ihrem Spam-Ordner gelandet ist. Daher die Erinnerung: Bitte \u00fcberpr\u00fcfen Sie regelm\u00e4\u00dfig Ihren Spam-\/Junk-Mail-Ordner, insbesondere wenn Sie Gmail verwenden. <\/p><\/div><\/div><div class=\"wp-block-uagb-faq-child uagb-faq-child__outer-wrap uagb-faq-item uagb-block-b7dbbdd0 \" role=\"tab\" tabindex=\"0\"><div class=\"uagb-faq-questions-button uagb-faq-questions\">\t\t\t<span class=\"uagb-icon uagb-faq-icon-wrap\">\n\t\t\t\t\t\t\t\t<svg xmlns=\"https:\/\/www.w3.org\/2000\/svg\" viewBox= \"0 0 448 512\"><path d=\"M432 256c0 17.69-14.33 32.01-32 32.01H256v144c0 17.69-14.33 31.99-32 31.99s-32-14.3-32-31.99v-144H48c-17.67 0-32-14.32-32-32.01s14.33-31.99 32-31.99H192v-144c0-17.69 14.33-32.01 32-32.01s32 14.32 32 32.01v144h144C417.7 224 432 238.3 432 256z\"><\/path><\/svg>\n\t\t\t\t\t\t\t<\/span>\n\t\t\t\t\t\t<span class=\"uagb-icon-active uagb-faq-icon-wrap\">\n\t\t\t\t\t\t\t\t<svg xmlns=\"https:\/\/www.w3.org\/2000\/svg\" viewBox= \"0 0 448 512\"><path d=\"M400 288h-352c-17.69 0-32-14.32-32-32.01s14.31-31.99 32-31.99h352c17.69 0 32 14.3 32 31.99S417.7 288 400 288z\"><\/path><\/svg>\n\t\t\t\t\t\t\t<\/span>\n\t\t\t<span class=\"uagb-question\"><strong>Kommunikation und Erreichbarkeit<\/strong><br><\/span><\/div><div class=\"uagb-faq-content\"><p>Wir m\u00f6chten Sie dar\u00fcber informieren, dass wir aufgrund unserer vollen Terminkalender, zahlreicher Termine und der Verantwortung in der Entwicklungsphase von Bodo, nicht jederzeit f\u00fcr Telefongespr\u00e4che erreichbar sind.\u00a0<a href=\"https:\/\/bodo-ticketing.com\/de\/ueber-andreas-kraemer\/\">Andreas Kr\u00e4mer<\/a>, der Gr\u00fcnder von Bodo, ist oft unterwegs und unsere Programmierer sind ebenfalls stark in die laufende Entwicklung des Systems eingebunden.<br><br>Wir freuen uns zwar \u00fcber Telefongespr\u00e4che, bitten Sie jedoch, sich zun\u00e4chst per E-Mail zu melden. Dies hilft uns, unsere Kommunikation effektiver zu gestalten und sicherzustellen, dass wir Ihnen den bestm\u00f6glichen Service bieten k\u00f6nnen. Vielen Dank f\u00fcr Ihr Verst\u00e4ndnis!\u00a0<br><br>Bitte denken Sie daran, dass Bodo kein gro\u00dfes Softwareunternehmen mit Hunderten Mitarbeitern ist. Wir haben Bodo \u00fcber die Jahre hinweg sorgf\u00e4ltig entwickelt, und Bodo wird bereits von renommierten Kliniken eingesetzt. Da wir uns ganz pers\u00f6nlich um viele Aspekte k\u00fcmmern, kann es vorkommen, dass wir nicht sofort erreichbar sind. Wir bitten Sie um etwas Geduld und freuen uns darauf, Ihnen behilflich zu sein!<\/p><\/div><\/div><\/div>\n\n\n<p>Verwendete Bilder:<\/p>\n\n\n\n<p>https:\/\/pixabay.com\/de\/illustrations\/\u00e4rzte-krankenhaus-krankenschwester-8881540<\/p>\n\n\n\n<p>https:\/\/pixabay.com\/de\/photos\/krankenhaus-hospital-klinik-london-3582607<\/p>\n\n\n\n<p>https:\/\/www.istockphoto.com\/de\/foto\/wei\u00dfe-cyborg-roboterhand-die-mit-ausgestrecktem-finger-auf-menschliche-hand-zeigt-gm1517344698-524364512 &#8211;<a href=\"https:\/\/www.istockphoto.com\/de\/portfolio\/FotografieLink?mediatype=photography\"> <\/a>https:\/\/www.istockphoto.com\/de\/portfolio\/FotografieLink?mediatype=photography<\/p>\n\n\n\n<p><strong>Haftungsausschluss<\/strong><br>Trotz sorgf\u00e4ltiger inhaltlicher Kontrolle \u00fcbernehmen wir keine Haftung f\u00fcr die Inhalte externer Links. F\u00fcr den Inhalt der verlinkten Seiten sind ausschlie\u00dflich deren Betreiber verantwortlich. <\/p>\n\n\n\n<p><strong>Rechtlicher Hinweis<\/strong><br>Alle auf dieser Website bereitgestellten Informationen dienen nur allgemeinen Informationszwecken. Wir \u00fcbernehmen keine Verantwortung f\u00fcr die Vollst\u00e4ndigkeit, Richtigkeit und Aktualit\u00e4t der Inhalte. Die Nutzung der Website und der darin enthaltenen Informationen erfolgt auf eigene Gefahr.  <\/p>\n","protected":false},"excerpt":{"rendered":"<p>Bodo-ticketing.com Ein Produkt von Hairforlife &amp; International Websolution Andreas Kr\u00e4merHauptstrasse 50, 8280 Kreuzlingen, Schweiz \ud83c\udde8\ud83c\udded Telefon: +41 79 820 1414E-Mail: [&hellip;]<\/p>\n","protected":false},"author":3,"featured_media":0,"parent":0,"menu_order":0,"comment_status":"closed","ping_status":"closed","template":"","meta":{"_uag_custom_page_level_css":"","site-sidebar-layout":"default","site-content-layout":"","ast-site-content-layout":"default","site-content-style":"default","site-sidebar-style":"default","ast-global-header-display":"","ast-banner-title-visibility":"","ast-main-header-display":"","ast-hfb-above-header-display":"","ast-hfb-below-header-display":"","ast-hfb-mobile-header-display":"","site-post-title":"","ast-breadcrumbs-content":"","ast-featured-img":"","footer-sml-layout":"","ast-disable-related-posts":"","theme-transparent-header-meta":"","adv-header-id-meta":"","stick-header-meta":"","header-above-stick-meta":"","header-main-stick-meta":"","header-below-stick-meta":"","astra-migrate-meta-layouts":"default","ast-page-background-enabled":"default","ast-page-background-meta":{"desktop":{"background-color":"var(--ast-global-color-4)","background-image":"","background-repeat":"repeat","background-position":"center center","background-size":"auto","background-attachment":"scroll","background-type":"","background-media":"","overlay-type":"","overlay-color":"","overlay-opacity":"","overlay-gradient":""},"tablet":{"background-color":"","background-image":"","background-repeat":"repeat","background-position":"center center","background-size":"auto","background-attachment":"scroll","background-type":"","background-media":"","overlay-type":"","overlay-color":"","overlay-opacity":"","overlay-gradient":""},"mobile":{"background-color":"","background-image":"","background-repeat":"repeat","background-position":"center center","background-size":"auto","background-attachment":"scroll","background-type":"","background-media":"","overlay-type":"","overlay-color":"","overlay-opacity":"","overlay-gradient":""}},"ast-content-background-meta":{"desktop":{"background-color":"var(--ast-global-color-5)","background-image":"","background-repeat":"repeat","background-position":"center center","background-size":"auto","background-attachment":"scroll","background-type":"","background-media":"","overlay-type":"","overlay-color":"","overlay-opacity":"","overlay-gradient":""},"tablet":{"background-color":"var(--ast-global-color-5)","background-image":"","background-repeat":"repeat","background-position":"center center","background-size":"auto","background-attachment":"scroll","background-type":"","background-media":"","overlay-type":"","overlay-color":"","overlay-opacity":"","overlay-gradient":""},"mobile":{"background-color":"var(--ast-global-color-5)","background-image":"","background-repeat":"repeat","background-position":"center center","background-size":"auto","background-attachment":"scroll","background-type":"","background-media":"","overlay-type":"","overlay-color":"","overlay-opacity":"","overlay-gradient":""}},"footnotes":""},"class_list":["post-26791","page","type-page","status-publish","hentry"],"yoast_head":"<!-- This site is optimized with the Yoast SEO plugin v27.5 - https:\/\/yoast.com\/product\/yoast-seo-wordpress\/ -->\n<title>Impressum - BODO Mail Ticketing System<\/title>\n<meta name=\"robots\" content=\"index, follow, max-snippet:-1, max-image-preview:large, max-video-preview:-1\" \/>\n<link rel=\"canonical\" href=\"https:\/\/bodo-ticketing.com\/de\/impressum\/\" \/>\n<meta property=\"og:locale\" content=\"de_DE\" \/>\n<meta property=\"og:type\" content=\"article\" \/>\n<meta property=\"og:title\" content=\"Impressum - BODO Mail Ticketing System\" \/>\n<meta property=\"og:description\" content=\"Bodo-ticketing.com Ein Produkt von Hairforlife &amp; International Websolution Andreas Kr\u00e4merHauptstrasse 50, 8280 Kreuzlingen, Schweiz \ud83c\udde8\ud83c\udded Telefon: +41 79 820 1414E-Mail: [&hellip;]\" \/>\n<meta property=\"og:url\" content=\"https:\/\/bodo-ticketing.com\/de\/impressum\/\" \/>\n<meta property=\"og:site_name\" content=\"BODO Mail Ticketing System\" \/>\n<meta property=\"article:modified_time\" content=\"2026-01-03T23:35:41+00:00\" \/>\n<meta name=\"twitter:card\" content=\"summary_large_image\" \/>\n<meta name=\"twitter:label1\" content=\"Gesch\u00e4tzte Lesezeit\" \/>\n\t<meta name=\"twitter:data1\" content=\"1\u00a0Minute\" \/>\n<script type=\"application\/ld+json\" class=\"yoast-schema-graph\">{\"@context\":\"https:\\\/\\\/schema.org\",\"@graph\":[{\"@type\":\"WebPage\",\"@id\":\"https:\\\/\\\/bodo-ticketing.com\\\/de\\\/impressum\\\/\",\"url\":\"https:\\\/\\\/bodo-ticketing.com\\\/de\\\/impressum\\\/\",\"name\":\"Impressum - BODO Mail Ticketing System\",\"isPartOf\":{\"@id\":\"https:\\\/\\\/bodo-ticketing.com\\\/de\\\/#website\"},\"datePublished\":\"2024-09-16T20:15:30+00:00\",\"dateModified\":\"2026-01-03T23:35:41+00:00\",\"breadcrumb\":{\"@id\":\"https:\\\/\\\/bodo-ticketing.com\\\/de\\\/impressum\\\/#breadcrumb\"},\"inLanguage\":\"de\",\"potentialAction\":[{\"@type\":\"ReadAction\",\"target\":[\"https:\\\/\\\/bodo-ticketing.com\\\/de\\\/impressum\\\/\"]}]},{\"@type\":\"BreadcrumbList\",\"@id\":\"https:\\\/\\\/bodo-ticketing.com\\\/de\\\/impressum\\\/#breadcrumb\",\"itemListElement\":[{\"@type\":\"ListItem\",\"position\":1,\"name\":\"Home\",\"item\":\"https:\\\/\\\/bodo-ticketing.com\\\/de\\\/\"},{\"@type\":\"ListItem\",\"position\":2,\"name\":\"Impressum\"}]},{\"@type\":\"WebSite\",\"@id\":\"https:\\\/\\\/bodo-ticketing.com\\\/de\\\/#website\",\"url\":\"https:\\\/\\\/bodo-ticketing.com\\\/de\\\/\",\"name\":\"Bodo Mail AI Ticketing System\",\"description\":\"The Clever Mail Ticketing System with AI-Powered(ChatGPT) Text Editing Integration\",\"publisher\":{\"@id\":\"https:\\\/\\\/bodo-ticketing.com\\\/de\\\/#organization\"},\"potentialAction\":[{\"@type\":\"SearchAction\",\"target\":{\"@type\":\"EntryPoint\",\"urlTemplate\":\"https:\\\/\\\/bodo-ticketing.com\\\/de\\\/?s={search_term_string}\"},\"query-input\":{\"@type\":\"PropertyValueSpecification\",\"valueRequired\":true,\"valueName\":\"search_term_string\"}}],\"inLanguage\":\"de\"},{\"@type\":\"Organization\",\"@id\":\"https:\\\/\\\/bodo-ticketing.com\\\/de\\\/#organization\",\"name\":\"Bodo Ticketing Solutions\",\"url\":\"https:\\\/\\\/bodo-ticketing.com\\\/de\\\/\",\"logo\":{\"@type\":\"ImageObject\",\"inLanguage\":\"de\",\"@id\":\"https:\\\/\\\/bodo-ticketing.com\\\/de\\\/#\\\/schema\\\/logo\\\/image\\\/\",\"url\":\"https:\\\/\\\/bodo-ticketing.com\\\/wp-content\\\/uploads\\\/2026\\\/02\\\/bodo-logo-tagline-en-stretched.svg\",\"contentUrl\":\"https:\\\/\\\/bodo-ticketing.com\\\/wp-content\\\/uploads\\\/2026\\\/02\\\/bodo-logo-tagline-en-stretched.svg\",\"caption\":\"Bodo Ticketing Solutions\"},\"image\":{\"@id\":\"https:\\\/\\\/bodo-ticketing.com\\\/de\\\/#\\\/schema\\\/logo\\\/image\\\/\"}}]}<\/script>\n<!-- \/ Yoast SEO plugin. -->","yoast_head_json":{"title":"Impressum - BODO Mail Ticketing System","robots":{"index":"index","follow":"follow","max-snippet":"max-snippet:-1","max-image-preview":"max-image-preview:large","max-video-preview":"max-video-preview:-1"},"canonical":"https:\/\/bodo-ticketing.com\/de\/impressum\/","og_locale":"de_DE","og_type":"article","og_title":"Impressum - BODO Mail Ticketing System","og_description":"Bodo-ticketing.com Ein Produkt von Hairforlife &amp; International Websolution Andreas Kr\u00e4merHauptstrasse 50, 8280 Kreuzlingen, Schweiz \ud83c\udde8\ud83c\udded Telefon: +41 79 820 1414E-Mail: [&hellip;]","og_url":"https:\/\/bodo-ticketing.com\/de\/impressum\/","og_site_name":"BODO Mail Ticketing System","article_modified_time":"2026-01-03T23:35:41+00:00","twitter_card":"summary_large_image","twitter_misc":{"Gesch\u00e4tzte Lesezeit":"1\u00a0Minute"},"schema":{"@context":"https:\/\/schema.org","@graph":[{"@type":"WebPage","@id":"https:\/\/bodo-ticketing.com\/de\/impressum\/","url":"https:\/\/bodo-ticketing.com\/de\/impressum\/","name":"Impressum - BODO Mail Ticketing System","isPartOf":{"@id":"https:\/\/bodo-ticketing.com\/de\/#website"},"datePublished":"2024-09-16T20:15:30+00:00","dateModified":"2026-01-03T23:35:41+00:00","breadcrumb":{"@id":"https:\/\/bodo-ticketing.com\/de\/impressum\/#breadcrumb"},"inLanguage":"de","potentialAction":[{"@type":"ReadAction","target":["https:\/\/bodo-ticketing.com\/de\/impressum\/"]}]},{"@type":"BreadcrumbList","@id":"https:\/\/bodo-ticketing.com\/de\/impressum\/#breadcrumb","itemListElement":[{"@type":"ListItem","position":1,"name":"Home","item":"https:\/\/bodo-ticketing.com\/de\/"},{"@type":"ListItem","position":2,"name":"Impressum"}]},{"@type":"WebSite","@id":"https:\/\/bodo-ticketing.com\/de\/#website","url":"https:\/\/bodo-ticketing.com\/de\/","name":"Bodo Mail AI Ticketing System","description":"The Clever Mail Ticketing System with AI-Powered(ChatGPT) Text Editing Integration","publisher":{"@id":"https:\/\/bodo-ticketing.com\/de\/#organization"},"potentialAction":[{"@type":"SearchAction","target":{"@type":"EntryPoint","urlTemplate":"https:\/\/bodo-ticketing.com\/de\/?s={search_term_string}"},"query-input":{"@type":"PropertyValueSpecification","valueRequired":true,"valueName":"search_term_string"}}],"inLanguage":"de"},{"@type":"Organization","@id":"https:\/\/bodo-ticketing.com\/de\/#organization","name":"Bodo Ticketing Solutions","url":"https:\/\/bodo-ticketing.com\/de\/","logo":{"@type":"ImageObject","inLanguage":"de","@id":"https:\/\/bodo-ticketing.com\/de\/#\/schema\/logo\/image\/","url":"https:\/\/bodo-ticketing.com\/wp-content\/uploads\/2026\/02\/bodo-logo-tagline-en-stretched.svg","contentUrl":"https:\/\/bodo-ticketing.com\/wp-content\/uploads\/2026\/02\/bodo-logo-tagline-en-stretched.svg","caption":"Bodo Ticketing Solutions"},"image":{"@id":"https:\/\/bodo-ticketing.com\/de\/#\/schema\/logo\/image\/"}}]}},"uagb_featured_image_src":{"full":false,"thumbnail":false,"medium":false,"medium_large":false,"large":false,"1536x1536":false,"2048x2048":false},"uagb_author_info":{"display_name":"Andreas Kr\u00e4mer","author_link":"https:\/\/bodo-ticketing.com\/de\/author\/36h2p3mf4gzv\/"},"uagb_comment_info":0,"uagb_excerpt":"Bodo-ticketing.com Ein Produkt von Hairforlife &amp; International Websolution Andreas Kr\u00e4merHauptstrasse 50, 8280 Kreuzlingen, Schweiz \ud83c\udde8\ud83c\udded Telefon: +41 79 820 1414E-Mail: [&hellip;]","_links":{"self":[{"href":"https:\/\/bodo-ticketing.com\/de\/wp-json\/wp\/v2\/pages\/26791","targetHints":{"allow":["GET"]}}],"collection":[{"href":"https:\/\/bodo-ticketing.com\/de\/wp-json\/wp\/v2\/pages"}],"about":[{"href":"https:\/\/bodo-ticketing.com\/de\/wp-json\/wp\/v2\/types\/page"}],"author":[{"embeddable":true,"href":"https:\/\/bodo-ticketing.com\/de\/wp-json\/wp\/v2\/users\/3"}],"replies":[{"embeddable":true,"href":"https:\/\/bodo-ticketing.com\/de\/wp-json\/wp\/v2\/comments?post=26791"}],"version-history":[{"count":2,"href":"https:\/\/bodo-ticketing.com\/de\/wp-json\/wp\/v2\/pages\/26791\/revisions"}],"predecessor-version":[{"id":27514,"href":"https:\/\/bodo-ticketing.com\/de\/wp-json\/wp\/v2\/pages\/26791\/revisions\/27514"}],"wp:attachment":[{"href":"https:\/\/bodo-ticketing.com\/de\/wp-json\/wp\/v2\/media?parent=26791"}],"curies":[{"name":"wp","href":"https:\/\/api.w.org\/{rel}","templated":true}]}}