{"id":26760,"date":"2025-05-02T12:19:48","date_gmt":"2025-05-02T12:19:48","guid":{"rendered":"https:\/\/bodo-ticketing.com\/notizen-effizientes-kundeninteraktionsmanagement\/"},"modified":"2025-12-19T22:50:04","modified_gmt":"2025-12-19T22:50:04","slug":"notizen-effizientes-kundeninteraktionsmanagement","status":"publish","type":"page","link":"https:\/\/bodo-ticketing.com\/de\/notizen-effizientes-kundeninteraktionsmanagement\/","title":{"rendered":"Notizen \u2013 Effizientes Kundeninteraktionsmanagement"},"content":{"rendered":"\n<h2 class=\"wp-block-heading\">Bleiben Sie organisiert mit der Bodo Notizen-Funktion \u2013 Detaillierte Kundeneinblicke<\/h2>\n\n\n\n<figure class=\"wp-block-image size-large\"><img loading=\"lazy\" decoding=\"async\" width=\"1024\" height=\"475\" src=\"https:\/\/bodo-ticketing.com\/wp-content\/uploads\/2025\/05\/Notes-example-category-phone-1024x475.jpg\" alt=\"Notizenbeispiel Kategorie Telefon\" class=\"wp-image-26569\" srcset=\"https:\/\/bodo-ticketing.com\/wp-content\/uploads\/2025\/05\/Notes-example-category-phone-1024x475.jpg 1024w, https:\/\/bodo-ticketing.com\/wp-content\/uploads\/2025\/05\/Notes-example-category-phone-300x139.jpg 300w, https:\/\/bodo-ticketing.com\/wp-content\/uploads\/2025\/05\/Notes-example-category-phone-768x356.jpg 768w, https:\/\/bodo-ticketing.com\/wp-content\/uploads\/2025\/05\/Notes-example-category-phone.jpg 1200w\" sizes=\"auto, (max-width: 1024px) 100vw, 1024px\" \/><figcaption class=\"wp-element-caption\">Notizenbeispiel Kategorie \u201eTelefon\u201c<\/figcaption><\/figure>\n\n\n\n<p>Mit der <strong>Notizen<\/strong>-Funktion von Bodo k\u00f6nnen Sie detaillierte Notizen f\u00fcr jede Kundeninteraktion einfach hinzuf\u00fcgen, organisieren und abrufen. Ob es sich um eine Zusammenfassung eines Telefonats, eine Erinnerung zur Nachverfolgung oder wichtige Kundenpr\u00e4ferenzen handelt, Bodo stellt sicher, dass Sie jedes wichtige Detail im Blick behalten. Alle Notizen sind perfekt nach Datum geordnet, sodass Sie die Historie jeder Interaktion zwischen E-Mails und anderen Kommunikationen leicht nachvollziehen k\u00f6nnen.<\/p>\n\n\n\n<figure class=\"wp-block-image size-large\"><img loading=\"lazy\" decoding=\"async\" width=\"1024\" height=\"317\" src=\"https:\/\/bodo-ticketing.com\/wp-content\/uploads\/2025\/05\/Category-selection-in-notes-1-1024x317.jpg\" alt=\"Kategorieauswahl in Notizen\" class=\"wp-image-26563\" srcset=\"https:\/\/bodo-ticketing.com\/wp-content\/uploads\/2025\/05\/Category-selection-in-notes-1-1024x317.jpg 1024w, https:\/\/bodo-ticketing.com\/wp-content\/uploads\/2025\/05\/Category-selection-in-notes-1-300x93.jpg 300w, https:\/\/bodo-ticketing.com\/wp-content\/uploads\/2025\/05\/Category-selection-in-notes-1-768x238.jpg 768w, https:\/\/bodo-ticketing.com\/wp-content\/uploads\/2025\/05\/Category-selection-in-notes-1-1536x475.jpg 1536w, https:\/\/bodo-ticketing.com\/wp-content\/uploads\/2025\/05\/Category-selection-in-notes-1.jpg 1694w\" sizes=\"auto, (max-width: 1024px) 100vw, 1024px\" \/><figcaption class=\"wp-element-caption\">Kategorieauswahl in Notizen<\/figcaption><\/figure>\n\n\n\n<h3 class=\"wp-block-heading\">Einfacher Zugriff f\u00fcr effiziente Nachverfolgung<\/h3>\n\n\n\n<p>Alle Ihre Notizen werden an einem zentralen Ort im System gespeichert, wodurch sie jederzeit zug\u00e4nglich sind, wenn Sie sie ben\u00f6tigen. Bodo bietet auch eine <strong>Notizenliste pro Kunde<\/strong>, sodass Sie schnell alle Notizen zu einem bestimmten Kunden \u00fcberpr\u00fcfen k\u00f6nnen, ohne mehrere Datens\u00e4tze durchsuchen zu m\u00fcssen. Ob Sie die Historie eines Kunden \u00fcberpr\u00fcfen oder sich auf Ihre n\u00e4chste Interaktion vorbereiten, Bodos intuitive Benutzeroberfl\u00e4che macht das Finden und Verwenden dieser Notizen nahtlos.<\/p>\n\n\n\n<figure class=\"wp-block-image size-large\"><img loading=\"lazy\" decoding=\"async\" width=\"1024\" height=\"574\" src=\"https:\/\/bodo-ticketing.com\/wp-content\/uploads\/2025\/05\/Example-List-of-possible-notes-1024x574.jpg\" alt=\"Beispielliste m\u00f6glicher Notizen\" class=\"wp-image-26572\" srcset=\"https:\/\/bodo-ticketing.com\/wp-content\/uploads\/2025\/05\/Example-List-of-possible-notes-1024x574.jpg 1024w, https:\/\/bodo-ticketing.com\/wp-content\/uploads\/2025\/05\/Example-List-of-possible-notes-300x168.jpg 300w, https:\/\/bodo-ticketing.com\/wp-content\/uploads\/2025\/05\/Example-List-of-possible-notes-768x431.jpg 768w, https:\/\/bodo-ticketing.com\/wp-content\/uploads\/2025\/05\/Example-List-of-possible-notes.jpg 1200w\" sizes=\"auto, (max-width: 1024px) 100vw, 1024px\" \/><figcaption class=\"wp-element-caption\">Beispielliste m\u00f6glicher Notizen<\/figcaption><\/figure>\n\n\n\n<h3 class=\"wp-block-heading\">Perfekt f\u00fcr Teams<\/h3>\n\n\n\n<p>Die Notizen-Funktionalit\u00e4t von Bodo ist so konzipiert, dass sie sowohl f\u00fcr einzelne Benutzer als auch f\u00fcr Teams perfekt funktioniert. Mehrere Teammitglieder k\u00f6nnen Notizen hinzuf\u00fcgen, \u00fcberpr\u00fcfen und aktualisieren, wodurch sichergestellt wird, dass alle auf dem gleichen Stand sind, f\u00fcr einen effizienteren und konsistenteren Arbeitsablauf. Die Notizen sind auch chronologisch sortiert, was einen schnellen Zugriff auf die neuesten Aktualisierungen erm\u00f6glicht.<\/p>\n\n\n\n<h3 class=\"wp-block-heading\">Chirurgische Dokumentation und Bildverwaltung<\/h3>\n\n\n\n<p>F\u00fcr medizinisches Fachpersonal und Kliniken bietet Bodo auch umfassende Tools f\u00fcr die <strong>chirurgische Dokumentation<\/strong> und <strong>Bildverwaltung<\/strong>. Diese Funktion stellt sicher, dass jeder Schritt des Verfahrens, zusammen mit den zugeh\u00f6rigen Bildern, gut dokumentiert und leicht zug\u00e4nglich ist. Sie k\u00f6nnen Notizen und Bilder vor und nach der Operation effizient verwalten, wobei alles organisiert und sicher bleibt.<\/p>\n\n\n\n<p><a href=\"https:\/\/bodo-ticketing.com\/de\/chirurgische-dokumentation-bildverwaltung\/\">Erfahren Sie mehr \u00fcber Chirurgische Dokumentation und Bildverwaltung<\/a><\/p>\n\n\n\n<h3 class=\"wp-block-heading\">F\u00fcr Steuerberater \u2013 Dokumentation und Kundenkommunikation vereinfachen<\/h3>\n\n\n\n<p>Steuerberater profitieren von der Notizen-Funktion von Bodo, die es Ihnen erm\u00f6glicht, detaillierte Aufzeichnungen von Klientenberatungen, wichtigen steuerrelevanten Diskussionen und spezifischen Falldetails zu f\u00fchren. Verfolgen Sie den Fortschritt einzelner F\u00e4lle einfach, speichern Sie Klientenpr\u00e4ferenzen und stellen Sie sicher, dass nichts \u00fcbersehen wird. Die chronologische Organisation der Notizen stellt sicher, dass Sie die Historie Ihrer Interaktionen verfolgen k\u00f6nnen, ohne den \u00dcberblick zu verlieren. Diese Funktionalit\u00e4t hilft, einen klaren \u00dcberblick \u00fcber die Bed\u00fcrfnisse Ihrer Klienten zu bewahren, wodurch Nachverfolgungen effizienter und weniger zeitaufwendig werden.<\/p>\n\n\n\n<p><a href=\"https:\/\/bodo-ticketing.com\/de\/bodo-das-intelligente-e-mail-ticketing-system-fuer-steuerberater-und-treuhaender-mit-chatgpt-ki-integration\/\">Entdecken Sie, wie Bodo Steuerberatern hilft<\/a><\/p>\n\n\n\n<h3 class=\"wp-block-heading\">F\u00fcr Haartransplantations- und Sch\u00f6nheitskliniken \u2013 Detaillierte Klienteninteraktionshistorie<\/h3>\n\n\n\n<p>F\u00fcr Haartransplantations- und Sch\u00f6nheitskliniken ist Bodos Notizen-Funktionalit\u00e4t unverzichtbar. Behalten Sie den \u00dcberblick \u00fcber Klientenberatungen, Behandlungsfortschritte und Nachsorgeanweisungen, alles an einem Ort. Diese Funktion stellt sicher, dass alle relevanten Informationen zu den Behandlungen Ihrer Patienten jederzeit zug\u00e4nglich sind. Ob es darum geht, den Heilungsfortschritt nach einer Operation zu verfolgen oder spezifische Klientenw\u00fcnsche zu notieren, Bodo stellt sicher, dass jedes Detail dokumentiert und f\u00fcr zuk\u00fcnftige Interaktionen leicht zug\u00e4nglich ist. Alle Notizen sind chronologisch geordnet, sodass Sie schnell die neuesten Aktualisierungen finden k\u00f6nnen. Zudem macht die Notizenliste pro Klient die \u00dcberpr\u00fcfung vergangener Interaktionen einfacher denn je.<\/p>\n\n\n\n<p><a href=\"https:\/\/bodo-ticketing.com\/de\/umfassendes-ticketing-fuer-haartransplantations-und-schoenheitskliniken\/\">Erfahren Sie mehr \u00fcber Bodo f\u00fcr Haartransplantations- und Sch\u00f6nheitskliniken<\/a><\/p>\n\n\n\n<p><\/p>\n","protected":false},"excerpt":{"rendered":"<p>Bleiben Sie organisiert mit der Bodo Notizen-Funktion \u2013 Detaillierte Kundeneinblicke Mit der Notizen-Funktion von Bodo k\u00f6nnen Sie detaillierte Notizen f\u00fcr [&hellip;]<\/p>\n","protected":false},"author":3,"featured_media":0,"parent":0,"menu_order":0,"comment_status":"closed","ping_status":"closed","template":"","meta":{"_uag_custom_page_level_css":"","site-sidebar-layout":"default","site-content-layout":"","ast-site-content-layout":"default","site-content-style":"default","site-sidebar-style":"default","ast-global-header-display":"","ast-banner-title-visibility":"","ast-main-header-display":"","ast-hfb-above-header-display":"","ast-hfb-below-header-display":"","ast-hfb-mobile-header-display":"","site-post-title":"","ast-breadcrumbs-content":"","ast-featured-img":"","footer-sml-layout":"","ast-disable-related-posts":"","theme-transparent-header-meta":"","adv-header-id-meta":"","stick-header-meta":"","header-above-stick-meta":"","header-main-stick-meta":"","header-below-stick-meta":"","astra-migrate-meta-layouts":"default","ast-page-background-enabled":"default","ast-page-background-meta":{"desktop":{"background-color":"var(--ast-global-color-4)","background-image":"","background-repeat":"repeat","background-position":"center center","background-size":"auto","background-attachment":"scroll","background-type":"","background-media":"","overlay-type":"","overlay-color":"","overlay-opacity":"","overlay-gradient":""},"tablet":{"background-color":"","background-image":"","background-repeat":"repeat","background-position":"center center","background-size":"auto","background-attachment":"scroll","background-type":"","background-media":"","overlay-type":"","overlay-color":"","overlay-opacity":"","overlay-gradient":""},"mobile":{"background-color":"","background-image":"","background-repeat":"repeat","background-position":"center center","background-size":"auto","background-attachment":"scroll","background-type":"","background-media":"","overlay-type":"","overlay-color":"","overlay-opacity":"","overlay-gradient":""}},"ast-content-background-meta":{"desktop":{"background-color":"var(--ast-global-color-5)","background-image":"","background-repeat":"repeat","background-position":"center center","background-size":"auto","background-attachment":"scroll","background-type":"","background-media":"","overlay-type":"","overlay-color":"","overlay-opacity":"","overlay-gradient":""},"tablet":{"background-color":"var(--ast-global-color-5)","background-image":"","background-repeat":"repeat","background-position":"center center","background-size":"auto","background-attachment":"scroll","background-type":"","background-media":"","overlay-type":"","overlay-color":"","overlay-opacity":"","overlay-gradient":""},"mobile":{"background-color":"var(--ast-global-color-5)","background-image":"","background-repeat":"repeat","background-position":"center center","background-size":"auto","background-attachment":"scroll","background-type":"","background-media":"","overlay-type":"","overlay-color":"","overlay-opacity":"","overlay-gradient":""}},"footnotes":""},"class_list":["post-26760","page","type-page","status-publish","hentry"],"yoast_head":"<!-- This site is optimized with the Yoast SEO plugin v27.3 - https:\/\/yoast.com\/product\/yoast-seo-wordpress\/ -->\n<title>Notizen \u2013 Kundenkommunikation optimieren und organisiert bleiben<\/title>\n<meta name=\"description\" content=\"Bodos Notizen-Funktion hilft Ihnen, Kundeninteraktionen nach Datum zu organisieren, um eine effiziente Nachverfolgung zu erm\u00f6glichen. Ideal f\u00fcr Kliniken, Steuerberater und Haartransplantationsspezialisten.\" \/>\n<meta name=\"robots\" content=\"index, follow, max-snippet:-1, max-image-preview:large, max-video-preview:-1\" \/>\n<link rel=\"canonical\" href=\"https:\/\/bodo-ticketing.com\/de\/notizen-effizientes-kundeninteraktionsmanagement\/\" \/>\n<meta property=\"og:locale\" content=\"de_DE\" \/>\n<meta property=\"og:type\" content=\"article\" \/>\n<meta property=\"og:title\" content=\"Notizen \u2013 Kundenkommunikation optimieren und organisiert bleiben\" \/>\n<meta property=\"og:description\" content=\"Bodos Notizen-Funktion hilft Ihnen, Kundeninteraktionen nach Datum zu organisieren, um eine effiziente Nachverfolgung zu erm\u00f6glichen. Ideal f\u00fcr Kliniken, Steuerberater und Haartransplantationsspezialisten.\" \/>\n<meta property=\"og:url\" content=\"https:\/\/bodo-ticketing.com\/de\/notizen-effizientes-kundeninteraktionsmanagement\/\" \/>\n<meta property=\"og:site_name\" content=\"BODO Mail Ticketing System\" \/>\n<meta property=\"article:modified_time\" content=\"2025-12-19T22:50:04+00:00\" \/>\n<meta property=\"og:image\" content=\"https:\/\/bodo-ticketing.com\/wp-content\/uploads\/2025\/05\/Notes-example-category-phone.jpg\" \/>\n\t<meta property=\"og:image:width\" content=\"1200\" \/>\n\t<meta property=\"og:image:height\" content=\"557\" \/>\n\t<meta property=\"og:image:type\" content=\"image\/jpeg\" \/>\n<meta name=\"twitter:card\" content=\"summary_large_image\" \/>\n<meta name=\"twitter:label1\" content=\"Gesch\u00e4tzte Lesezeit\" \/>\n\t<meta name=\"twitter:data1\" content=\"4\u00a0Minuten\" \/>\n<script type=\"application\/ld+json\" class=\"yoast-schema-graph\">{\"@context\":\"https:\\\/\\\/schema.org\",\"@graph\":[{\"@type\":\"WebPage\",\"@id\":\"https:\\\/\\\/bodo-ticketing.com\\\/de\\\/notizen-effizientes-kundeninteraktionsmanagement\\\/\",\"url\":\"https:\\\/\\\/bodo-ticketing.com\\\/de\\\/notizen-effizientes-kundeninteraktionsmanagement\\\/\",\"name\":\"Notizen \u2013 Kundenkommunikation optimieren und organisiert bleiben\",\"isPartOf\":{\"@id\":\"https:\\\/\\\/bodo-ticketing.com\\\/de\\\/#website\"},\"primaryImageOfPage\":{\"@id\":\"https:\\\/\\\/bodo-ticketing.com\\\/de\\\/notizen-effizientes-kundeninteraktionsmanagement\\\/#primaryimage\"},\"image\":{\"@id\":\"https:\\\/\\\/bodo-ticketing.com\\\/de\\\/notizen-effizientes-kundeninteraktionsmanagement\\\/#primaryimage\"},\"thumbnailUrl\":\"https:\\\/\\\/bodo-ticketing.com\\\/wp-content\\\/uploads\\\/2025\\\/05\\\/Notes-example-category-phone-1024x475.jpg\",\"datePublished\":\"2025-05-02T12:19:48+00:00\",\"dateModified\":\"2025-12-19T22:50:04+00:00\",\"description\":\"Bodos Notizen-Funktion hilft Ihnen, Kundeninteraktionen nach Datum zu organisieren, um eine effiziente Nachverfolgung zu erm\u00f6glichen. Ideal f\u00fcr Kliniken, Steuerberater und Haartransplantationsspezialisten.\",\"breadcrumb\":{\"@id\":\"https:\\\/\\\/bodo-ticketing.com\\\/de\\\/notizen-effizientes-kundeninteraktionsmanagement\\\/#breadcrumb\"},\"inLanguage\":\"de\",\"potentialAction\":[{\"@type\":\"ReadAction\",\"target\":[\"https:\\\/\\\/bodo-ticketing.com\\\/de\\\/notizen-effizientes-kundeninteraktionsmanagement\\\/\"]}]},{\"@type\":\"ImageObject\",\"inLanguage\":\"de\",\"@id\":\"https:\\\/\\\/bodo-ticketing.com\\\/de\\\/notizen-effizientes-kundeninteraktionsmanagement\\\/#primaryimage\",\"url\":\"https:\\\/\\\/bodo-ticketing.com\\\/wp-content\\\/uploads\\\/2025\\\/05\\\/Notes-example-category-phone-1024x475.jpg\",\"contentUrl\":\"https:\\\/\\\/bodo-ticketing.com\\\/wp-content\\\/uploads\\\/2025\\\/05\\\/Notes-example-category-phone-1024x475.jpg\"},{\"@type\":\"BreadcrumbList\",\"@id\":\"https:\\\/\\\/bodo-ticketing.com\\\/de\\\/notizen-effizientes-kundeninteraktionsmanagement\\\/#breadcrumb\",\"itemListElement\":[{\"@type\":\"ListItem\",\"position\":1,\"name\":\"Home\",\"item\":\"https:\\\/\\\/bodo-ticketing.com\\\/de\\\/\"},{\"@type\":\"ListItem\",\"position\":2,\"name\":\"Notizen \u2013 Effizientes Kundeninteraktionsmanagement\"}]},{\"@type\":\"WebSite\",\"@id\":\"https:\\\/\\\/bodo-ticketing.com\\\/de\\\/#website\",\"url\":\"https:\\\/\\\/bodo-ticketing.com\\\/de\\\/\",\"name\":\"Bodo Mail AI Ticketing System\",\"description\":\"The Clever Mail Ticketing System with AI-Powered(ChatGPT) Text Editing Integration\",\"publisher\":{\"@id\":\"https:\\\/\\\/bodo-ticketing.com\\\/de\\\/#organization\"},\"potentialAction\":[{\"@type\":\"SearchAction\",\"target\":{\"@type\":\"EntryPoint\",\"urlTemplate\":\"https:\\\/\\\/bodo-ticketing.com\\\/de\\\/?s={search_term_string}\"},\"query-input\":{\"@type\":\"PropertyValueSpecification\",\"valueRequired\":true,\"valueName\":\"search_term_string\"}}],\"inLanguage\":\"de\"},{\"@type\":\"Organization\",\"@id\":\"https:\\\/\\\/bodo-ticketing.com\\\/de\\\/#organization\",\"name\":\"Bodo Ticketing Solutions\",\"url\":\"https:\\\/\\\/bodo-ticketing.com\\\/de\\\/\",\"logo\":{\"@type\":\"ImageObject\",\"inLanguage\":\"de\",\"@id\":\"https:\\\/\\\/bodo-ticketing.com\\\/de\\\/#\\\/schema\\\/logo\\\/image\\\/\",\"url\":\"https:\\\/\\\/bodo-ticketing.com\\\/wp-content\\\/uploads\\\/2026\\\/02\\\/bodo-logo-tagline-en-stretched.svg\",\"contentUrl\":\"https:\\\/\\\/bodo-ticketing.com\\\/wp-content\\\/uploads\\\/2026\\\/02\\\/bodo-logo-tagline-en-stretched.svg\",\"caption\":\"Bodo Ticketing Solutions\"},\"image\":{\"@id\":\"https:\\\/\\\/bodo-ticketing.com\\\/de\\\/#\\\/schema\\\/logo\\\/image\\\/\"}}]}<\/script>\n<!-- \/ Yoast SEO plugin. -->","yoast_head_json":{"title":"Notizen \u2013 Kundenkommunikation optimieren und organisiert bleiben","description":"Bodos Notizen-Funktion hilft Ihnen, Kundeninteraktionen nach Datum zu organisieren, um eine effiziente Nachverfolgung zu erm\u00f6glichen. Ideal f\u00fcr Kliniken, Steuerberater und Haartransplantationsspezialisten.","robots":{"index":"index","follow":"follow","max-snippet":"max-snippet:-1","max-image-preview":"max-image-preview:large","max-video-preview":"max-video-preview:-1"},"canonical":"https:\/\/bodo-ticketing.com\/de\/notizen-effizientes-kundeninteraktionsmanagement\/","og_locale":"de_DE","og_type":"article","og_title":"Notizen \u2013 Kundenkommunikation optimieren und organisiert bleiben","og_description":"Bodos Notizen-Funktion hilft Ihnen, Kundeninteraktionen nach Datum zu organisieren, um eine effiziente Nachverfolgung zu erm\u00f6glichen. Ideal f\u00fcr Kliniken, Steuerberater und Haartransplantationsspezialisten.","og_url":"https:\/\/bodo-ticketing.com\/de\/notizen-effizientes-kundeninteraktionsmanagement\/","og_site_name":"BODO Mail Ticketing System","article_modified_time":"2025-12-19T22:50:04+00:00","og_image":[{"width":1200,"height":557,"url":"https:\/\/bodo-ticketing.com\/wp-content\/uploads\/2025\/05\/Notes-example-category-phone.jpg","type":"image\/jpeg"}],"twitter_card":"summary_large_image","twitter_misc":{"Gesch\u00e4tzte Lesezeit":"4\u00a0Minuten"},"schema":{"@context":"https:\/\/schema.org","@graph":[{"@type":"WebPage","@id":"https:\/\/bodo-ticketing.com\/de\/notizen-effizientes-kundeninteraktionsmanagement\/","url":"https:\/\/bodo-ticketing.com\/de\/notizen-effizientes-kundeninteraktionsmanagement\/","name":"Notizen \u2013 Kundenkommunikation optimieren und organisiert bleiben","isPartOf":{"@id":"https:\/\/bodo-ticketing.com\/de\/#website"},"primaryImageOfPage":{"@id":"https:\/\/bodo-ticketing.com\/de\/notizen-effizientes-kundeninteraktionsmanagement\/#primaryimage"},"image":{"@id":"https:\/\/bodo-ticketing.com\/de\/notizen-effizientes-kundeninteraktionsmanagement\/#primaryimage"},"thumbnailUrl":"https:\/\/bodo-ticketing.com\/wp-content\/uploads\/2025\/05\/Notes-example-category-phone-1024x475.jpg","datePublished":"2025-05-02T12:19:48+00:00","dateModified":"2025-12-19T22:50:04+00:00","description":"Bodos Notizen-Funktion hilft Ihnen, Kundeninteraktionen nach Datum zu organisieren, um eine effiziente Nachverfolgung zu erm\u00f6glichen. Ideal f\u00fcr Kliniken, Steuerberater und Haartransplantationsspezialisten.","breadcrumb":{"@id":"https:\/\/bodo-ticketing.com\/de\/notizen-effizientes-kundeninteraktionsmanagement\/#breadcrumb"},"inLanguage":"de","potentialAction":[{"@type":"ReadAction","target":["https:\/\/bodo-ticketing.com\/de\/notizen-effizientes-kundeninteraktionsmanagement\/"]}]},{"@type":"ImageObject","inLanguage":"de","@id":"https:\/\/bodo-ticketing.com\/de\/notizen-effizientes-kundeninteraktionsmanagement\/#primaryimage","url":"https:\/\/bodo-ticketing.com\/wp-content\/uploads\/2025\/05\/Notes-example-category-phone-1024x475.jpg","contentUrl":"https:\/\/bodo-ticketing.com\/wp-content\/uploads\/2025\/05\/Notes-example-category-phone-1024x475.jpg"},{"@type":"BreadcrumbList","@id":"https:\/\/bodo-ticketing.com\/de\/notizen-effizientes-kundeninteraktionsmanagement\/#breadcrumb","itemListElement":[{"@type":"ListItem","position":1,"name":"Home","item":"https:\/\/bodo-ticketing.com\/de\/"},{"@type":"ListItem","position":2,"name":"Notizen \u2013 Effizientes Kundeninteraktionsmanagement"}]},{"@type":"WebSite","@id":"https:\/\/bodo-ticketing.com\/de\/#website","url":"https:\/\/bodo-ticketing.com\/de\/","name":"Bodo Mail AI Ticketing System","description":"The Clever Mail Ticketing System with AI-Powered(ChatGPT) Text Editing Integration","publisher":{"@id":"https:\/\/bodo-ticketing.com\/de\/#organization"},"potentialAction":[{"@type":"SearchAction","target":{"@type":"EntryPoint","urlTemplate":"https:\/\/bodo-ticketing.com\/de\/?s={search_term_string}"},"query-input":{"@type":"PropertyValueSpecification","valueRequired":true,"valueName":"search_term_string"}}],"inLanguage":"de"},{"@type":"Organization","@id":"https:\/\/bodo-ticketing.com\/de\/#organization","name":"Bodo Ticketing Solutions","url":"https:\/\/bodo-ticketing.com\/de\/","logo":{"@type":"ImageObject","inLanguage":"de","@id":"https:\/\/bodo-ticketing.com\/de\/#\/schema\/logo\/image\/","url":"https:\/\/bodo-ticketing.com\/wp-content\/uploads\/2026\/02\/bodo-logo-tagline-en-stretched.svg","contentUrl":"https:\/\/bodo-ticketing.com\/wp-content\/uploads\/2026\/02\/bodo-logo-tagline-en-stretched.svg","caption":"Bodo Ticketing Solutions"},"image":{"@id":"https:\/\/bodo-ticketing.com\/de\/#\/schema\/logo\/image\/"}}]}},"uagb_featured_image_src":{"full":false,"thumbnail":false,"medium":false,"medium_large":false,"large":false,"1536x1536":false,"2048x2048":false},"uagb_author_info":{"display_name":"Andreas Kr\u00e4mer","author_link":"https:\/\/bodo-ticketing.com\/de\/author\/36h2p3mf4gzv\/"},"uagb_comment_info":0,"uagb_excerpt":"Bleiben Sie organisiert mit der Bodo Notizen-Funktion \u2013 Detaillierte Kundeneinblicke Mit der Notizen-Funktion von Bodo k\u00f6nnen Sie detaillierte Notizen f\u00fcr [&hellip;]","_links":{"self":[{"href":"https:\/\/bodo-ticketing.com\/de\/wp-json\/wp\/v2\/pages\/26760","targetHints":{"allow":["GET"]}}],"collection":[{"href":"https:\/\/bodo-ticketing.com\/de\/wp-json\/wp\/v2\/pages"}],"about":[{"href":"https:\/\/bodo-ticketing.com\/de\/wp-json\/wp\/v2\/types\/page"}],"author":[{"embeddable":true,"href":"https:\/\/bodo-ticketing.com\/de\/wp-json\/wp\/v2\/users\/3"}],"replies":[{"embeddable":true,"href":"https:\/\/bodo-ticketing.com\/de\/wp-json\/wp\/v2\/comments?post=26760"}],"version-history":[{"count":2,"href":"https:\/\/bodo-ticketing.com\/de\/wp-json\/wp\/v2\/pages\/26760\/revisions"}],"predecessor-version":[{"id":27111,"href":"https:\/\/bodo-ticketing.com\/de\/wp-json\/wp\/v2\/pages\/26760\/revisions\/27111"}],"wp:attachment":[{"href":"https:\/\/bodo-ticketing.com\/de\/wp-json\/wp\/v2\/media?parent=26760"}],"curies":[{"name":"wp","href":"https:\/\/api.w.org\/{rel}","templated":true}]}}