{"id":26754,"date":"2024-09-21T08:11:26","date_gmt":"2024-09-21T08:11:26","guid":{"rendered":"https:\/\/bodo-ticketing.com\/ueber-tobias\/"},"modified":"2025-12-01T17:37:53","modified_gmt":"2025-12-01T17:37:53","slug":"ueber-tobias","status":"publish","type":"page","link":"https:\/\/bodo-ticketing.com\/de\/ueber-tobias\/","title":{"rendered":"\u00dcber Tobias"},"content":{"rendered":"\n<div class=\"wp-block-uagb-container uagb-block-mzlgrqho alignfull uagb-is-root-container\"><div class=\"uagb-container-inner-blocks-wrap\">\n<div class=\"wp-block-uagb-info-box uagb-block-ovgtzgdb uagb-infobox__content-wrap  uagb-infobox-icon-above-title uagb-infobox-image-valign-top\"><div class=\"uagb-ifb-content\"><div class=\"uagb-ifb-title-wrap\"><h2 class=\"uagb-ifb-title\">Unsere Expertise, Ihr Erfolg<\/h2><\/div><p class=\"uagb-ifb-desc\">Lernen Sie das Team hinter Bodo AI Ticketing kennen<\/p><\/div><\/div>\n\n\n\n<div class=\"wp-block-uagb-container uagb-block-rnox9kqb\">\n<div class=\"wp-block-uagb-container uagb-block-8mjitlqy\">\n<div class=\"wp-block-uagb-info-box uagb-block-flsgc1hr uagb-infobox__content-wrap  uagb-infobox-icon-above-title uagb-infobox-image-valign-top\"><div class=\"uagb-ifb-content\"><div class=\"uagb-ifb-title-wrap\"><h3 class=\"uagb-ifb-title\"><strong>Wir stellen vor: Tobias \u2013 Programmierer &amp; Leiter der Bodo Softwareentwicklung<\/strong><\/h3><\/div><p class=\"uagb-ifb-desc\">Tobias ist seit 2020 das R\u00fcckgrat des technischen Teams von Bodo und leitet unsere Entwicklung mit \u00fcber 20 Jahren Erfahrung in der IT und einem Abschluss in Wirtschaftsinformatik. Als Leiter der Bodo Softwareentwicklung leitet Tobias nicht nur unsere Programmierarbeiten, sondern beaufsichtigt und betreut auch alle zus\u00e4tzlichen Entwickler, die unserem Team beitreten. Mit seinem un\u00fcbertroffenen Wissen \u00fcber unser System spielt er eine zentrale Rolle und stellt sicher, dass diese mit den hohen Qualit\u00e4tsstandards und dem benutzerorientierten Design von Bodo \u00fcbereinstimmen. Seine fundierte Expertise in den Bereichen Systemadministration, Webdesign und Programmierung hat ma\u00dfgeblich dazu beigetragen, Bodo zu der intelligenten Ticketing-L\u00f6sung zu machen, die es heute ist.<\/p><\/div><\/div>\n\n\n\n<div class=\"wp-block-uagb-buttons uagb-buttons__outer-wrap uagb-btn__default-btn uagb-btn-tablet__default-btn uagb-btn-mobile__default-btn uagb-block-0bxvxboa\"><div class=\"uagb-buttons__wrap uagb-buttons-layout-wrap \">\n<div class=\"wp-block-uagb-buttons-child uagb-buttons__outer-wrap uagb-block-m3b7qvyy wp-block-button\"><div class=\"uagb-button__wrapper\"><a class=\"uagb-buttons-repeater wp-block-button__link\" aria-label=\"\" href=\"https:\/\/bodo-ticketing.com\/de\/ki-ticketing-effiziente-e-mail-kommunikation-kundensupport\/\" rel=\"follow noopener\" target=\"_self\" role=\"button\"><div class=\"uagb-button__link\">Mehr \u00fcber Ticketing erfahren<\/div><span class=\"uagb-button__icon uagb-button__icon-position-after\"><svg xmlns=\"https:\/\/www.w3.org\/2000\/svg\" viewbox=\"0 0 320 512\" aria-hidden=\"true\" focussable=\"false\"><path d=\"M96 480c-8.188 0-16.38-3.125-22.62-9.375c-12.5-12.5-12.5-32.75 0-45.25L242.8 256L73.38 86.63c-12.5-12.5-12.5-32.75 0-45.25s32.75-12.5 45.25 0l192 192c12.5 12.5 12.5 32.75 0 45.25l-192 192C112.4 476.9 104.2 480 96 480z\"><\/path><\/svg><\/span><\/a><\/div><\/div>\n<\/div><\/div>\n<\/div>\n\n\n\n<div class=\"wp-block-uagb-image aligncenter uagb-block-lzlgm53v wp-block-uagb-image--layout-default wp-block-uagb-image--effect-static wp-block-uagb-image--align-center alignleft\"><figure class=\"wp-block-uagb-image__figure\"><img decoding=\"async\" srcset=\"https:\/\/bodo-ticketing.com\/wp-content\/uploads\/2024\/11\/Bild-Programmierer-T-5-2.jpg ,https:\/\/bodo-ticketing.com\/wp-content\/uploads\/2024\/11\/Bild-Programmierer-T-5-2.jpg 780w, https:\/\/bodo-ticketing.com\/wp-content\/uploads\/2024\/11\/Bild-Programmierer-T-5-2.jpg 360w\" sizes=\"auto, (max-width: 480px) 150px\" src=\"https:\/\/bodo-ticketing.com\/wp-content\/uploads\/2024\/11\/Bild-Programmierer-T-5-2.jpg\" alt=\"\" class=\"uag-image-25730\" width=\"400\" height=\"500\" title=\"Tobias Programmierer Bodo\" loading=\"lazy\" role=\"img\"><\/figure><\/div>\n<\/div>\n<\/div><\/div>\n","protected":false},"excerpt":{"rendered":"","protected":false},"author":3,"featured_media":0,"parent":0,"menu_order":0,"comment_status":"closed","ping_status":"closed","template":"","meta":{"_uag_custom_page_level_css":"","site-sidebar-layout":"default","site-content-layout":"","ast-site-content-layout":"","site-content-style":"default","site-sidebar-style":"default","ast-global-header-display":"","ast-banner-title-visibility":"","ast-main-header-display":"","ast-hfb-above-header-display":"","ast-hfb-below-header-display":"","ast-hfb-mobile-header-display":"","site-post-title":"","ast-breadcrumbs-content":"","ast-featured-img":"","footer-sml-layout":"","ast-disable-related-posts":"","theme-transparent-header-meta":"","adv-header-id-meta":"","stick-header-meta":"","header-above-stick-meta":"","header-main-stick-meta":"","header-below-stick-meta":"","astra-migrate-meta-layouts":"default","ast-page-background-enabled":"default","ast-page-background-meta":{"desktop":{"background-color":"var(--ast-global-color-4)","background-image":"","background-repeat":"repeat","background-position":"center center","background-size":"auto","background-attachment":"scroll","background-type":"","background-media":"","overlay-type":"","overlay-color":"","overlay-opacity":"","overlay-gradient":""},"tablet":{"background-color":"","background-image":"","background-repeat":"repeat","background-position":"center center","background-size":"auto","background-attachment":"scroll","background-type":"","background-media":"","overlay-type":"","overlay-color":"","overlay-opacity":"","overlay-gradient":""},"mobile":{"background-color":"","background-image":"","background-repeat":"repeat","background-position":"center center","background-size":"auto","background-attachment":"scroll","background-type":"","background-media":"","overlay-type":"","overlay-color":"","overlay-opacity":"","overlay-gradient":""}},"ast-content-background-meta":{"desktop":{"background-color":"var(--ast-global-color-5)","background-image":"","background-repeat":"repeat","background-position":"center center","background-size":"auto","background-attachment":"scroll","background-type":"","background-media":"","overlay-type":"","overlay-color":"","overlay-opacity":"","overlay-gradient":""},"tablet":{"background-color":"var(--ast-global-color-5)","background-image":"","background-repeat":"repeat","background-position":"center center","background-size":"auto","background-attachment":"scroll","background-type":"","background-media":"","overlay-type":"","overlay-color":"","overlay-opacity":"","overlay-gradient":""},"mobile":{"background-color":"var(--ast-global-color-5)","background-image":"","background-repeat":"repeat","background-position":"center center","background-size":"auto","background-attachment":"scroll","background-type":"","background-media":"","overlay-type":"","overlay-color":"","overlay-opacity":"","overlay-gradient":""}},"footnotes":""},"class_list":["post-26754","page","type-page","status-publish","hentry"],"yoast_head":"<!-- This site is optimized with the Yoast SEO plugin v27.3 - https:\/\/yoast.com\/product\/yoast-seo-wordpress\/ -->\n<title>\u00dcber Tobias - BODO Mail Ticketing System<\/title>\n<meta name=\"description\" content=\"Tobias ist ein erfahrener Programmierer und seit 2020 ein wichtiger Teil des Bodo-Teams.\" \/>\n<meta name=\"robots\" content=\"index, follow, max-snippet:-1, max-image-preview:large, max-video-preview:-1\" \/>\n<link rel=\"canonical\" href=\"https:\/\/bodo-ticketing.com\/de\/ueber-tobias\/\" \/>\n<meta property=\"og:locale\" content=\"de_DE\" \/>\n<meta property=\"og:type\" content=\"article\" \/>\n<meta property=\"og:title\" content=\"\u00dcber Tobias - BODO Mail Ticketing System\" \/>\n<meta property=\"og:description\" content=\"Tobias ist ein erfahrener Programmierer und seit 2020 ein wichtiger Teil des Bodo-Teams.\" \/>\n<meta property=\"og:url\" content=\"https:\/\/bodo-ticketing.com\/de\/ueber-tobias\/\" \/>\n<meta property=\"og:site_name\" content=\"BODO Mail Ticketing System\" \/>\n<meta property=\"article:modified_time\" content=\"2025-12-01T17:37:53+00:00\" \/>\n<meta property=\"og:image\" content=\"https:\/\/bodo-ticketing.com\/wp-content\/uploads\/2024\/11\/Bild-Programmierer-T-5-2.jpg\" \/>\n<meta name=\"twitter:card\" content=\"summary_large_image\" \/>\n<meta name=\"twitter:label1\" content=\"Gesch\u00e4tzte Lesezeit\" \/>\n\t<meta name=\"twitter:data1\" content=\"1\u00a0Minute\" \/>\n<script type=\"application\/ld+json\" class=\"yoast-schema-graph\">{\"@context\":\"https:\\\/\\\/schema.org\",\"@graph\":[{\"@type\":\"WebPage\",\"@id\":\"https:\\\/\\\/bodo-ticketing.com\\\/de\\\/ueber-tobias\\\/\",\"url\":\"https:\\\/\\\/bodo-ticketing.com\\\/de\\\/ueber-tobias\\\/\",\"name\":\"\u00dcber Tobias - BODO Mail Ticketing System\",\"isPartOf\":{\"@id\":\"https:\\\/\\\/bodo-ticketing.com\\\/de\\\/#website\"},\"primaryImageOfPage\":{\"@id\":\"https:\\\/\\\/bodo-ticketing.com\\\/de\\\/ueber-tobias\\\/#primaryimage\"},\"image\":{\"@id\":\"https:\\\/\\\/bodo-ticketing.com\\\/de\\\/ueber-tobias\\\/#primaryimage\"},\"thumbnailUrl\":\"https:\\\/\\\/bodo-ticketing.com\\\/wp-content\\\/uploads\\\/2024\\\/11\\\/Bild-Programmierer-T-5-2.jpg\",\"datePublished\":\"2024-09-21T08:11:26+00:00\",\"dateModified\":\"2025-12-01T17:37:53+00:00\",\"description\":\"Tobias ist ein erfahrener Programmierer und seit 2020 ein wichtiger Teil des Bodo-Teams.\",\"breadcrumb\":{\"@id\":\"https:\\\/\\\/bodo-ticketing.com\\\/de\\\/ueber-tobias\\\/#breadcrumb\"},\"inLanguage\":\"de\",\"potentialAction\":[{\"@type\":\"ReadAction\",\"target\":[\"https:\\\/\\\/bodo-ticketing.com\\\/de\\\/ueber-tobias\\\/\"]}]},{\"@type\":\"ImageObject\",\"inLanguage\":\"de\",\"@id\":\"https:\\\/\\\/bodo-ticketing.com\\\/de\\\/ueber-tobias\\\/#primaryimage\",\"url\":\"https:\\\/\\\/bodo-ticketing.com\\\/wp-content\\\/uploads\\\/2024\\\/11\\\/Bild-Programmierer-T-5-2.jpg\",\"contentUrl\":\"https:\\\/\\\/bodo-ticketing.com\\\/wp-content\\\/uploads\\\/2024\\\/11\\\/Bild-Programmierer-T-5-2.jpg\"},{\"@type\":\"BreadcrumbList\",\"@id\":\"https:\\\/\\\/bodo-ticketing.com\\\/de\\\/ueber-tobias\\\/#breadcrumb\",\"itemListElement\":[{\"@type\":\"ListItem\",\"position\":1,\"name\":\"Home\",\"item\":\"https:\\\/\\\/bodo-ticketing.com\\\/de\\\/\"},{\"@type\":\"ListItem\",\"position\":2,\"name\":\"\u00dcber Tobias\"}]},{\"@type\":\"WebSite\",\"@id\":\"https:\\\/\\\/bodo-ticketing.com\\\/de\\\/#website\",\"url\":\"https:\\\/\\\/bodo-ticketing.com\\\/de\\\/\",\"name\":\"Bodo Mail AI Ticketing System\",\"description\":\"The Clever Mail Ticketing System with AI-Powered(ChatGPT) Text Editing Integration\",\"publisher\":{\"@id\":\"https:\\\/\\\/bodo-ticketing.com\\\/de\\\/#organization\"},\"potentialAction\":[{\"@type\":\"SearchAction\",\"target\":{\"@type\":\"EntryPoint\",\"urlTemplate\":\"https:\\\/\\\/bodo-ticketing.com\\\/de\\\/?s={search_term_string}\"},\"query-input\":{\"@type\":\"PropertyValueSpecification\",\"valueRequired\":true,\"valueName\":\"search_term_string\"}}],\"inLanguage\":\"de\"},{\"@type\":\"Organization\",\"@id\":\"https:\\\/\\\/bodo-ticketing.com\\\/de\\\/#organization\",\"name\":\"Bodo Ticketing Solutions\",\"url\":\"https:\\\/\\\/bodo-ticketing.com\\\/de\\\/\",\"logo\":{\"@type\":\"ImageObject\",\"inLanguage\":\"de\",\"@id\":\"https:\\\/\\\/bodo-ticketing.com\\\/de\\\/#\\\/schema\\\/logo\\\/image\\\/\",\"url\":\"https:\\\/\\\/bodo-ticketing.com\\\/wp-content\\\/uploads\\\/2026\\\/02\\\/bodo-logo-tagline-en-stretched.svg\",\"contentUrl\":\"https:\\\/\\\/bodo-ticketing.com\\\/wp-content\\\/uploads\\\/2026\\\/02\\\/bodo-logo-tagline-en-stretched.svg\",\"caption\":\"Bodo Ticketing Solutions\"},\"image\":{\"@id\":\"https:\\\/\\\/bodo-ticketing.com\\\/de\\\/#\\\/schema\\\/logo\\\/image\\\/\"}}]}<\/script>\n<!-- \/ Yoast SEO plugin. -->","yoast_head_json":{"title":"\u00dcber Tobias - BODO Mail Ticketing System","description":"Tobias ist ein erfahrener Programmierer und seit 2020 ein wichtiger Teil des Bodo-Teams.","robots":{"index":"index","follow":"follow","max-snippet":"max-snippet:-1","max-image-preview":"max-image-preview:large","max-video-preview":"max-video-preview:-1"},"canonical":"https:\/\/bodo-ticketing.com\/de\/ueber-tobias\/","og_locale":"de_DE","og_type":"article","og_title":"\u00dcber Tobias - BODO Mail Ticketing System","og_description":"Tobias ist ein erfahrener Programmierer und seit 2020 ein wichtiger Teil des Bodo-Teams.","og_url":"https:\/\/bodo-ticketing.com\/de\/ueber-tobias\/","og_site_name":"BODO Mail Ticketing System","article_modified_time":"2025-12-01T17:37:53+00:00","og_image":[{"url":"https:\/\/bodo-ticketing.com\/wp-content\/uploads\/2024\/11\/Bild-Programmierer-T-5-2.jpg","type":"","width":"","height":""}],"twitter_card":"summary_large_image","twitter_misc":{"Gesch\u00e4tzte Lesezeit":"1\u00a0Minute"},"schema":{"@context":"https:\/\/schema.org","@graph":[{"@type":"WebPage","@id":"https:\/\/bodo-ticketing.com\/de\/ueber-tobias\/","url":"https:\/\/bodo-ticketing.com\/de\/ueber-tobias\/","name":"\u00dcber Tobias - BODO Mail Ticketing System","isPartOf":{"@id":"https:\/\/bodo-ticketing.com\/de\/#website"},"primaryImageOfPage":{"@id":"https:\/\/bodo-ticketing.com\/de\/ueber-tobias\/#primaryimage"},"image":{"@id":"https:\/\/bodo-ticketing.com\/de\/ueber-tobias\/#primaryimage"},"thumbnailUrl":"https:\/\/bodo-ticketing.com\/wp-content\/uploads\/2024\/11\/Bild-Programmierer-T-5-2.jpg","datePublished":"2024-09-21T08:11:26+00:00","dateModified":"2025-12-01T17:37:53+00:00","description":"Tobias ist ein erfahrener Programmierer und seit 2020 ein wichtiger Teil des Bodo-Teams.","breadcrumb":{"@id":"https:\/\/bodo-ticketing.com\/de\/ueber-tobias\/#breadcrumb"},"inLanguage":"de","potentialAction":[{"@type":"ReadAction","target":["https:\/\/bodo-ticketing.com\/de\/ueber-tobias\/"]}]},{"@type":"ImageObject","inLanguage":"de","@id":"https:\/\/bodo-ticketing.com\/de\/ueber-tobias\/#primaryimage","url":"https:\/\/bodo-ticketing.com\/wp-content\/uploads\/2024\/11\/Bild-Programmierer-T-5-2.jpg","contentUrl":"https:\/\/bodo-ticketing.com\/wp-content\/uploads\/2024\/11\/Bild-Programmierer-T-5-2.jpg"},{"@type":"BreadcrumbList","@id":"https:\/\/bodo-ticketing.com\/de\/ueber-tobias\/#breadcrumb","itemListElement":[{"@type":"ListItem","position":1,"name":"Home","item":"https:\/\/bodo-ticketing.com\/de\/"},{"@type":"ListItem","position":2,"name":"\u00dcber Tobias"}]},{"@type":"WebSite","@id":"https:\/\/bodo-ticketing.com\/de\/#website","url":"https:\/\/bodo-ticketing.com\/de\/","name":"Bodo Mail AI Ticketing System","description":"The Clever Mail Ticketing System with AI-Powered(ChatGPT) Text Editing Integration","publisher":{"@id":"https:\/\/bodo-ticketing.com\/de\/#organization"},"potentialAction":[{"@type":"SearchAction","target":{"@type":"EntryPoint","urlTemplate":"https:\/\/bodo-ticketing.com\/de\/?s={search_term_string}"},"query-input":{"@type":"PropertyValueSpecification","valueRequired":true,"valueName":"search_term_string"}}],"inLanguage":"de"},{"@type":"Organization","@id":"https:\/\/bodo-ticketing.com\/de\/#organization","name":"Bodo Ticketing Solutions","url":"https:\/\/bodo-ticketing.com\/de\/","logo":{"@type":"ImageObject","inLanguage":"de","@id":"https:\/\/bodo-ticketing.com\/de\/#\/schema\/logo\/image\/","url":"https:\/\/bodo-ticketing.com\/wp-content\/uploads\/2026\/02\/bodo-logo-tagline-en-stretched.svg","contentUrl":"https:\/\/bodo-ticketing.com\/wp-content\/uploads\/2026\/02\/bodo-logo-tagline-en-stretched.svg","caption":"Bodo Ticketing Solutions"},"image":{"@id":"https:\/\/bodo-ticketing.com\/de\/#\/schema\/logo\/image\/"}}]}},"uagb_featured_image_src":{"full":false,"thumbnail":false,"medium":false,"medium_large":false,"large":false,"1536x1536":false,"2048x2048":false},"uagb_author_info":{"display_name":"Andreas Kr\u00e4mer","author_link":"https:\/\/bodo-ticketing.com\/de\/author\/36h2p3mf4gzv\/"},"uagb_comment_info":0,"uagb_excerpt":null,"_links":{"self":[{"href":"https:\/\/bodo-ticketing.com\/de\/wp-json\/wp\/v2\/pages\/26754","targetHints":{"allow":["GET"]}}],"collection":[{"href":"https:\/\/bodo-ticketing.com\/de\/wp-json\/wp\/v2\/pages"}],"about":[{"href":"https:\/\/bodo-ticketing.com\/de\/wp-json\/wp\/v2\/types\/page"}],"author":[{"embeddable":true,"href":"https:\/\/bodo-ticketing.com\/de\/wp-json\/wp\/v2\/users\/3"}],"replies":[{"embeddable":true,"href":"https:\/\/bodo-ticketing.com\/de\/wp-json\/wp\/v2\/comments?post=26754"}],"version-history":[{"count":3,"href":"https:\/\/bodo-ticketing.com\/de\/wp-json\/wp\/v2\/pages\/26754\/revisions"}],"predecessor-version":[{"id":26913,"href":"https:\/\/bodo-ticketing.com\/de\/wp-json\/wp\/v2\/pages\/26754\/revisions\/26913"}],"wp:attachment":[{"href":"https:\/\/bodo-ticketing.com\/de\/wp-json\/wp\/v2\/media?parent=26754"}],"curies":[{"name":"wp","href":"https:\/\/api.w.org\/{rel}","templated":true}]}}