{"id":26746,"date":"2024-09-19T10:00:12","date_gmt":"2024-09-19T10:00:12","guid":{"rendered":"https:\/\/bodo-ticketing.com\/der-preis-wert-von-bodo\/"},"modified":"2025-12-01T17:29:18","modified_gmt":"2025-12-01T17:29:18","slug":"der-preis-wert-von-bodo","status":"publish","type":"page","link":"https:\/\/bodo-ticketing.com\/de\/der-preis-wert-von-bodo\/","title":{"rendered":"Der Preis &amp; Wert von Bodo"},"content":{"rendered":"\n<div class=\"wp-block-uagb-container uagb-block-kocy6hgh alignfull uagb-is-root-container\"><div class=\"uagb-container-inner-blocks-wrap\">\n<div class=\"wp-block-uagb-image alignleft uagb-block-nphynlje wp-block-uagb-image--layout-default wp-block-uagb-image--effect-static wp-block-uagb-image--align-left\"><figure class=\"wp-block-uagb-image__figure\"><img decoding=\"async\" srcset=\"https:\/\/bodo-ticketing.com\/wp-content\/uploads\/2024\/12\/Andreas-Kraemer-Why-Bodo-is-Worth-the-Price-3-x-n-9.jpg ,https:\/\/bodo-ticketing.com\/wp-content\/uploads\/2024\/12\/Andreas-Kraemer-Why-Bodo-is-Worth-the-Price-3-x-n-9.jpg 780w, https:\/\/bodo-ticketing.com\/wp-content\/uploads\/2024\/12\/Andreas-Kraemer-Why-Bodo-is-Worth-the-Price-3-x-n-9.jpg 360w\" sizes=\"auto, (max-width: 480px) 150px\" src=\"https:\/\/bodo-ticketing.com\/wp-content\/uploads\/2024\/12\/Andreas-Kraemer-Why-Bodo-is-Worth-the-Price-3-x-n-9.jpg\" alt=\"Andreas Kr\u00e4mer - Warum Bodo den Preis wert ist\" class=\"uag-image-25952\" width=\"546\" height=\"638\" title=\"Andreas Kr\u00e4mer - Warum Bodo den Preis wert ist\" loading=\"lazy\" role=\"img\"><\/figure><\/div>\n\n\n\n<div class=\"wp-block-uagb-container uagb-block-hbmfcr8o\">\n<div class=\"wp-block-uagb-info-box uagb-block-vehffntv uagb-infobox__content-wrap  uagb-infobox-icon-above-title uagb-infobox-image-valign-top\"><div class=\"uagb-ifb-content\"><div class=\"uagb-ifb-title-wrap\"><p class=\"uagb-ifb-title-prefix\">Investition in Effizienz, Reduzierung von Stress<br\/><\/p><h2 class=\"uagb-ifb-title\">Warum Bodo den Preis wert ist<\/h2><\/div><p class=\"uagb-ifb-desc\">Die Entwicklung des Bodo-Ticketsystems war \u00fcber die Jahre eine immense Investition, die f\u00fcr den Durchschnittsmenschen kaum vorstellbar ist. Jede noch so kleine \u00c4nderung, sei es die Positionierung einer Schaltfl\u00e4che oder das Hinzuf\u00fcgen neuer Funktionen, erforderte eine Bezahlung. Diese Anpassungen summieren sich schnell und f\u00fchren immer wieder zu sehr hohen Rechnungen, die selbst bei scheinbar kleinen \u00c4nderungen leicht vierstellige Betr\u00e4ge erreichen k\u00f6nnen. Dar\u00fcber hinaus kann auch die Kommunikation mit Programmierern eine Herausforderung sein: Man muss st\u00e4ndig genau erkl\u00e4ren, was man sich vorstellt, und trotz gro\u00dfer Bem\u00fchungen kann es immer noch zu Missverst\u00e4ndnissen kommen.    <br\/><br\/>Die Zusammenarbeit erfordert Geduld, sehr genaue Anweisungen und zahlreiche Stunden Engagement, um sicherzustellen, dass das Ergebnis Ihren Erwartungen entspricht. Anstatt in materielle Besitzt\u00fcmer zu investieren, habe ich mein Herzblut, meine Zeit und erhebliche finanzielle Mittel in Bodo gesteckt. <br\/><br\/>Das investierte Geld, das sich im Laufe der Jahre nat\u00fcrlich erheblich angesammelt hat \u2013 <strong>in H\u00f6he eines hohen sechsstelligen Betrags<\/strong> \u2013 h\u00e4tte f\u00fcr ein luxuri\u00f6ses Haus in bester Lage ausgegeben werden k\u00f6nnen.<br\/><\/p><\/div><\/div>\n<\/div>\n<\/div><\/div>\n\n<p>Ich fand es jedoch wichtiger, ein System zu haben, das den Arbeitsalltag vereinfacht und effizienter gestaltet. Diese Entscheidung unterstreicht den wahren Wert von Bodo. Es ist das Ergebnis jahrelanger Entwicklung und Optimierung, um ein Tool zu schaffen, das Stress reduziert, Zeit spart und einen besseren \u00dcberblick \u00fcber die Kommunikation bietet.  <\/p>\n\n<h2 class=\"wp-block-heading\">Bodo \u2013 Ein System, das sich auszahlt<\/h2>\n\n<p>Seit 2010 arbeite ich kontinuierlich an Bodo \u2013 urspr\u00fcnglich aus reinem Eigeninteresse, um meinen eigenen Arbeitsalltag effizienter, stressfreier und professioneller zu gestalten. In der Zwischenzeit habe ich versucht, mit Programmierern aus L\u00e4ndern zusammenzuarbeiten, in denen die Stundens\u00e4tze g\u00fcnstiger sind. Dies f\u00fchrte jedoch oft zu Kommunikationsproblemen und Missverst\u00e4ndnissen, was zu fehlerhafter Programmierung f\u00fchrte. Am Ende hat man oft sogar mehr bezahlt, als wenn man von Anfang an einen Programmierer aus der Schweiz oder Deutschland gew\u00e4hlt h\u00e4tte. Zudem w\u00e4re der Stress geringer gewesen und weniger Zeit f\u00fcr Erkl\u00e4rungen aufgewendet worden. Es war trotz niedrigerer Stundens\u00e4tze eine erhebliche Herausforderung.     <\/p>\n\n<p>Daher habe ich beschlossen, ausschlie\u00dflich mit deutschen und Schweizer Programmierern zusammenzuarbeiten. Sie bringen nicht nur das notwendige Fachwissen mit, sondern erf\u00fcllen auch die hohen Qualit\u00e4tsstandards, die ich f\u00fcr Bodo erwarte. <\/p>\n\n<p>Bodo ist mehr als nur ein Ticketsystem \u2013 es ist ein Tool, das entwickelt wurde, um den t\u00e4glichen Arbeitsablauf zu optimieren, Stress zu reduzieren und Zeit zu sparen. Es bietet einen umfassenden \u00dcberblick \u00fcber alle Kundenanfragen und gew\u00e4hrleistet eine effiziente, gut organisierte Kommunikation. Wenn Sie professionell arbeiten und Kundenanfragen schnell und pr\u00e4zise bearbeiten m\u00f6chten, ben\u00f6tigen Sie ein System, das diese Anforderungen erf\u00fcllt.  <\/p>\n\n<p>Mit Bodo erhalten Sie ein System, das sich durch kontinuierliche Entwicklung und Investitionen \u00fcber die Jahre bew\u00e4hrt hat. Sie k\u00f6nnen Bodo f\u00fcr einen Bruchteil der tats\u00e4chlichen Investition nutzen, sei es auf monatlicher Basis oder als lebenslange Lizenz. Dies verdeutlicht, dass Bodo nicht nur eine effiziente, sondern auch eine kosteng\u00fcnstige und faire L\u00f6sung ist. Die Investition in Bodo ist eine Investition in professionelles Arbeiten, die Ihnen Zeit, Stress und Aufwand spart \u2013 und es war mir bisher jeden Cent wert.   <\/p>\n","protected":false},"excerpt":{"rendered":"<p>Ich fand es jedoch wichtiger, ein System zu haben, das den Arbeitsalltag vereinfacht und effizienter gestaltet. Diese Entscheidung unterstreicht den [&hellip;]<\/p>\n","protected":false},"author":3,"featured_media":0,"parent":0,"menu_order":0,"comment_status":"closed","ping_status":"closed","template":"","meta":{"_uag_custom_page_level_css":"","site-sidebar-layout":"default","site-content-layout":"","ast-site-content-layout":"","site-content-style":"default","site-sidebar-style":"default","ast-global-header-display":"","ast-banner-title-visibility":"","ast-main-header-display":"","ast-hfb-above-header-display":"","ast-hfb-below-header-display":"","ast-hfb-mobile-header-display":"","site-post-title":"","ast-breadcrumbs-content":"","ast-featured-img":"","footer-sml-layout":"","ast-disable-related-posts":"","theme-transparent-header-meta":"","adv-header-id-meta":"","stick-header-meta":"","header-above-stick-meta":"","header-main-stick-meta":"","header-below-stick-meta":"","astra-migrate-meta-layouts":"default","ast-page-background-enabled":"default","ast-page-background-meta":{"desktop":{"background-color":"var(--ast-global-color-4)","background-image":"","background-repeat":"repeat","background-position":"center center","background-size":"auto","background-attachment":"scroll","background-type":"","background-media":"","overlay-type":"","overlay-color":"","overlay-opacity":"","overlay-gradient":""},"tablet":{"background-color":"","background-image":"","background-repeat":"repeat","background-position":"center center","background-size":"auto","background-attachment":"scroll","background-type":"","background-media":"","overlay-type":"","overlay-color":"","overlay-opacity":"","overlay-gradient":""},"mobile":{"background-color":"","background-image":"","background-repeat":"repeat","background-position":"center center","background-size":"auto","background-attachment":"scroll","background-type":"","background-media":"","overlay-type":"","overlay-color":"","overlay-opacity":"","overlay-gradient":""}},"ast-content-background-meta":{"desktop":{"background-color":"var(--ast-global-color-5)","background-image":"","background-repeat":"repeat","background-position":"center center","background-size":"auto","background-attachment":"scroll","background-type":"","background-media":"","overlay-type":"","overlay-color":"","overlay-opacity":"","overlay-gradient":""},"tablet":{"background-color":"var(--ast-global-color-5)","background-image":"","background-repeat":"repeat","background-position":"center center","background-size":"auto","background-attachment":"scroll","background-type":"","background-media":"","overlay-type":"","overlay-color":"","overlay-opacity":"","overlay-gradient":""},"mobile":{"background-color":"var(--ast-global-color-5)","background-image":"","background-repeat":"repeat","background-position":"center center","background-size":"auto","background-attachment":"scroll","background-type":"","background-media":"","overlay-type":"","overlay-color":"","overlay-opacity":"","overlay-gradient":""}},"footnotes":""},"class_list":["post-26746","page","type-page","status-publish","hentry"],"yoast_head":"<!-- This site is optimized with the Yoast SEO plugin v27.3 - https:\/\/yoast.com\/product\/yoast-seo-wordpress\/ -->\n<title>Der Preis &amp; Wert von Bodo - BODO Mail Ticketing System<\/title>\n<meta name=\"robots\" content=\"index, follow, max-snippet:-1, max-image-preview:large, max-video-preview:-1\" \/>\n<link rel=\"canonical\" href=\"https:\/\/bodo-ticketing.com\/de\/der-preis-wert-von-bodo\/\" \/>\n<meta property=\"og:locale\" content=\"de_DE\" \/>\n<meta property=\"og:type\" content=\"article\" \/>\n<meta property=\"og:title\" content=\"Der Preis &amp; Wert von Bodo - BODO Mail Ticketing System\" \/>\n<meta property=\"og:description\" content=\"Ich fand es jedoch wichtiger, ein System zu haben, das den Arbeitsalltag vereinfacht und effizienter gestaltet. Diese Entscheidung unterstreicht den [&hellip;]\" \/>\n<meta property=\"og:url\" content=\"https:\/\/bodo-ticketing.com\/de\/der-preis-wert-von-bodo\/\" \/>\n<meta property=\"og:site_name\" content=\"BODO Mail Ticketing System\" \/>\n<meta property=\"article:modified_time\" content=\"2025-12-01T17:29:18+00:00\" \/>\n<meta property=\"og:image\" content=\"https:\/\/bodo-ticketing.com\/wp-content\/uploads\/2024\/12\/Andreas-Kraemer-Why-Bodo-is-Worth-the-Price-3-x-n-9.jpg\" \/>\n<meta name=\"twitter:card\" content=\"summary_large_image\" \/>\n<meta name=\"twitter:label1\" content=\"Gesch\u00e4tzte Lesezeit\" \/>\n\t<meta name=\"twitter:data1\" content=\"3\u00a0Minuten\" \/>\n<script type=\"application\/ld+json\" class=\"yoast-schema-graph\">{\"@context\":\"https:\\\/\\\/schema.org\",\"@graph\":[{\"@type\":\"WebPage\",\"@id\":\"https:\\\/\\\/bodo-ticketing.com\\\/de\\\/der-preis-wert-von-bodo\\\/\",\"url\":\"https:\\\/\\\/bodo-ticketing.com\\\/de\\\/der-preis-wert-von-bodo\\\/\",\"name\":\"Der Preis &amp; Wert von Bodo - BODO Mail Ticketing System\",\"isPartOf\":{\"@id\":\"https:\\\/\\\/bodo-ticketing.com\\\/de\\\/#website\"},\"primaryImageOfPage\":{\"@id\":\"https:\\\/\\\/bodo-ticketing.com\\\/de\\\/der-preis-wert-von-bodo\\\/#primaryimage\"},\"image\":{\"@id\":\"https:\\\/\\\/bodo-ticketing.com\\\/de\\\/der-preis-wert-von-bodo\\\/#primaryimage\"},\"thumbnailUrl\":\"https:\\\/\\\/bodo-ticketing.com\\\/wp-content\\\/uploads\\\/2024\\\/12\\\/Andreas-Kraemer-Why-Bodo-is-Worth-the-Price-3-x-n-9.jpg\",\"datePublished\":\"2024-09-19T10:00:12+00:00\",\"dateModified\":\"2025-12-01T17:29:18+00:00\",\"breadcrumb\":{\"@id\":\"https:\\\/\\\/bodo-ticketing.com\\\/de\\\/der-preis-wert-von-bodo\\\/#breadcrumb\"},\"inLanguage\":\"de\",\"potentialAction\":[{\"@type\":\"ReadAction\",\"target\":[\"https:\\\/\\\/bodo-ticketing.com\\\/de\\\/der-preis-wert-von-bodo\\\/\"]}]},{\"@type\":\"ImageObject\",\"inLanguage\":\"de\",\"@id\":\"https:\\\/\\\/bodo-ticketing.com\\\/de\\\/der-preis-wert-von-bodo\\\/#primaryimage\",\"url\":\"https:\\\/\\\/bodo-ticketing.com\\\/wp-content\\\/uploads\\\/2024\\\/12\\\/Andreas-Kraemer-Why-Bodo-is-Worth-the-Price-3-x-n-9.jpg\",\"contentUrl\":\"https:\\\/\\\/bodo-ticketing.com\\\/wp-content\\\/uploads\\\/2024\\\/12\\\/Andreas-Kraemer-Why-Bodo-is-Worth-the-Price-3-x-n-9.jpg\"},{\"@type\":\"BreadcrumbList\",\"@id\":\"https:\\\/\\\/bodo-ticketing.com\\\/de\\\/der-preis-wert-von-bodo\\\/#breadcrumb\",\"itemListElement\":[{\"@type\":\"ListItem\",\"position\":1,\"name\":\"Home\",\"item\":\"https:\\\/\\\/bodo-ticketing.com\\\/de\\\/\"},{\"@type\":\"ListItem\",\"position\":2,\"name\":\"Der Preis &amp; Wert von Bodo\"}]},{\"@type\":\"WebSite\",\"@id\":\"https:\\\/\\\/bodo-ticketing.com\\\/de\\\/#website\",\"url\":\"https:\\\/\\\/bodo-ticketing.com\\\/de\\\/\",\"name\":\"Bodo Mail AI Ticketing System\",\"description\":\"The Clever Mail Ticketing System with AI-Powered(ChatGPT) Text Editing Integration\",\"publisher\":{\"@id\":\"https:\\\/\\\/bodo-ticketing.com\\\/de\\\/#organization\"},\"potentialAction\":[{\"@type\":\"SearchAction\",\"target\":{\"@type\":\"EntryPoint\",\"urlTemplate\":\"https:\\\/\\\/bodo-ticketing.com\\\/de\\\/?s={search_term_string}\"},\"query-input\":{\"@type\":\"PropertyValueSpecification\",\"valueRequired\":true,\"valueName\":\"search_term_string\"}}],\"inLanguage\":\"de\"},{\"@type\":\"Organization\",\"@id\":\"https:\\\/\\\/bodo-ticketing.com\\\/de\\\/#organization\",\"name\":\"Bodo Ticketing Solutions\",\"url\":\"https:\\\/\\\/bodo-ticketing.com\\\/de\\\/\",\"logo\":{\"@type\":\"ImageObject\",\"inLanguage\":\"de\",\"@id\":\"https:\\\/\\\/bodo-ticketing.com\\\/de\\\/#\\\/schema\\\/logo\\\/image\\\/\",\"url\":\"https:\\\/\\\/bodo-ticketing.com\\\/wp-content\\\/uploads\\\/2026\\\/02\\\/bodo-logo-tagline-en-stretched.svg\",\"contentUrl\":\"https:\\\/\\\/bodo-ticketing.com\\\/wp-content\\\/uploads\\\/2026\\\/02\\\/bodo-logo-tagline-en-stretched.svg\",\"caption\":\"Bodo Ticketing Solutions\"},\"image\":{\"@id\":\"https:\\\/\\\/bodo-ticketing.com\\\/de\\\/#\\\/schema\\\/logo\\\/image\\\/\"}}]}<\/script>\n<!-- \/ Yoast SEO plugin. -->","yoast_head_json":{"title":"Der Preis &amp; Wert von Bodo - BODO Mail Ticketing System","robots":{"index":"index","follow":"follow","max-snippet":"max-snippet:-1","max-image-preview":"max-image-preview:large","max-video-preview":"max-video-preview:-1"},"canonical":"https:\/\/bodo-ticketing.com\/de\/der-preis-wert-von-bodo\/","og_locale":"de_DE","og_type":"article","og_title":"Der Preis &amp; Wert von Bodo - BODO Mail Ticketing System","og_description":"Ich fand es jedoch wichtiger, ein System zu haben, das den Arbeitsalltag vereinfacht und effizienter gestaltet. Diese Entscheidung unterstreicht den [&hellip;]","og_url":"https:\/\/bodo-ticketing.com\/de\/der-preis-wert-von-bodo\/","og_site_name":"BODO Mail Ticketing System","article_modified_time":"2025-12-01T17:29:18+00:00","og_image":[{"url":"https:\/\/bodo-ticketing.com\/wp-content\/uploads\/2024\/12\/Andreas-Kraemer-Why-Bodo-is-Worth-the-Price-3-x-n-9.jpg","type":"","width":"","height":""}],"twitter_card":"summary_large_image","twitter_misc":{"Gesch\u00e4tzte Lesezeit":"3\u00a0Minuten"},"schema":{"@context":"https:\/\/schema.org","@graph":[{"@type":"WebPage","@id":"https:\/\/bodo-ticketing.com\/de\/der-preis-wert-von-bodo\/","url":"https:\/\/bodo-ticketing.com\/de\/der-preis-wert-von-bodo\/","name":"Der Preis &amp; Wert von Bodo - BODO Mail Ticketing System","isPartOf":{"@id":"https:\/\/bodo-ticketing.com\/de\/#website"},"primaryImageOfPage":{"@id":"https:\/\/bodo-ticketing.com\/de\/der-preis-wert-von-bodo\/#primaryimage"},"image":{"@id":"https:\/\/bodo-ticketing.com\/de\/der-preis-wert-von-bodo\/#primaryimage"},"thumbnailUrl":"https:\/\/bodo-ticketing.com\/wp-content\/uploads\/2024\/12\/Andreas-Kraemer-Why-Bodo-is-Worth-the-Price-3-x-n-9.jpg","datePublished":"2024-09-19T10:00:12+00:00","dateModified":"2025-12-01T17:29:18+00:00","breadcrumb":{"@id":"https:\/\/bodo-ticketing.com\/de\/der-preis-wert-von-bodo\/#breadcrumb"},"inLanguage":"de","potentialAction":[{"@type":"ReadAction","target":["https:\/\/bodo-ticketing.com\/de\/der-preis-wert-von-bodo\/"]}]},{"@type":"ImageObject","inLanguage":"de","@id":"https:\/\/bodo-ticketing.com\/de\/der-preis-wert-von-bodo\/#primaryimage","url":"https:\/\/bodo-ticketing.com\/wp-content\/uploads\/2024\/12\/Andreas-Kraemer-Why-Bodo-is-Worth-the-Price-3-x-n-9.jpg","contentUrl":"https:\/\/bodo-ticketing.com\/wp-content\/uploads\/2024\/12\/Andreas-Kraemer-Why-Bodo-is-Worth-the-Price-3-x-n-9.jpg"},{"@type":"BreadcrumbList","@id":"https:\/\/bodo-ticketing.com\/de\/der-preis-wert-von-bodo\/#breadcrumb","itemListElement":[{"@type":"ListItem","position":1,"name":"Home","item":"https:\/\/bodo-ticketing.com\/de\/"},{"@type":"ListItem","position":2,"name":"Der Preis &amp; Wert von Bodo"}]},{"@type":"WebSite","@id":"https:\/\/bodo-ticketing.com\/de\/#website","url":"https:\/\/bodo-ticketing.com\/de\/","name":"Bodo Mail AI Ticketing System","description":"The Clever Mail Ticketing System with AI-Powered(ChatGPT) Text Editing Integration","publisher":{"@id":"https:\/\/bodo-ticketing.com\/de\/#organization"},"potentialAction":[{"@type":"SearchAction","target":{"@type":"EntryPoint","urlTemplate":"https:\/\/bodo-ticketing.com\/de\/?s={search_term_string}"},"query-input":{"@type":"PropertyValueSpecification","valueRequired":true,"valueName":"search_term_string"}}],"inLanguage":"de"},{"@type":"Organization","@id":"https:\/\/bodo-ticketing.com\/de\/#organization","name":"Bodo Ticketing Solutions","url":"https:\/\/bodo-ticketing.com\/de\/","logo":{"@type":"ImageObject","inLanguage":"de","@id":"https:\/\/bodo-ticketing.com\/de\/#\/schema\/logo\/image\/","url":"https:\/\/bodo-ticketing.com\/wp-content\/uploads\/2026\/02\/bodo-logo-tagline-en-stretched.svg","contentUrl":"https:\/\/bodo-ticketing.com\/wp-content\/uploads\/2026\/02\/bodo-logo-tagline-en-stretched.svg","caption":"Bodo Ticketing Solutions"},"image":{"@id":"https:\/\/bodo-ticketing.com\/de\/#\/schema\/logo\/image\/"}}]}},"uagb_featured_image_src":{"full":false,"thumbnail":false,"medium":false,"medium_large":false,"large":false,"1536x1536":false,"2048x2048":false},"uagb_author_info":{"display_name":"Andreas Kr\u00e4mer","author_link":"https:\/\/bodo-ticketing.com\/de\/author\/36h2p3mf4gzv\/"},"uagb_comment_info":0,"uagb_excerpt":"Ich fand es jedoch wichtiger, ein System zu haben, das den Arbeitsalltag vereinfacht und effizienter gestaltet. Diese Entscheidung unterstreicht den [&hellip;]","_links":{"self":[{"href":"https:\/\/bodo-ticketing.com\/de\/wp-json\/wp\/v2\/pages\/26746","targetHints":{"allow":["GET"]}}],"collection":[{"href":"https:\/\/bodo-ticketing.com\/de\/wp-json\/wp\/v2\/pages"}],"about":[{"href":"https:\/\/bodo-ticketing.com\/de\/wp-json\/wp\/v2\/types\/page"}],"author":[{"embeddable":true,"href":"https:\/\/bodo-ticketing.com\/de\/wp-json\/wp\/v2\/users\/3"}],"replies":[{"embeddable":true,"href":"https:\/\/bodo-ticketing.com\/de\/wp-json\/wp\/v2\/comments?post=26746"}],"version-history":[{"count":1,"href":"https:\/\/bodo-ticketing.com\/de\/wp-json\/wp\/v2\/pages\/26746\/revisions"}],"predecessor-version":[{"id":26753,"href":"https:\/\/bodo-ticketing.com\/de\/wp-json\/wp\/v2\/pages\/26746\/revisions\/26753"}],"wp:attachment":[{"href":"https:\/\/bodo-ticketing.com\/de\/wp-json\/wp\/v2\/media?parent=26746"}],"curies":[{"name":"wp","href":"https:\/\/api.w.org\/{rel}","templated":true}]}}