{"id":26744,"date":"2025-03-17T21:48:31","date_gmt":"2025-03-17T21:48:31","guid":{"rendered":"https:\/\/bodo-ticketing.com\/zukunft-ki-chatbot-gestuetzte-whatsapp-und-instagram-integration-mit-bodo\/"},"modified":"2025-12-01T17:29:07","modified_gmt":"2025-12-01T17:29:07","slug":"zukunft-ki-chatbot-gestuetzte-whatsapp-und-instagram-integration-mit-bodo","status":"publish","type":"page","link":"https:\/\/bodo-ticketing.com\/de\/zukunft-ki-chatbot-gestuetzte-whatsapp-und-instagram-integration-mit-bodo\/","title":{"rendered":"Zukunft: KI-Chatbot-gest\u00fctzte WhatsApp- und Instagram-Integration mit Bodo"},"content":{"rendered":"\n<h2 class=\"wp-block-heading\">Effiziente Kommunikation durch Chatbots \u2013 Weniger Arbeit f\u00fcr Kliniken und Unternehmen<\/h2>\n\n<p>Viele Unternehmen und Kliniken stehen vor der Herausforderung, ein gro\u00dfes Volumen an t\u00e4glichen Anfragen \u00fcber WhatsApp und Instagram zu bearbeiten. St\u00e4ndige Verf\u00fcgbarkeit und die manuelle Beantwortung von Nachrichten sind zeitaufwendig, ineffizient und k\u00f6nnen Bedenken hinsichtlich Datenschutz, Datensicherheit und der Einhaltung von Vorschriften wie DSGVO und DSGVO aufwerfen.<\/p>\n\n<p>Mit Bodo entwickeln wir eine intelligente KI-Chatbot-Automatisierungsl\u00f6sung, die diese Aufgaben \u00fcbernimmt und gleichzeitig eine sichere, DSGVO- und DSGVO-konforme Kommunikation gew\u00e4hrleistet. Dies revolutioniert Ihre Kundenkommunikation, indem es Automatisierung mit Datenschutz kombiniert!<\/p>\n\n<h3 class=\"wp-block-heading\">Wie wird die geplante KI-Chatbot-Integration funktionieren?<\/h3>\n\n<p>Anstatt jede WhatsApp- oder Instagram-Nachricht manuell zu verwalten, wird unser intelligenter KI-gest\u00fctzter Chatbot:<\/p>\n\n<ul class=\"wp-block-list\">\n<li><strong>Automatisch auf allgemeine Anfragen antworten<\/strong> (z. B. \u00d6ffnungszeiten, Dienstleistungen, Preise, Standorte), ohne Ihr Team einzubeziehen.<\/li>\n\n\n\n<li><strong>Kunden zu einer Beratung f\u00fchren<\/strong>, wenn spezifische Bed\u00fcrfnisse oder Anfragen auftauchen.<\/li>\n\n\n\n<li><strong>Name, E-Mail-Adresse und Bilder erfassen<\/strong> und diese zur weiteren Bearbeitung direkt in Bodo \u00fcbertragen.<\/li>\n\n\n\n<li><strong>Automatisch ein Ticket in Bodo erstellen<\/strong>, um sicherzustellen, dass alle pers\u00f6nlichen und sensiblen Daten sicher und in \u00dcbereinstimmung mit DSGVO und DSGVO behandelt werden.<\/li>\n<\/ul>\n\n<h3 class=\"wp-block-heading\">Warum ist diese Chatbot-Integration ein Gamechanger?<\/h3>\n\n<ul class=\"wp-block-list\">\n<li><strong>Keine st\u00e4ndige \u00dcberwachung von WhatsApp und Instagram mehr<\/strong> \u2013 Ihre Klinik oder Ihr Unternehmen muss nicht mehr rund um die Uhr online sein.<\/li>\n\n\n\n<li><strong>Automatisierte Erstberatung rund um die Uhr<\/strong> \u2013 Der Chatbot beantwortet h\u00e4ufig gestellte Fragen sofort und bietet sofortige Antworten, ohne die Sicherheit zu beeintr\u00e4chtigen.<\/li>\n\n\n\n<li><strong>Alle individuellen Beratungen werden professionell in Bodo verwaltet<\/strong> \u2013 Sensible Kundenanfragen gelangen nahtlos in Ihr zentrales Ticketsystem, und die Kommunikation wird sicher per E-Mail fortgesetzt.<\/li>\n\n\n\n<li><strong>Erh\u00f6hte Effizienz &amp; Zeitersparnis<\/strong> \u2013 Ihr Team vermeidet es, Stunden mit der Beantwortung sich wiederholender Nachrichten zu verbringen, w\u00e4hrend Bodo eine sichere und organisierte Nachverfolgung gew\u00e4hrleistet.<\/li>\n\n\n\n<li><strong>Bessere Kundenerfahrung<\/strong> \u2013 Sofortige Chatbot-Antworten in Kombination mit DSGVO- und DSGVO-konformer Verarbeitung in Bodo sorgen f\u00fcr Vertrauen und Transparenz.<\/li>\n\n\n\n<li><strong>Steigern Sie Ihr Instagram-Marketing, ohne sich um Anfragen k\u00fcmmern zu m\u00fcssen<\/strong> \u2013 Jetzt k\u00f6nnen Sie sich ohne zu z\u00f6gern auf den Ausbau Ihrer Instagram-Marketingaktivit\u00e4ten konzentrieren, da alle Kundenanfragen automatisch bearbeitet und zur Nachverfolgung per E-Mail an Bodo weitergeleitet werden.<\/li>\n<\/ul>\n\n<h3 class=\"wp-block-heading\">So funktioniert der Prozess \u2013 Automatisierung durch Chatbots<\/h3>\n\n<ol class=\"wp-block-list\">\n<li>Der Kunde sendet eine Nachricht \u00fcber WhatsApp oder Instagram \u2192 Der Chatbot antwortet sofort auf allgemeine Fragen.<\/li>\n\n\n\n<li>Komplexere Anfragen werden identifiziert \u2192 Wenn ein Kunde eine Beratung w\u00fcnscht, erfasst der Chatbot dessen Namen, E-Mail-Adresse und relevante Bilder.<\/li>\n\n\n\n<li><strong>Nahtloser \u00dcbergang zu Bodo<\/strong> \u2192 Die gesammelten Informationen werden automatisch als Ticket in Bodo gespeichert, wodurch sichergestellt wird, dass sensible Daten sicher behandelt werden.<\/li>\n\n\n\n<li><strong>Die Kommunikation wird sicher per E-Mail fortgesetzt<\/strong> \u2192 Alle weiteren Diskussionen finden strukturiert, DSGVO- und DSGVO-konform \u00fcber Bodo statt.<\/li>\n<\/ol>\n\n<h3 class=\"wp-block-heading\">Zukunftssicher: Bodo als Ihre zentrale Kommunikationsdrehscheibe \u2013 V\u00f6llig stressfrei<\/h3>\n\n<p>Mit dieser Integration m\u00fcssen Sie nicht mehr direkt auf WhatsApp oder Instagram antworten. Alle wichtigen Anfragen werden automatisch bearbeitet, wodurch die Einhaltung von DSGVO und DSGVO gew\u00e4hrleistet und das Risiko von Fehlern bei der Datenverarbeitung reduziert wird. Der Chatbot gew\u00e4hrleistet effiziente Erstberatungen, w\u00e4hrend Bodo als Ihre zentrale Plattform f\u00fcr sichere Kommunikation dient, auf der alle sensiblen Daten gem\u00e4\u00df den gesetzlichen Bestimmungen gespeichert und verarbeitet werden. Dies macht die Verwaltung von Kundeninteraktionen v\u00f6llig stressfrei, da alles an einem Ort optimiert ist.<\/p>\n\n<p><\/p>\n","protected":false},"excerpt":{"rendered":"<p>Effiziente Kommunikation durch Chatbots \u2013 Weniger Arbeit f\u00fcr Kliniken und Unternehmen Viele Unternehmen und Kliniken stehen vor der Herausforderung, ein [&hellip;]<\/p>\n","protected":false},"author":3,"featured_media":0,"parent":0,"menu_order":0,"comment_status":"closed","ping_status":"closed","template":"","meta":{"_uag_custom_page_level_css":"","site-sidebar-layout":"default","site-content-layout":"","ast-site-content-layout":"default","site-content-style":"default","site-sidebar-style":"default","ast-global-header-display":"","ast-banner-title-visibility":"","ast-main-header-display":"","ast-hfb-above-header-display":"","ast-hfb-below-header-display":"","ast-hfb-mobile-header-display":"","site-post-title":"","ast-breadcrumbs-content":"","ast-featured-img":"","footer-sml-layout":"","ast-disable-related-posts":"","theme-transparent-header-meta":"","adv-header-id-meta":"","stick-header-meta":"","header-above-stick-meta":"","header-main-stick-meta":"","header-below-stick-meta":"","astra-migrate-meta-layouts":"default","ast-page-background-enabled":"default","ast-page-background-meta":{"desktop":{"background-color":"var(--ast-global-color-4)","background-image":"","background-repeat":"repeat","background-position":"center center","background-size":"auto","background-attachment":"scroll","background-type":"","background-media":"","overlay-type":"","overlay-color":"","overlay-opacity":"","overlay-gradient":""},"tablet":{"background-color":"","background-image":"","background-repeat":"repeat","background-position":"center center","background-size":"auto","background-attachment":"scroll","background-type":"","background-media":"","overlay-type":"","overlay-color":"","overlay-opacity":"","overlay-gradient":""},"mobile":{"background-color":"","background-image":"","background-repeat":"repeat","background-position":"center center","background-size":"auto","background-attachment":"scroll","background-type":"","background-media":"","overlay-type":"","overlay-color":"","overlay-opacity":"","overlay-gradient":""}},"ast-content-background-meta":{"desktop":{"background-color":"var(--ast-global-color-5)","background-image":"","background-repeat":"repeat","background-position":"center center","background-size":"auto","background-attachment":"scroll","background-type":"","background-media":"","overlay-type":"","overlay-color":"","overlay-opacity":"","overlay-gradient":""},"tablet":{"background-color":"var(--ast-global-color-5)","background-image":"","background-repeat":"repeat","background-position":"center center","background-size":"auto","background-attachment":"scroll","background-type":"","background-media":"","overlay-type":"","overlay-color":"","overlay-opacity":"","overlay-gradient":""},"mobile":{"background-color":"var(--ast-global-color-5)","background-image":"","background-repeat":"repeat","background-position":"center center","background-size":"auto","background-attachment":"scroll","background-type":"","background-media":"","overlay-type":"","overlay-color":"","overlay-opacity":"","overlay-gradient":""}},"footnotes":""},"class_list":["post-26744","page","type-page","status-publish","hentry"],"yoast_head":"<!-- This site is optimized with the Yoast SEO plugin v27.3 - https:\/\/yoast.com\/product\/yoast-seo-wordpress\/ -->\n<title>Automatisierte KI-Chatbot-Integration f\u00fcr WhatsApp &amp; Instagram<\/title>\n<meta name=\"description\" content=\"Automatisierte Chatbot-Integration f\u00fcr WhatsApp &amp; Instagram: Der KI-gest\u00fctzte Chatbot von Bodo automatisiert Antworten auf allgemeine Anfragen und \u00fcberf\u00fchrt Beratungen nahtlos in Tickets \u2013 das spart Zeit, reduziert den Arbeitsaufwand und steigert die Effizienz.\" \/>\n<meta name=\"robots\" content=\"index, follow, max-snippet:-1, max-image-preview:large, max-video-preview:-1\" \/>\n<link rel=\"canonical\" href=\"https:\/\/bodo-ticketing.com\/de\/zukunft-ki-chatbot-gestuetzte-whatsapp-und-instagram-integration-mit-bodo\/\" \/>\n<meta property=\"og:locale\" content=\"de_DE\" \/>\n<meta property=\"og:type\" content=\"article\" \/>\n<meta property=\"og:title\" content=\"Automatisierte KI-Chatbot-Integration f\u00fcr WhatsApp &amp; Instagram\" \/>\n<meta property=\"og:description\" content=\"Automatisierte Chatbot-Integration f\u00fcr WhatsApp &amp; Instagram: Der KI-gest\u00fctzte Chatbot von Bodo automatisiert Antworten auf allgemeine Anfragen und \u00fcberf\u00fchrt Beratungen nahtlos in Tickets \u2013 das spart Zeit, reduziert den Arbeitsaufwand und steigert die Effizienz.\" \/>\n<meta property=\"og:url\" content=\"https:\/\/bodo-ticketing.com\/de\/zukunft-ki-chatbot-gestuetzte-whatsapp-und-instagram-integration-mit-bodo\/\" \/>\n<meta property=\"og:site_name\" content=\"BODO Mail Ticketing System\" \/>\n<meta property=\"article:modified_time\" content=\"2025-12-01T17:29:07+00:00\" \/>\n<meta name=\"twitter:card\" content=\"summary_large_image\" \/>\n<meta name=\"twitter:label1\" content=\"Gesch\u00e4tzte Lesezeit\" \/>\n\t<meta name=\"twitter:data1\" content=\"3\u00a0Minuten\" \/>\n<script type=\"application\/ld+json\" class=\"yoast-schema-graph\">{\"@context\":\"https:\\\/\\\/schema.org\",\"@graph\":[{\"@type\":\"WebPage\",\"@id\":\"https:\\\/\\\/bodo-ticketing.com\\\/de\\\/zukunft-ki-chatbot-gestuetzte-whatsapp-und-instagram-integration-mit-bodo\\\/\",\"url\":\"https:\\\/\\\/bodo-ticketing.com\\\/de\\\/zukunft-ki-chatbot-gestuetzte-whatsapp-und-instagram-integration-mit-bodo\\\/\",\"name\":\"Automatisierte KI-Chatbot-Integration f\u00fcr WhatsApp & Instagram\",\"isPartOf\":{\"@id\":\"https:\\\/\\\/bodo-ticketing.com\\\/de\\\/#website\"},\"datePublished\":\"2025-03-17T21:48:31+00:00\",\"dateModified\":\"2025-12-01T17:29:07+00:00\",\"description\":\"Automatisierte Chatbot-Integration f\u00fcr WhatsApp & Instagram: Der KI-gest\u00fctzte Chatbot von Bodo automatisiert Antworten auf allgemeine Anfragen und \u00fcberf\u00fchrt Beratungen nahtlos in Tickets \u2013 das spart Zeit, reduziert den Arbeitsaufwand und steigert die Effizienz.\",\"breadcrumb\":{\"@id\":\"https:\\\/\\\/bodo-ticketing.com\\\/de\\\/zukunft-ki-chatbot-gestuetzte-whatsapp-und-instagram-integration-mit-bodo\\\/#breadcrumb\"},\"inLanguage\":\"de\",\"potentialAction\":[{\"@type\":\"ReadAction\",\"target\":[\"https:\\\/\\\/bodo-ticketing.com\\\/de\\\/zukunft-ki-chatbot-gestuetzte-whatsapp-und-instagram-integration-mit-bodo\\\/\"]}]},{\"@type\":\"BreadcrumbList\",\"@id\":\"https:\\\/\\\/bodo-ticketing.com\\\/de\\\/zukunft-ki-chatbot-gestuetzte-whatsapp-und-instagram-integration-mit-bodo\\\/#breadcrumb\",\"itemListElement\":[{\"@type\":\"ListItem\",\"position\":1,\"name\":\"Home\",\"item\":\"https:\\\/\\\/bodo-ticketing.com\\\/de\\\/\"},{\"@type\":\"ListItem\",\"position\":2,\"name\":\"Zukunft: KI-Chatbot-gest\u00fctzte WhatsApp- und Instagram-Integration mit Bodo\"}]},{\"@type\":\"WebSite\",\"@id\":\"https:\\\/\\\/bodo-ticketing.com\\\/de\\\/#website\",\"url\":\"https:\\\/\\\/bodo-ticketing.com\\\/de\\\/\",\"name\":\"Bodo Mail AI Ticketing System\",\"description\":\"The Clever Mail Ticketing System with AI-Powered(ChatGPT) Text Editing Integration\",\"publisher\":{\"@id\":\"https:\\\/\\\/bodo-ticketing.com\\\/de\\\/#organization\"},\"potentialAction\":[{\"@type\":\"SearchAction\",\"target\":{\"@type\":\"EntryPoint\",\"urlTemplate\":\"https:\\\/\\\/bodo-ticketing.com\\\/de\\\/?s={search_term_string}\"},\"query-input\":{\"@type\":\"PropertyValueSpecification\",\"valueRequired\":true,\"valueName\":\"search_term_string\"}}],\"inLanguage\":\"de\"},{\"@type\":\"Organization\",\"@id\":\"https:\\\/\\\/bodo-ticketing.com\\\/de\\\/#organization\",\"name\":\"Bodo Ticketing Solutions\",\"url\":\"https:\\\/\\\/bodo-ticketing.com\\\/de\\\/\",\"logo\":{\"@type\":\"ImageObject\",\"inLanguage\":\"de\",\"@id\":\"https:\\\/\\\/bodo-ticketing.com\\\/de\\\/#\\\/schema\\\/logo\\\/image\\\/\",\"url\":\"https:\\\/\\\/bodo-ticketing.com\\\/wp-content\\\/uploads\\\/2026\\\/02\\\/bodo-logo-tagline-en-stretched.svg\",\"contentUrl\":\"https:\\\/\\\/bodo-ticketing.com\\\/wp-content\\\/uploads\\\/2026\\\/02\\\/bodo-logo-tagline-en-stretched.svg\",\"caption\":\"Bodo Ticketing Solutions\"},\"image\":{\"@id\":\"https:\\\/\\\/bodo-ticketing.com\\\/de\\\/#\\\/schema\\\/logo\\\/image\\\/\"}}]}<\/script>\n<!-- \/ Yoast SEO plugin. -->","yoast_head_json":{"title":"Automatisierte KI-Chatbot-Integration f\u00fcr WhatsApp & Instagram","description":"Automatisierte Chatbot-Integration f\u00fcr WhatsApp & Instagram: Der KI-gest\u00fctzte Chatbot von Bodo automatisiert Antworten auf allgemeine Anfragen und \u00fcberf\u00fchrt Beratungen nahtlos in Tickets \u2013 das spart Zeit, reduziert den Arbeitsaufwand und steigert die Effizienz.","robots":{"index":"index","follow":"follow","max-snippet":"max-snippet:-1","max-image-preview":"max-image-preview:large","max-video-preview":"max-video-preview:-1"},"canonical":"https:\/\/bodo-ticketing.com\/de\/zukunft-ki-chatbot-gestuetzte-whatsapp-und-instagram-integration-mit-bodo\/","og_locale":"de_DE","og_type":"article","og_title":"Automatisierte KI-Chatbot-Integration f\u00fcr WhatsApp & Instagram","og_description":"Automatisierte Chatbot-Integration f\u00fcr WhatsApp & Instagram: Der KI-gest\u00fctzte Chatbot von Bodo automatisiert Antworten auf allgemeine Anfragen und \u00fcberf\u00fchrt Beratungen nahtlos in Tickets \u2013 das spart Zeit, reduziert den Arbeitsaufwand und steigert die Effizienz.","og_url":"https:\/\/bodo-ticketing.com\/de\/zukunft-ki-chatbot-gestuetzte-whatsapp-und-instagram-integration-mit-bodo\/","og_site_name":"BODO Mail Ticketing System","article_modified_time":"2025-12-01T17:29:07+00:00","twitter_card":"summary_large_image","twitter_misc":{"Gesch\u00e4tzte Lesezeit":"3\u00a0Minuten"},"schema":{"@context":"https:\/\/schema.org","@graph":[{"@type":"WebPage","@id":"https:\/\/bodo-ticketing.com\/de\/zukunft-ki-chatbot-gestuetzte-whatsapp-und-instagram-integration-mit-bodo\/","url":"https:\/\/bodo-ticketing.com\/de\/zukunft-ki-chatbot-gestuetzte-whatsapp-und-instagram-integration-mit-bodo\/","name":"Automatisierte KI-Chatbot-Integration f\u00fcr WhatsApp & Instagram","isPartOf":{"@id":"https:\/\/bodo-ticketing.com\/de\/#website"},"datePublished":"2025-03-17T21:48:31+00:00","dateModified":"2025-12-01T17:29:07+00:00","description":"Automatisierte Chatbot-Integration f\u00fcr WhatsApp & Instagram: Der KI-gest\u00fctzte Chatbot von Bodo automatisiert Antworten auf allgemeine Anfragen und \u00fcberf\u00fchrt Beratungen nahtlos in Tickets \u2013 das spart Zeit, reduziert den Arbeitsaufwand und steigert die Effizienz.","breadcrumb":{"@id":"https:\/\/bodo-ticketing.com\/de\/zukunft-ki-chatbot-gestuetzte-whatsapp-und-instagram-integration-mit-bodo\/#breadcrumb"},"inLanguage":"de","potentialAction":[{"@type":"ReadAction","target":["https:\/\/bodo-ticketing.com\/de\/zukunft-ki-chatbot-gestuetzte-whatsapp-und-instagram-integration-mit-bodo\/"]}]},{"@type":"BreadcrumbList","@id":"https:\/\/bodo-ticketing.com\/de\/zukunft-ki-chatbot-gestuetzte-whatsapp-und-instagram-integration-mit-bodo\/#breadcrumb","itemListElement":[{"@type":"ListItem","position":1,"name":"Home","item":"https:\/\/bodo-ticketing.com\/de\/"},{"@type":"ListItem","position":2,"name":"Zukunft: KI-Chatbot-gest\u00fctzte WhatsApp- und Instagram-Integration mit Bodo"}]},{"@type":"WebSite","@id":"https:\/\/bodo-ticketing.com\/de\/#website","url":"https:\/\/bodo-ticketing.com\/de\/","name":"Bodo Mail AI Ticketing System","description":"The Clever Mail Ticketing System with AI-Powered(ChatGPT) Text Editing Integration","publisher":{"@id":"https:\/\/bodo-ticketing.com\/de\/#organization"},"potentialAction":[{"@type":"SearchAction","target":{"@type":"EntryPoint","urlTemplate":"https:\/\/bodo-ticketing.com\/de\/?s={search_term_string}"},"query-input":{"@type":"PropertyValueSpecification","valueRequired":true,"valueName":"search_term_string"}}],"inLanguage":"de"},{"@type":"Organization","@id":"https:\/\/bodo-ticketing.com\/de\/#organization","name":"Bodo Ticketing Solutions","url":"https:\/\/bodo-ticketing.com\/de\/","logo":{"@type":"ImageObject","inLanguage":"de","@id":"https:\/\/bodo-ticketing.com\/de\/#\/schema\/logo\/image\/","url":"https:\/\/bodo-ticketing.com\/wp-content\/uploads\/2026\/02\/bodo-logo-tagline-en-stretched.svg","contentUrl":"https:\/\/bodo-ticketing.com\/wp-content\/uploads\/2026\/02\/bodo-logo-tagline-en-stretched.svg","caption":"Bodo Ticketing Solutions"},"image":{"@id":"https:\/\/bodo-ticketing.com\/de\/#\/schema\/logo\/image\/"}}]}},"uagb_featured_image_src":{"full":false,"thumbnail":false,"medium":false,"medium_large":false,"large":false,"1536x1536":false,"2048x2048":false},"uagb_author_info":{"display_name":"Andreas Kr\u00e4mer","author_link":"https:\/\/bodo-ticketing.com\/de\/author\/36h2p3mf4gzv\/"},"uagb_comment_info":0,"uagb_excerpt":"Effiziente Kommunikation durch Chatbots \u2013 Weniger Arbeit f\u00fcr Kliniken und Unternehmen Viele Unternehmen und Kliniken stehen vor der Herausforderung, ein [&hellip;]","_links":{"self":[{"href":"https:\/\/bodo-ticketing.com\/de\/wp-json\/wp\/v2\/pages\/26744","targetHints":{"allow":["GET"]}}],"collection":[{"href":"https:\/\/bodo-ticketing.com\/de\/wp-json\/wp\/v2\/pages"}],"about":[{"href":"https:\/\/bodo-ticketing.com\/de\/wp-json\/wp\/v2\/types\/page"}],"author":[{"embeddable":true,"href":"https:\/\/bodo-ticketing.com\/de\/wp-json\/wp\/v2\/users\/3"}],"replies":[{"embeddable":true,"href":"https:\/\/bodo-ticketing.com\/de\/wp-json\/wp\/v2\/comments?post=26744"}],"version-history":[{"count":1,"href":"https:\/\/bodo-ticketing.com\/de\/wp-json\/wp\/v2\/pages\/26744\/revisions"}],"predecessor-version":[{"id":26745,"href":"https:\/\/bodo-ticketing.com\/de\/wp-json\/wp\/v2\/pages\/26744\/revisions\/26745"}],"wp:attachment":[{"href":"https:\/\/bodo-ticketing.com\/de\/wp-json\/wp\/v2\/media?parent=26744"}],"curies":[{"name":"wp","href":"https:\/\/api.w.org\/{rel}","templated":true}]}}