{"id":26742,"date":"2025-01-10T21:50:36","date_gmt":"2025-01-10T21:50:36","guid":{"rendered":"https:\/\/bodo-ticketing.com\/bodo-demo\/"},"modified":"2025-12-01T17:29:07","modified_gmt":"2025-12-01T17:29:07","slug":"bodo-demo","status":"publish","type":"page","link":"https:\/\/bodo-ticketing.com\/de\/bodo-demo\/","title":{"rendered":"Bodo Demo"},"content":{"rendered":"\n<div class=\"wp-block-uagb-container uagb-block-eiin3wh8 alignfull uagb-is-root-container\"><div class=\"uagb-container-inner-blocks-wrap\">\n<div class=\"wp-block-uagb-container uagb-block-iq4av1u1\">\n<div class=\"wp-block-uagb-info-box uagb-block-mjodlvqh uagb-infobox__content-wrap  uagb-infobox-icon-above-title uagb-infobox-image-valign-top\"><div class=\"uagb-ifb-content\"><div class=\"uagb-ifb-title-wrap\"><h3 class=\"uagb-ifb-title\">Interesse an einem kostenlosen Demo-Konto? Revolution\u00e4re Ticketing-L\u00f6sungen<\/h3><\/div><p class=\"uagb-ifb-desc\">Entdecken Sie die Zukunft der Kundenkommunikation mit Bodo AI Ticketing. Optimieren Sie Ihren Textbearbeitungsprozess mit dem leistungsstarken Bodo AI Text Editor und gestalten Sie Ihren Workflow nahtlos.<\/p><\/div><\/div>\n\n\n\n<div class=\"wp-block-uagb-icon-list uagb-block-gaw1mjf1\"><div class=\"uagb-icon-list__wrap\">\n<div class=\"wp-block-uagb-icon-list-child uagb-block-vwkqulm7\"><span class=\"uagb-icon-list__source-wrap\"><svg xmlns=\"https:\/\/www.w3.org\/2000\/svg\" viewbox=\"0 0 448 512\"><path d=\"M438.6 105.4C451.1 117.9 451.1 138.1 438.6 150.6L182.6 406.6C170.1 419.1 149.9 419.1 137.4 406.6L9.372 278.6C-3.124 266.1-3.124 245.9 9.372 233.4C21.87 220.9 42.13 220.9 54.63 233.4L159.1 338.7L393.4 105.4C405.9 92.88 426.1 92.88 438.6 105.4H438.6z\"><\/path><\/svg><\/span><span class=\"uagb-icon-list__label\"><strong>KI-gest\u00fctzte Textbearbeitung<\/strong>: Antworten m\u00fchelos innerhalb der Plattform verbessern und verfeinern.<\/span><\/div>\n\n\n\n<div class=\"wp-block-uagb-icon-list-child uagb-block-s39nisc6\"><span class=\"uagb-icon-list__source-wrap\"><svg xmlns=\"https:\/\/www.w3.org\/2000\/svg\" viewbox=\"0 0 448 512\"><path d=\"M438.6 105.4C451.1 117.9 451.1 138.1 438.6 150.6L182.6 406.6C170.1 419.1 149.9 419.1 137.4 406.6L9.372 278.6C-3.124 266.1-3.124 245.9 9.372 233.4C21.87 220.9 42.13 220.9 54.63 233.4L159.1 338.7L393.4 105.4C405.9 92.88 426.1 92.88 438.6 105.4H438.6z\"><\/path><\/svg><\/span><span class=\"uagb-icon-list__label\"><strong>Effizientes Anfragemanagement<\/strong>: Kundenanfragen systematisch organisieren und l\u00f6sen.<\/span><\/div>\n\n\n\n<div class=\"wp-block-uagb-icon-list-child uagb-block-cxiv9byx\"><span class=\"uagb-icon-list__source-wrap\"><svg xmlns=\"https:\/\/www.w3.org\/2000\/svg\" viewbox=\"0 0 448 512\"><path d=\"M438.6 105.4C451.1 117.9 451.1 138.1 438.6 150.6L182.6 406.6C170.1 419.1 149.9 419.1 137.4 406.6L9.372 278.6C-3.124 266.1-3.124 245.9 9.372 233.4C21.87 220.9 42.13 220.9 54.63 233.4L159.1 338.7L393.4 105.4C405.9 92.88 426.1 92.88 438.6 105.4H438.6z\"><\/path><\/svg><\/span><span class=\"uagb-icon-list__label\"><strong>Textvorlagen: <\/strong>Nutzen Sie Textvorlagen, um h\u00e4ufig gestellte Fragen schnell zu beantworten. <\/span><\/div>\n\n\n\n<div class=\"wp-block-uagb-icon-list-child uagb-block-cbrzjyhs\"><span class=\"uagb-icon-list__source-wrap\"><svg xmlns=\"https:\/\/www.w3.org\/2000\/svg\" viewbox=\"0 0 448 512\"><path d=\"M438.6 105.4C451.1 117.9 451.1 138.1 438.6 150.6L182.6 406.6C170.1 419.1 149.9 419.1 137.4 406.6L9.372 278.6C-3.124 266.1-3.124 245.9 9.372 233.4C21.87 220.9 42.13 220.9 54.63 233.4L159.1 338.7L393.4 105.4C405.9 92.88 426.1 92.88 438.6 105.4H438.6z\"><\/path><\/svg><\/span><span class=\"uagb-icon-list__label\"><strong>Dateimanager<\/strong>: Dateien von \u00fcberall hinzuf\u00fcgen und jederzeit darauf zugreifen.<\/span><\/div>\n<\/div><\/div>\n<\/div>\n\n\n\n<div class=\"wp-block-uagb-image uagb-block-c2pdhrjy wp-block-uagb-image--layout-default wp-block-uagb-image--effect-static wp-block-uagb-image--align-none\"><figure class=\"wp-block-uagb-image__figure\"><img decoding=\"async\" srcset=\"https:\/\/bodo-ticketing.com\/wp-content\/uploads\/2024\/11\/Bodo-the-intelligent-Mail-Ticketing-System-with-AI-Powered-ChatGPD-Integreation-a.jpg ,https:\/\/bodo-ticketing.com\/wp-content\/uploads\/2024\/11\/Bodo-the-intelligent-Mail-Ticketing-System-with-AI-Powered-ChatGPD-Integreation-a.jpg 780w, https:\/\/bodo-ticketing.com\/wp-content\/uploads\/2024\/11\/Bodo-the-intelligent-Mail-Ticketing-System-with-AI-Powered-ChatGPD-Integreation-a.jpg 360w\" sizes=\"auto, (max-width: 480px) 150px\" src=\"https:\/\/bodo-ticketing.com\/wp-content\/uploads\/2024\/11\/Bodo-the-intelligent-Mail-Ticketing-System-with-AI-Powered-ChatGPD-Integreation-a.jpg\" alt=\"Bodo: Das intelligente Mail-Ticketing-System mit KI-gest\u00fctzter ChatGPT-Integration\" class=\"uag-image-25721\" width=\"457\" height=\"519\" title=\"Bodo: Das intelligente Mail-Ticketing-System mit KI-gest\u00fctzter ChatGPT-Integration\" loading=\"lazy\" role=\"img\"><\/figure><\/div>\n<\/div><\/div>\n\n<p>Erleben Sie die Vorteile des Bodo Ticketing-Systems in einem pers\u00f6nlichen Demo-Konto!<br\/><br\/>Sie erhalten einen individuellen Zugang mit Ihrer eigenen Login-ID, um die Bodo-Funktionen selbst zu testen. Probieren Sie aus, wie einfach es ist, E-Mails zu verwalten und mit Kunden zu kommunizieren.<br\/><br\/>F\u00fcllen Sie unser Formular unten aus &amp; fordern Sie jetzt Ihr Demo-Konto an \u2013 wir richten alles f\u00fcr Sie ein und senden Ihnen Ihre Zugangsdaten.<\/p>\n<div class=\"wp-block-uagb-faq uagb-faq__outer-wrap uagb-block-780e1791 uagb-faq-icon-row uagb-faq-layout-accordion uagb-faq-expand-first-true uagb-faq-inactive-other-true uagb-faq__wrap uagb-buttons-layout-wrap uagb-faq-equal-height     \" data-faqtoggle=\"true\" role=\"tablist\"><\/div>\n<div class=\"wp-block-uagb-info-box uagb-block-a613cd48 uagb-infobox__content-wrap  uagb-infobox-icon-above-title uagb-infobox-image-valign-top\"><div class=\"uagb-ifb-content\"><div class=\"uagb-ifb-icon-wrap\"><svg xmlns=\"https:\/\/www.w3.org\/2000\/svg\" viewbox=\"0 0 512 512\"><path d=\"M0 256C0 114.6 114.6 0 256 0C397.4 0 512 114.6 512 256C512 397.4 397.4 512 256 512C114.6 512 0 397.4 0 256zM371.8 211.8C382.7 200.9 382.7 183.1 371.8 172.2C360.9 161.3 343.1 161.3 332.2 172.2L224 280.4L179.8 236.2C168.9 225.3 151.1 225.3 140.2 236.2C129.3 247.1 129.3 264.9 140.2 275.8L204.2 339.8C215.1 350.7 232.9 350.7 243.8 339.8L371.8 211.8z\"><\/path><\/svg><\/div><div class=\"uagb-ifb-title-wrap\"><h3 class=\"uagb-ifb-title\"><strong>DEMO-KONTO ANFORDERN \u2013 BITTE BEACHTEN SIE!<\/strong><\/h3><\/div><p class=\"uagb-ifb-desc\">Wir freuen uns sehr, dass Sie ein Demo-Konto beantragen. Bitte beachten Sie jedoch: Wir bearbeiten Ihre Anfrage und richten Ihr Konto so schnell wie m\u00f6glich ein. Wir bitten Sie jedoch um etwas Geduld. Wir sind kein Gro\u00dfkonzern wie Microsoft, Google oder Amazon mit Tausenden von Mitarbeitern. Wir sind ein kleines Unternehmen mit Sitz in der Schweiz\ud83c\udde8\ud83c\udded (lesen Sie mehr unter <a href=\"https:\/\/bodo-ticketing.com\/about-us\/\">Bodo &amp; \u00fcber uns<\/a>), das sich der Bereitstellung hochwertiger, personalisierter Dienstleistungen und ma\u00dfgeschneiderter L\u00f6sungen verschrieben hat.<br\/><br\/>Abh\u00e4ngig vom E-Mail- und Anfragevolumen kann es gelegentlich zu Verz\u00f6gerungen kommen. Wir bitten Sie um Ihr Verst\u00e4ndnis und versichern Ihnen, dass wir uns stets bem\u00fchen, Ihre Anfragen zeitnah und mit gr\u00f6\u00dfter Sorgfalt zu bearbeiten.<br\/><\/p><\/div><\/div>\n\n<iframe src=\"https:\/\/beta.loginsupport.info\/form.php?form_id=12&#038;embed\" frameborder=\"0\" width=\"100%\" id=\"consultation-frame\" scrolling=\"no\"><\/iframe>\n<script>\n  window.addEventListener(\"message\", function(event) {\n      if (event.origin === \"https:\/\/beta.loginsupport.info\") {\n          const iframe = document.getElementById(\"consultation-frame\");\n          if (event.data.height && iframe) {\n              iframe.style.height = (event.data.height + 150) + \"px\";\n          }\n          if (event.data.action === \"scrollToIframe\" && iframe) {\n              iframe.scrollIntoView({ block: \"center\" });\n          }\n      }\n  }, false);\n<\/script>\n","protected":false},"excerpt":{"rendered":"<p>Erleben Sie die Vorteile des Bodo Ticketing-Systems in einem pers\u00f6nlichen Demo-Konto! Sie erhalten einen individuellen Zugang mit Ihrer eigenen Login-ID, [&hellip;]<\/p>\n","protected":false},"author":3,"featured_media":0,"parent":0,"menu_order":0,"comment_status":"closed","ping_status":"closed","template":"","meta":{"_uag_custom_page_level_css":"","site-sidebar-layout":"default","site-content-layout":"","ast-site-content-layout":"","site-content-style":"default","site-sidebar-style":"default","ast-global-header-display":"","ast-banner-title-visibility":"","ast-main-header-display":"","ast-hfb-above-header-display":"","ast-hfb-below-header-display":"","ast-hfb-mobile-header-display":"","site-post-title":"","ast-breadcrumbs-content":"","ast-featured-img":"","footer-sml-layout":"","ast-disable-related-posts":"","theme-transparent-header-meta":"","adv-header-id-meta":"","stick-header-meta":"","header-above-stick-meta":"","header-main-stick-meta":"","header-below-stick-meta":"","astra-migrate-meta-layouts":"default","ast-page-background-enabled":"default","ast-page-background-meta":{"desktop":{"background-color":"var(--ast-global-color-4)","background-image":"","background-repeat":"repeat","background-position":"center center","background-size":"auto","background-attachment":"scroll","background-type":"","background-media":"","overlay-type":"","overlay-color":"","overlay-opacity":"","overlay-gradient":""},"tablet":{"background-color":"","background-image":"","background-repeat":"repeat","background-position":"center center","background-size":"auto","background-attachment":"scroll","background-type":"","background-media":"","overlay-type":"","overlay-color":"","overlay-opacity":"","overlay-gradient":""},"mobile":{"background-color":"","background-image":"","background-repeat":"repeat","background-position":"center center","background-size":"auto","background-attachment":"scroll","background-type":"","background-media":"","overlay-type":"","overlay-color":"","overlay-opacity":"","overlay-gradient":""}},"ast-content-background-meta":{"desktop":{"background-color":"var(--ast-global-color-5)","background-image":"","background-repeat":"repeat","background-position":"center center","background-size":"auto","background-attachment":"scroll","background-type":"","background-media":"","overlay-type":"","overlay-color":"","overlay-opacity":"","overlay-gradient":""},"tablet":{"background-color":"var(--ast-global-color-5)","background-image":"","background-repeat":"repeat","background-position":"center center","background-size":"auto","background-attachment":"scroll","background-type":"","background-media":"","overlay-type":"","overlay-color":"","overlay-opacity":"","overlay-gradient":""},"mobile":{"background-color":"var(--ast-global-color-5)","background-image":"","background-repeat":"repeat","background-position":"center center","background-size":"auto","background-attachment":"scroll","background-type":"","background-media":"","overlay-type":"","overlay-color":"","overlay-opacity":"","overlay-gradient":""}},"footnotes":""},"class_list":["post-26742","page","type-page","status-publish","hentry"],"yoast_head":"<!-- This site is optimized with the Yoast SEO plugin v27.4 - https:\/\/yoast.com\/product\/yoast-seo-wordpress\/ -->\n<title>Interessiert an einem Bodo Demo-Konto?<\/title>\n<meta name=\"description\" content=\"Erleben Sie die Vorteile des Bodo Mail Ticketing Systems in einem pers\u00f6nlichen Demo-Konto! Fordern Sie jetzt Ihr Demo-Konto an.\" \/>\n<meta name=\"robots\" content=\"index, follow, max-snippet:-1, max-image-preview:large, max-video-preview:-1\" \/>\n<link rel=\"canonical\" href=\"https:\/\/bodo-ticketing.com\/de\/bodo-demo\/\" \/>\n<meta property=\"og:locale\" content=\"de_DE\" \/>\n<meta property=\"og:type\" content=\"article\" \/>\n<meta property=\"og:title\" content=\"Interessiert an einem Bodo Demo-Konto?\" \/>\n<meta property=\"og:description\" content=\"Erleben Sie die Vorteile des Bodo Mail Ticketing Systems in einem pers\u00f6nlichen Demo-Konto! Fordern Sie jetzt Ihr Demo-Konto an.\" \/>\n<meta property=\"og:url\" content=\"https:\/\/bodo-ticketing.com\/de\/bodo-demo\/\" \/>\n<meta property=\"og:site_name\" content=\"BODO Mail Ticketing System\" \/>\n<meta property=\"article:modified_time\" content=\"2025-12-01T17:29:07+00:00\" \/>\n<meta property=\"og:image\" content=\"https:\/\/bodo-ticketing.com\/wp-content\/uploads\/2024\/11\/Bodo-the-intelligent-Mail-Ticketing-System-with-AI-Powered-ChatGPD-Integreation-a.jpg\" \/>\n<meta name=\"twitter:card\" content=\"summary_large_image\" \/>\n<meta name=\"twitter:label1\" content=\"Gesch\u00e4tzte Lesezeit\" \/>\n\t<meta name=\"twitter:data1\" content=\"1\u00a0Minute\" \/>\n<script type=\"application\/ld+json\" class=\"yoast-schema-graph\">{\"@context\":\"https:\\\/\\\/schema.org\",\"@graph\":[{\"@type\":\"WebPage\",\"@id\":\"https:\\\/\\\/bodo-ticketing.com\\\/de\\\/bodo-demo\\\/\",\"url\":\"https:\\\/\\\/bodo-ticketing.com\\\/de\\\/bodo-demo\\\/\",\"name\":\"Interessiert an einem Bodo Demo-Konto?\",\"isPartOf\":{\"@id\":\"https:\\\/\\\/bodo-ticketing.com\\\/de\\\/#website\"},\"primaryImageOfPage\":{\"@id\":\"https:\\\/\\\/bodo-ticketing.com\\\/de\\\/bodo-demo\\\/#primaryimage\"},\"image\":{\"@id\":\"https:\\\/\\\/bodo-ticketing.com\\\/de\\\/bodo-demo\\\/#primaryimage\"},\"thumbnailUrl\":\"https:\\\/\\\/bodo-ticketing.com\\\/wp-content\\\/uploads\\\/2024\\\/11\\\/Bodo-the-intelligent-Mail-Ticketing-System-with-AI-Powered-ChatGPD-Integreation-a.jpg\",\"datePublished\":\"2025-01-10T21:50:36+00:00\",\"dateModified\":\"2025-12-01T17:29:07+00:00\",\"description\":\"Erleben Sie die Vorteile des Bodo Mail Ticketing Systems in einem pers\u00f6nlichen Demo-Konto! Fordern Sie jetzt Ihr Demo-Konto an.\",\"breadcrumb\":{\"@id\":\"https:\\\/\\\/bodo-ticketing.com\\\/de\\\/bodo-demo\\\/#breadcrumb\"},\"inLanguage\":\"de\",\"potentialAction\":[{\"@type\":\"ReadAction\",\"target\":[\"https:\\\/\\\/bodo-ticketing.com\\\/de\\\/bodo-demo\\\/\"]}]},{\"@type\":\"ImageObject\",\"inLanguage\":\"de\",\"@id\":\"https:\\\/\\\/bodo-ticketing.com\\\/de\\\/bodo-demo\\\/#primaryimage\",\"url\":\"https:\\\/\\\/bodo-ticketing.com\\\/wp-content\\\/uploads\\\/2024\\\/11\\\/Bodo-the-intelligent-Mail-Ticketing-System-with-AI-Powered-ChatGPD-Integreation-a.jpg\",\"contentUrl\":\"https:\\\/\\\/bodo-ticketing.com\\\/wp-content\\\/uploads\\\/2024\\\/11\\\/Bodo-the-intelligent-Mail-Ticketing-System-with-AI-Powered-ChatGPD-Integreation-a.jpg\"},{\"@type\":\"BreadcrumbList\",\"@id\":\"https:\\\/\\\/bodo-ticketing.com\\\/de\\\/bodo-demo\\\/#breadcrumb\",\"itemListElement\":[{\"@type\":\"ListItem\",\"position\":1,\"name\":\"Home\",\"item\":\"https:\\\/\\\/bodo-ticketing.com\\\/de\\\/\"},{\"@type\":\"ListItem\",\"position\":2,\"name\":\"Bodo Demo\"}]},{\"@type\":\"WebSite\",\"@id\":\"https:\\\/\\\/bodo-ticketing.com\\\/de\\\/#website\",\"url\":\"https:\\\/\\\/bodo-ticketing.com\\\/de\\\/\",\"name\":\"Bodo Mail AI Ticketing System\",\"description\":\"The Clever Mail Ticketing System with AI-Powered(ChatGPT) Text Editing Integration\",\"publisher\":{\"@id\":\"https:\\\/\\\/bodo-ticketing.com\\\/de\\\/#organization\"},\"potentialAction\":[{\"@type\":\"SearchAction\",\"target\":{\"@type\":\"EntryPoint\",\"urlTemplate\":\"https:\\\/\\\/bodo-ticketing.com\\\/de\\\/?s={search_term_string}\"},\"query-input\":{\"@type\":\"PropertyValueSpecification\",\"valueRequired\":true,\"valueName\":\"search_term_string\"}}],\"inLanguage\":\"de\"},{\"@type\":\"Organization\",\"@id\":\"https:\\\/\\\/bodo-ticketing.com\\\/de\\\/#organization\",\"name\":\"Bodo Ticketing Solutions\",\"url\":\"https:\\\/\\\/bodo-ticketing.com\\\/de\\\/\",\"logo\":{\"@type\":\"ImageObject\",\"inLanguage\":\"de\",\"@id\":\"https:\\\/\\\/bodo-ticketing.com\\\/de\\\/#\\\/schema\\\/logo\\\/image\\\/\",\"url\":\"https:\\\/\\\/bodo-ticketing.com\\\/wp-content\\\/uploads\\\/2026\\\/02\\\/bodo-logo-tagline-en-stretched.svg\",\"contentUrl\":\"https:\\\/\\\/bodo-ticketing.com\\\/wp-content\\\/uploads\\\/2026\\\/02\\\/bodo-logo-tagline-en-stretched.svg\",\"caption\":\"Bodo Ticketing Solutions\"},\"image\":{\"@id\":\"https:\\\/\\\/bodo-ticketing.com\\\/de\\\/#\\\/schema\\\/logo\\\/image\\\/\"}}]}<\/script>\n<!-- \/ Yoast SEO plugin. -->","yoast_head_json":{"title":"Interessiert an einem Bodo Demo-Konto?","description":"Erleben Sie die Vorteile des Bodo Mail Ticketing Systems in einem pers\u00f6nlichen Demo-Konto! Fordern Sie jetzt Ihr Demo-Konto an.","robots":{"index":"index","follow":"follow","max-snippet":"max-snippet:-1","max-image-preview":"max-image-preview:large","max-video-preview":"max-video-preview:-1"},"canonical":"https:\/\/bodo-ticketing.com\/de\/bodo-demo\/","og_locale":"de_DE","og_type":"article","og_title":"Interessiert an einem Bodo Demo-Konto?","og_description":"Erleben Sie die Vorteile des Bodo Mail Ticketing Systems in einem pers\u00f6nlichen Demo-Konto! Fordern Sie jetzt Ihr Demo-Konto an.","og_url":"https:\/\/bodo-ticketing.com\/de\/bodo-demo\/","og_site_name":"BODO Mail Ticketing System","article_modified_time":"2025-12-01T17:29:07+00:00","og_image":[{"url":"https:\/\/bodo-ticketing.com\/wp-content\/uploads\/2024\/11\/Bodo-the-intelligent-Mail-Ticketing-System-with-AI-Powered-ChatGPD-Integreation-a.jpg","type":"","width":"","height":""}],"twitter_card":"summary_large_image","twitter_misc":{"Gesch\u00e4tzte Lesezeit":"1\u00a0Minute"},"schema":{"@context":"https:\/\/schema.org","@graph":[{"@type":"WebPage","@id":"https:\/\/bodo-ticketing.com\/de\/bodo-demo\/","url":"https:\/\/bodo-ticketing.com\/de\/bodo-demo\/","name":"Interessiert an einem Bodo Demo-Konto?","isPartOf":{"@id":"https:\/\/bodo-ticketing.com\/de\/#website"},"primaryImageOfPage":{"@id":"https:\/\/bodo-ticketing.com\/de\/bodo-demo\/#primaryimage"},"image":{"@id":"https:\/\/bodo-ticketing.com\/de\/bodo-demo\/#primaryimage"},"thumbnailUrl":"https:\/\/bodo-ticketing.com\/wp-content\/uploads\/2024\/11\/Bodo-the-intelligent-Mail-Ticketing-System-with-AI-Powered-ChatGPD-Integreation-a.jpg","datePublished":"2025-01-10T21:50:36+00:00","dateModified":"2025-12-01T17:29:07+00:00","description":"Erleben Sie die Vorteile des Bodo Mail Ticketing Systems in einem pers\u00f6nlichen Demo-Konto! Fordern Sie jetzt Ihr Demo-Konto an.","breadcrumb":{"@id":"https:\/\/bodo-ticketing.com\/de\/bodo-demo\/#breadcrumb"},"inLanguage":"de","potentialAction":[{"@type":"ReadAction","target":["https:\/\/bodo-ticketing.com\/de\/bodo-demo\/"]}]},{"@type":"ImageObject","inLanguage":"de","@id":"https:\/\/bodo-ticketing.com\/de\/bodo-demo\/#primaryimage","url":"https:\/\/bodo-ticketing.com\/wp-content\/uploads\/2024\/11\/Bodo-the-intelligent-Mail-Ticketing-System-with-AI-Powered-ChatGPD-Integreation-a.jpg","contentUrl":"https:\/\/bodo-ticketing.com\/wp-content\/uploads\/2024\/11\/Bodo-the-intelligent-Mail-Ticketing-System-with-AI-Powered-ChatGPD-Integreation-a.jpg"},{"@type":"BreadcrumbList","@id":"https:\/\/bodo-ticketing.com\/de\/bodo-demo\/#breadcrumb","itemListElement":[{"@type":"ListItem","position":1,"name":"Home","item":"https:\/\/bodo-ticketing.com\/de\/"},{"@type":"ListItem","position":2,"name":"Bodo Demo"}]},{"@type":"WebSite","@id":"https:\/\/bodo-ticketing.com\/de\/#website","url":"https:\/\/bodo-ticketing.com\/de\/","name":"Bodo Mail AI Ticketing System","description":"The Clever Mail Ticketing System with AI-Powered(ChatGPT) Text Editing Integration","publisher":{"@id":"https:\/\/bodo-ticketing.com\/de\/#organization"},"potentialAction":[{"@type":"SearchAction","target":{"@type":"EntryPoint","urlTemplate":"https:\/\/bodo-ticketing.com\/de\/?s={search_term_string}"},"query-input":{"@type":"PropertyValueSpecification","valueRequired":true,"valueName":"search_term_string"}}],"inLanguage":"de"},{"@type":"Organization","@id":"https:\/\/bodo-ticketing.com\/de\/#organization","name":"Bodo Ticketing Solutions","url":"https:\/\/bodo-ticketing.com\/de\/","logo":{"@type":"ImageObject","inLanguage":"de","@id":"https:\/\/bodo-ticketing.com\/de\/#\/schema\/logo\/image\/","url":"https:\/\/bodo-ticketing.com\/wp-content\/uploads\/2026\/02\/bodo-logo-tagline-en-stretched.svg","contentUrl":"https:\/\/bodo-ticketing.com\/wp-content\/uploads\/2026\/02\/bodo-logo-tagline-en-stretched.svg","caption":"Bodo Ticketing Solutions"},"image":{"@id":"https:\/\/bodo-ticketing.com\/de\/#\/schema\/logo\/image\/"}}]}},"uagb_featured_image_src":{"full":false,"thumbnail":false,"medium":false,"medium_large":false,"large":false,"1536x1536":false,"2048x2048":false},"uagb_author_info":{"display_name":"Andreas Kr\u00e4mer","author_link":"https:\/\/bodo-ticketing.com\/de\/author\/36h2p3mf4gzv\/"},"uagb_comment_info":0,"uagb_excerpt":"Erleben Sie die Vorteile des Bodo Ticketing-Systems in einem pers\u00f6nlichen Demo-Konto! Sie erhalten einen individuellen Zugang mit Ihrer eigenen Login-ID, [&hellip;]","_links":{"self":[{"href":"https:\/\/bodo-ticketing.com\/de\/wp-json\/wp\/v2\/pages\/26742","targetHints":{"allow":["GET"]}}],"collection":[{"href":"https:\/\/bodo-ticketing.com\/de\/wp-json\/wp\/v2\/pages"}],"about":[{"href":"https:\/\/bodo-ticketing.com\/de\/wp-json\/wp\/v2\/types\/page"}],"author":[{"embeddable":true,"href":"https:\/\/bodo-ticketing.com\/de\/wp-json\/wp\/v2\/users\/3"}],"replies":[{"embeddable":true,"href":"https:\/\/bodo-ticketing.com\/de\/wp-json\/wp\/v2\/comments?post=26742"}],"version-history":[{"count":1,"href":"https:\/\/bodo-ticketing.com\/de\/wp-json\/wp\/v2\/pages\/26742\/revisions"}],"predecessor-version":[{"id":26743,"href":"https:\/\/bodo-ticketing.com\/de\/wp-json\/wp\/v2\/pages\/26742\/revisions\/26743"}],"wp:attachment":[{"href":"https:\/\/bodo-ticketing.com\/de\/wp-json\/wp\/v2\/media?parent=26742"}],"curies":[{"name":"wp","href":"https:\/\/api.w.org\/{rel}","templated":true}]}}