{"id":26732,"date":"2025-05-01T22:09:37","date_gmt":"2025-05-01T22:09:37","guid":{"rendered":"https:\/\/bodo-ticketing.com\/sprachnachrichten-per-e-mail\/"},"modified":"2026-01-03T09:42:00","modified_gmt":"2026-01-03T09:42:00","slug":"sprachnachrichten-per-e-mail-voice-mails-inklusive-automatischer-sprache-zu-text-transkription","status":"publish","type":"page","link":"https:\/\/bodo-ticketing.com\/de\/sprachnachrichten-per-e-mail-voice-mails-inklusive-automatischer-sprache-zu-text-transkription\/","title":{"rendered":"Sprachnachrichten per E-Mail"},"content":{"rendered":"\n<h1 class=\"wp-block-heading\">Sprachnachrichten &amp; Voice Mail direkt per E-Mail senden \u2013 inklusive automatischer Sprache-zu-Text-Transkription<\/h1>\n\n\n\n<figure class=\"wp-block-image aligncenter size-full\"><img loading=\"lazy\" decoding=\"async\" width=\"600\" height=\"487\" src=\"https:\/\/bodo-ticketing.com\/wp-content\/uploads\/2026\/01\/Sprachnachrichten-per-E-Mail-senden-inklusive-automatischer-Sprache-zu-Text-Transkription-.jpg\" alt=\"Sprachnachrichten per E-Mail senden inklusive automatischer Sprache zu Text Transkription\" class=\"wp-image-27322\" srcset=\"https:\/\/bodo-ticketing.com\/wp-content\/uploads\/2026\/01\/Sprachnachrichten-per-E-Mail-senden-inklusive-automatischer-Sprache-zu-Text-Transkription-.jpg 600w, https:\/\/bodo-ticketing.com\/wp-content\/uploads\/2026\/01\/Sprachnachrichten-per-E-Mail-senden-inklusive-automatischer-Sprache-zu-Text-Transkription--300x244.jpg 300w\" sizes=\"auto, (max-width: 600px) 100vw, 600px\" \/><figcaption class=\"wp-element-caption\">Bodo Voice Mails: Sprachnachrichten per E-Mail senden inklusive automatischer Sprache zu Text Transkription<\/figcaption><\/figure>\n\n\n\n<h2 class=\"wp-block-heading\">Dank moderner Voice Mail schnelle &amp; pers\u00f6nliche Kommunikation mit Nachvollziehbarkeit<\/h2>\n\n\n\n<p>Mit Bodos Sprachnachrichten-Funktion k\u00f6nnen Sie Sprachnachrichten (Voice Mails) von bis zu 20 Minuten L\u00e4nge direkt per E-Mail aufnehmen und versenden \u2013 ohne externe Tools wie WhatsApp oder andere Messaging-Apps. Diese Funktion vereinfacht die Kommunikation, besonders in dringenden Situationen, und spart wertvolle Zeit.<\/p>\n\n\n\n<p><strong>Dank integrierter Sprache-zu-Text-Technologie werden alle Sprachnachrichten automatisch transkribiert und im Ticket gespeichert<\/strong>, sodass Inhalte schnell \u00fcberpr\u00fcft, durchsucht und jederzeit nachvollzogen werden k\u00f6nnen. So bleiben Effizienz und pers\u00f6nliche Kommunikation optimal miteinander verbunden.<\/p>\n\n\n\n<h3 class=\"wp-block-heading\">Video: Wie funktionieren Sprachnachrichten\/Voice Messages in Bodo?<\/h3>\n\n\n\n<figure class=\"wp-block-embed aligncenter is-type-video is-provider-youtube wp-block-embed-youtube\"><div class=\"wp-block-embed__wrapper\">\n<iframe loading=\"lazy\" title=\"Bodo Voice Mail: Reply 10x faster &amp; more personal \u2014 with voice to email\/text (AI Transcription)\" width=\"422\" height=\"750\" src=\"https:\/\/www.youtube.com\/embed\/EGkNmaslpAc?feature=oembed\" frameborder=\"0\" allow=\"accelerometer; autoplay; clipboard-write; encrypted-media; gyroscope; picture-in-picture; web-share\" referrerpolicy=\"strict-origin-when-cross-origin\" allowfullscreen><\/iframe>\n<\/div><\/figure>\n\n\n\n<h4 class=\"wp-block-heading\"><strong>Einfache Aufnahme, sofortige Zustellung und Sprache-zu-Text-Transkription dank modernster KI\/AI Technologie <\/strong><\/h4>\n\n\n\n<p>Die Nutzung von Sprachnachrichten in Bodo k\u00f6nnte nicht einfacher sein: Klicken Sie auf den Aufnahme-Button, sprechen Sie Ihre Nachricht und senden Sie diese direkt per E-Mail. Keine zus\u00e4tzlichen Tools erforderlich \u2013 alles geschieht innerhalb des Systems! Ihre Nachricht wird sofort an den Empf\u00e4nger gesendet, wodurch keine Zeit verloren geht. Zudem transkribiert die Technologie bei Nachrichten von bis zu 20 Minuten L\u00e4nge Ihre Sprachnachricht automatisch in Text (<strong>Sprache-zu-Text\/Speech to Text<\/strong>) . Das bedeutet, Sie m\u00fcssen die gesamte Aufnahme sp\u00e4ter nicht noch einmal anh\u00f6ren \u2013 die Sprache zu Text Transkription wird direkt im Ticket angezeigt, sodass Sie den Inhalt der Nachricht schnell \u00fcberpr\u00fcfen k\u00f6nnen.<\/p>\n\n\n\n<h3 class=\"wp-block-heading\">Warum Sprachnachrichten per E-Mail?<\/h3>\n\n\n\n<p><strong>Praktisch, effizient, pers\u00f6nlich und nachvollziehbar<\/strong><\/p>\n\n\n\n<p>In vielen professionellen Kontexten, wie bei \u00c4rzten, Kliniken, <a href=\"https:\/\/bodo-ticketing.com\/de\/bodo-das-intelligente-e-mail-ticketing-system-fuer-steuerberater-und-treuhaender-mit-chatgpt-ki-integration\/\">Steuerberatern\/Treuh\u00e4nder <\/a>oder Kundenservice-Teams, sind Sprachnachrichten oft der schnellste und effektivste Weg, Informationen zu \u00fcbermitteln. Sie erm\u00f6glichen nicht nur eine effiziente Kommunikation, sondern schaffen auch eine pers\u00f6nliche Verbindung. Eine Nachricht in der eigenen Stimme zu senden, verleiht der Kommunikation eine pers\u00f6nliche Note, die in der schriftlichen Kommunikation oft fehlt. Besonders in dringenden Situationen, wie medizinischen Notf\u00e4llen oder schnellen Anfragen, helfen Sprachnachrichten (Voice Messages), eine engere Beziehung zum Kunden oder Klienten aufzubauen, da diese Ihre Stimme h\u00f6ren, was pers\u00f6nlicher und menschlicher wirkt.<\/p>\n\n\n\n<p>Trotz der Nutzung von Sprachnachrichten bleibt der Kommunikationsverlauf vollst\u00e4ndig erhalten. Alle Nachrichten werden im Bodo-System gespeichert, was die Nachvollziehbarkeit und den einfachen Zugriff auf fr\u00fchere Interaktionen gew\u00e4hrleistet \u2013 ideal f\u00fcr eine strukturierte und rechtskonforme Kommunikation. Zudem erleichtert die automatische Transkription die \u00dcberpr\u00fcfung von Nachrichten, ohne lange Sprachmemos erneut abspielen zu m\u00fcssen.<\/p>\n\n\n\n<h3 class=\"wp-block-heading\">Anwendungsbeispiele f\u00fcr Sprachnachrichten<\/h3>\n\n\n\n<ul class=\"wp-block-list\">\n<li><strong>\u00c4rzte und Kliniken:<\/strong> Ein Arzt kann schnell auf einen Patienten reagieren, der sich Sorgen um seinen Heilungsprozess nach einer Operation macht \u2013 alles einfach und ohne externe Tools. Eine Sprachnachricht kann Vertrauen aufbauen und den Patienten beruhigen. Die Kommunikation bleibt im System und ist jederzeit nachvollziehbar, wobei die Transkription eine einfache \u00dcberpr\u00fcfung erm\u00f6glicht.<\/li>\n\n\n\n<li><strong>Kundensupport:<\/strong> Teams k\u00f6nnen schnell und auf pers\u00f6nliche, verst\u00e4ndliche Weise auf Anfragen reagieren und so die Kundenbeziehung st\u00e4rken. Alle Kommunikationen werden im System gespeichert, um eine nahtlose Nachverfolgung zu erm\u00f6glichen, und Transkriptionen unterst\u00fctzen eine effiziente Referenzierung.<\/li>\n\n\n\n<li><strong>Steuerberater:<\/strong> Steuerberater k\u00f6nnen schnell und effizient auf Klientenanfragen reagieren, wie zum Beispiel dringende steuerliche Fragen oder Terminbest\u00e4tigungen. Sprachnachrichten f\u00f6rdern Vertrauen und N\u00e4he, w\u00e4hrend die Kommunikation vollst\u00e4ndig nachvollziehbar bleibt und die Transkription einen einfachen Zugriff erm\u00f6glicht.<\/li>\n\n\n\n<li><strong>WhatsApp-Alternative:<\/strong> W\u00e4hrend WhatsApp und andere Apps beliebt sind, erm\u00f6glicht Bodo eine ebenso schnelle und einfache Kommunikation direkt per E-Mail, ohne dass zus\u00e4tzliche Apps installiert werden m\u00fcssen \u2013 und das alles in einem pers\u00f6nlichen Format. Gleichzeitig bleibt der Kommunikationsverlauf erhalten, und die Transkriptionsfunktion sorgt f\u00fcr Effizienz.<\/li>\n<\/ul>\n\n\n\n<h3 class=\"wp-block-heading\">Fazit<\/h3>\n\n\n\n<p>Bodos Sprachnachrichten-Funktion\/Voicemail inklusive des Sprache-zu-Text-Tools vereinfacht die Kommunikation, spart Zeit und steigert die Effizienz. Sie ist ideal f\u00fcr diejenigen, die in dringenden Situationen schnell reagieren m\u00fcssen und gleichzeitig eine pers\u00f6nlichere, menschlichere Note bevorzugen. Die M\u00f6glichkeit, Sprachnachrichten von bis zu 20 Minuten L\u00e4nge zu versenden, kombiniert mit automatischer Transkription, erleichtert die Kommunikationsverwaltung und die F\u00fchrung einer professionellen, nachvollziehbaren Aufzeichnung.<\/p>\n","protected":false},"excerpt":{"rendered":"<p>Sprachnachrichten &amp; Voice Mail direkt per E-Mail senden \u2013 inklusive automatischer Sprache-zu-Text-Transkription Dank moderner Voice Mail schnelle &amp; pers\u00f6nliche Kommunikation [&hellip;]<\/p>\n","protected":false},"author":3,"featured_media":0,"parent":0,"menu_order":0,"comment_status":"closed","ping_status":"closed","template":"","meta":{"_uag_custom_page_level_css":"","site-sidebar-layout":"default","site-content-layout":"","ast-site-content-layout":"default","site-content-style":"default","site-sidebar-style":"default","ast-global-header-display":"","ast-banner-title-visibility":"","ast-main-header-display":"","ast-hfb-above-header-display":"","ast-hfb-below-header-display":"","ast-hfb-mobile-header-display":"","site-post-title":"","ast-breadcrumbs-content":"","ast-featured-img":"","footer-sml-layout":"","ast-disable-related-posts":"","theme-transparent-header-meta":"","adv-header-id-meta":"","stick-header-meta":"","header-above-stick-meta":"","header-main-stick-meta":"","header-below-stick-meta":"","astra-migrate-meta-layouts":"default","ast-page-background-enabled":"default","ast-page-background-meta":{"desktop":{"background-color":"var(--ast-global-color-4)","background-image":"","background-repeat":"repeat","background-position":"center center","background-size":"auto","background-attachment":"scroll","background-type":"","background-media":"","overlay-type":"","overlay-color":"","overlay-opacity":"","overlay-gradient":""},"tablet":{"background-color":"","background-image":"","background-repeat":"repeat","background-position":"center center","background-size":"auto","background-attachment":"scroll","background-type":"","background-media":"","overlay-type":"","overlay-color":"","overlay-opacity":"","overlay-gradient":""},"mobile":{"background-color":"","background-image":"","background-repeat":"repeat","background-position":"center center","background-size":"auto","background-attachment":"scroll","background-type":"","background-media":"","overlay-type":"","overlay-color":"","overlay-opacity":"","overlay-gradient":""}},"ast-content-background-meta":{"desktop":{"background-color":"var(--ast-global-color-5)","background-image":"","background-repeat":"repeat","background-position":"center center","background-size":"auto","background-attachment":"scroll","background-type":"","background-media":"","overlay-type":"","overlay-color":"","overlay-opacity":"","overlay-gradient":""},"tablet":{"background-color":"var(--ast-global-color-5)","background-image":"","background-repeat":"repeat","background-position":"center center","background-size":"auto","background-attachment":"scroll","background-type":"","background-media":"","overlay-type":"","overlay-color":"","overlay-opacity":"","overlay-gradient":""},"mobile":{"background-color":"var(--ast-global-color-5)","background-image":"","background-repeat":"repeat","background-position":"center center","background-size":"auto","background-attachment":"scroll","background-type":"","background-media":"","overlay-type":"","overlay-color":"","overlay-opacity":"","overlay-gradient":""}},"footnotes":""},"class_list":["post-26732","page","type-page","status-publish","hentry"],"yoast_head":"<!-- This site is optimized with the Yoast SEO plugin v27.3 - https:\/\/yoast.com\/product\/yoast-seo-wordpress\/ -->\n<title>Sprachnachrichten &amp; Voice Mail per E-Mail senden \u2013 inklusive automatischer Sprache-zu-Text-Transkription<\/title>\n<meta name=\"description\" content=\"Senden Sie Sprachnachrichten (Voice Mails) direkt per E-Mail mit Bodos Sprachnachrichten-Funktion. Keine externen Tools erforderlich, inklusive automatischer Sprache-zu-Text-Transkription\" \/>\n<meta name=\"robots\" content=\"index, follow, max-snippet:-1, max-image-preview:large, max-video-preview:-1\" \/>\n<link rel=\"canonical\" href=\"https:\/\/bodo-ticketing.com\/de\/sprachnachrichten-per-e-mail-voice-mails-inklusive-automatischer-sprache-zu-text-transkription\/\" \/>\n<meta property=\"og:locale\" content=\"de_DE\" \/>\n<meta property=\"og:type\" content=\"article\" \/>\n<meta property=\"og:title\" content=\"Sprachnachrichten &amp; Voice Mail per E-Mail senden \u2013 inklusive automatischer Sprache-zu-Text-Transkription\" \/>\n<meta property=\"og:description\" content=\"Senden Sie Sprachnachrichten (Voice Mails) direkt per E-Mail mit Bodos Sprachnachrichten-Funktion. Keine externen Tools erforderlich, inklusive automatischer Sprache-zu-Text-Transkription\" \/>\n<meta property=\"og:url\" content=\"https:\/\/bodo-ticketing.com\/de\/sprachnachrichten-per-e-mail-voice-mails-inklusive-automatischer-sprache-zu-text-transkription\/\" \/>\n<meta property=\"og:site_name\" content=\"BODO Mail Ticketing System\" \/>\n<meta property=\"article:modified_time\" content=\"2026-01-03T09:42:00+00:00\" \/>\n<meta property=\"og:image\" content=\"https:\/\/bodo-ticketing.com\/wp-content\/uploads\/2026\/01\/Sprachnachrichten-per-E-Mail-senden-inklusive-automatischer-Sprache-zu-Text-Transkription-.jpg\" \/>\n\t<meta property=\"og:image:width\" content=\"600\" \/>\n\t<meta property=\"og:image:height\" content=\"487\" \/>\n\t<meta property=\"og:image:type\" content=\"image\/jpeg\" \/>\n<meta name=\"twitter:card\" content=\"summary_large_image\" \/>\n<meta name=\"twitter:label1\" content=\"Gesch\u00e4tzte Lesezeit\" \/>\n\t<meta name=\"twitter:data1\" content=\"4\u00a0Minuten\" \/>\n<script type=\"application\/ld+json\" class=\"yoast-schema-graph\">{\"@context\":\"https:\\\/\\\/schema.org\",\"@graph\":[{\"@type\":\"WebPage\",\"@id\":\"https:\\\/\\\/bodo-ticketing.com\\\/de\\\/sprachnachrichten-per-e-mail-voice-mails-inklusive-automatischer-sprache-zu-text-transkription\\\/\",\"url\":\"https:\\\/\\\/bodo-ticketing.com\\\/de\\\/sprachnachrichten-per-e-mail-voice-mails-inklusive-automatischer-sprache-zu-text-transkription\\\/\",\"name\":\"Sprachnachrichten & Voice Mail per E-Mail senden \u2013 inklusive automatischer Sprache-zu-Text-Transkription\",\"isPartOf\":{\"@id\":\"https:\\\/\\\/bodo-ticketing.com\\\/de\\\/#website\"},\"primaryImageOfPage\":{\"@id\":\"https:\\\/\\\/bodo-ticketing.com\\\/de\\\/sprachnachrichten-per-e-mail-voice-mails-inklusive-automatischer-sprache-zu-text-transkription\\\/#primaryimage\"},\"image\":{\"@id\":\"https:\\\/\\\/bodo-ticketing.com\\\/de\\\/sprachnachrichten-per-e-mail-voice-mails-inklusive-automatischer-sprache-zu-text-transkription\\\/#primaryimage\"},\"thumbnailUrl\":\"https:\\\/\\\/bodo-ticketing.com\\\/wp-content\\\/uploads\\\/2026\\\/01\\\/Sprachnachrichten-per-E-Mail-senden-inklusive-automatischer-Sprache-zu-Text-Transkription-.jpg\",\"datePublished\":\"2025-05-01T22:09:37+00:00\",\"dateModified\":\"2026-01-03T09:42:00+00:00\",\"description\":\"Senden Sie Sprachnachrichten (Voice Mails) direkt per E-Mail mit Bodos Sprachnachrichten-Funktion. Keine externen Tools erforderlich, inklusive automatischer Sprache-zu-Text-Transkription\",\"breadcrumb\":{\"@id\":\"https:\\\/\\\/bodo-ticketing.com\\\/de\\\/sprachnachrichten-per-e-mail-voice-mails-inklusive-automatischer-sprache-zu-text-transkription\\\/#breadcrumb\"},\"inLanguage\":\"de\",\"potentialAction\":[{\"@type\":\"ReadAction\",\"target\":[\"https:\\\/\\\/bodo-ticketing.com\\\/de\\\/sprachnachrichten-per-e-mail-voice-mails-inklusive-automatischer-sprache-zu-text-transkription\\\/\"]}]},{\"@type\":\"ImageObject\",\"inLanguage\":\"de\",\"@id\":\"https:\\\/\\\/bodo-ticketing.com\\\/de\\\/sprachnachrichten-per-e-mail-voice-mails-inklusive-automatischer-sprache-zu-text-transkription\\\/#primaryimage\",\"url\":\"https:\\\/\\\/bodo-ticketing.com\\\/wp-content\\\/uploads\\\/2026\\\/01\\\/Sprachnachrichten-per-E-Mail-senden-inklusive-automatischer-Sprache-zu-Text-Transkription-.jpg\",\"contentUrl\":\"https:\\\/\\\/bodo-ticketing.com\\\/wp-content\\\/uploads\\\/2026\\\/01\\\/Sprachnachrichten-per-E-Mail-senden-inklusive-automatischer-Sprache-zu-Text-Transkription-.jpg\"},{\"@type\":\"BreadcrumbList\",\"@id\":\"https:\\\/\\\/bodo-ticketing.com\\\/de\\\/sprachnachrichten-per-e-mail-voice-mails-inklusive-automatischer-sprache-zu-text-transkription\\\/#breadcrumb\",\"itemListElement\":[{\"@type\":\"ListItem\",\"position\":1,\"name\":\"Home\",\"item\":\"https:\\\/\\\/bodo-ticketing.com\\\/de\\\/\"},{\"@type\":\"ListItem\",\"position\":2,\"name\":\"Sprachnachrichten per E-Mail\"}]},{\"@type\":\"WebSite\",\"@id\":\"https:\\\/\\\/bodo-ticketing.com\\\/de\\\/#website\",\"url\":\"https:\\\/\\\/bodo-ticketing.com\\\/de\\\/\",\"name\":\"Bodo Mail AI Ticketing System\",\"description\":\"The Clever Mail Ticketing System with AI-Powered(ChatGPT) Text Editing Integration\",\"publisher\":{\"@id\":\"https:\\\/\\\/bodo-ticketing.com\\\/de\\\/#organization\"},\"potentialAction\":[{\"@type\":\"SearchAction\",\"target\":{\"@type\":\"EntryPoint\",\"urlTemplate\":\"https:\\\/\\\/bodo-ticketing.com\\\/de\\\/?s={search_term_string}\"},\"query-input\":{\"@type\":\"PropertyValueSpecification\",\"valueRequired\":true,\"valueName\":\"search_term_string\"}}],\"inLanguage\":\"de\"},{\"@type\":\"Organization\",\"@id\":\"https:\\\/\\\/bodo-ticketing.com\\\/de\\\/#organization\",\"name\":\"Bodo Ticketing Solutions\",\"url\":\"https:\\\/\\\/bodo-ticketing.com\\\/de\\\/\",\"logo\":{\"@type\":\"ImageObject\",\"inLanguage\":\"de\",\"@id\":\"https:\\\/\\\/bodo-ticketing.com\\\/de\\\/#\\\/schema\\\/logo\\\/image\\\/\",\"url\":\"https:\\\/\\\/bodo-ticketing.com\\\/wp-content\\\/uploads\\\/2026\\\/02\\\/bodo-logo-tagline-en-stretched.svg\",\"contentUrl\":\"https:\\\/\\\/bodo-ticketing.com\\\/wp-content\\\/uploads\\\/2026\\\/02\\\/bodo-logo-tagline-en-stretched.svg\",\"caption\":\"Bodo Ticketing Solutions\"},\"image\":{\"@id\":\"https:\\\/\\\/bodo-ticketing.com\\\/de\\\/#\\\/schema\\\/logo\\\/image\\\/\"}}]}<\/script>\n<!-- \/ Yoast SEO plugin. -->","yoast_head_json":{"title":"Sprachnachrichten & Voice Mail per E-Mail senden \u2013 inklusive automatischer Sprache-zu-Text-Transkription","description":"Senden Sie Sprachnachrichten (Voice Mails) direkt per E-Mail mit Bodos Sprachnachrichten-Funktion. Keine externen Tools erforderlich, inklusive automatischer Sprache-zu-Text-Transkription","robots":{"index":"index","follow":"follow","max-snippet":"max-snippet:-1","max-image-preview":"max-image-preview:large","max-video-preview":"max-video-preview:-1"},"canonical":"https:\/\/bodo-ticketing.com\/de\/sprachnachrichten-per-e-mail-voice-mails-inklusive-automatischer-sprache-zu-text-transkription\/","og_locale":"de_DE","og_type":"article","og_title":"Sprachnachrichten & Voice Mail per E-Mail senden \u2013 inklusive automatischer Sprache-zu-Text-Transkription","og_description":"Senden Sie Sprachnachrichten (Voice Mails) direkt per E-Mail mit Bodos Sprachnachrichten-Funktion. Keine externen Tools erforderlich, inklusive automatischer Sprache-zu-Text-Transkription","og_url":"https:\/\/bodo-ticketing.com\/de\/sprachnachrichten-per-e-mail-voice-mails-inklusive-automatischer-sprache-zu-text-transkription\/","og_site_name":"BODO Mail Ticketing System","article_modified_time":"2026-01-03T09:42:00+00:00","og_image":[{"width":600,"height":487,"url":"https:\/\/bodo-ticketing.com\/wp-content\/uploads\/2026\/01\/Sprachnachrichten-per-E-Mail-senden-inklusive-automatischer-Sprache-zu-Text-Transkription-.jpg","type":"image\/jpeg"}],"twitter_card":"summary_large_image","twitter_misc":{"Gesch\u00e4tzte Lesezeit":"4\u00a0Minuten"},"schema":{"@context":"https:\/\/schema.org","@graph":[{"@type":"WebPage","@id":"https:\/\/bodo-ticketing.com\/de\/sprachnachrichten-per-e-mail-voice-mails-inklusive-automatischer-sprache-zu-text-transkription\/","url":"https:\/\/bodo-ticketing.com\/de\/sprachnachrichten-per-e-mail-voice-mails-inklusive-automatischer-sprache-zu-text-transkription\/","name":"Sprachnachrichten & Voice Mail per E-Mail senden \u2013 inklusive automatischer Sprache-zu-Text-Transkription","isPartOf":{"@id":"https:\/\/bodo-ticketing.com\/de\/#website"},"primaryImageOfPage":{"@id":"https:\/\/bodo-ticketing.com\/de\/sprachnachrichten-per-e-mail-voice-mails-inklusive-automatischer-sprache-zu-text-transkription\/#primaryimage"},"image":{"@id":"https:\/\/bodo-ticketing.com\/de\/sprachnachrichten-per-e-mail-voice-mails-inklusive-automatischer-sprache-zu-text-transkription\/#primaryimage"},"thumbnailUrl":"https:\/\/bodo-ticketing.com\/wp-content\/uploads\/2026\/01\/Sprachnachrichten-per-E-Mail-senden-inklusive-automatischer-Sprache-zu-Text-Transkription-.jpg","datePublished":"2025-05-01T22:09:37+00:00","dateModified":"2026-01-03T09:42:00+00:00","description":"Senden Sie Sprachnachrichten (Voice Mails) direkt per E-Mail mit Bodos Sprachnachrichten-Funktion. Keine externen Tools erforderlich, inklusive automatischer Sprache-zu-Text-Transkription","breadcrumb":{"@id":"https:\/\/bodo-ticketing.com\/de\/sprachnachrichten-per-e-mail-voice-mails-inklusive-automatischer-sprache-zu-text-transkription\/#breadcrumb"},"inLanguage":"de","potentialAction":[{"@type":"ReadAction","target":["https:\/\/bodo-ticketing.com\/de\/sprachnachrichten-per-e-mail-voice-mails-inklusive-automatischer-sprache-zu-text-transkription\/"]}]},{"@type":"ImageObject","inLanguage":"de","@id":"https:\/\/bodo-ticketing.com\/de\/sprachnachrichten-per-e-mail-voice-mails-inklusive-automatischer-sprache-zu-text-transkription\/#primaryimage","url":"https:\/\/bodo-ticketing.com\/wp-content\/uploads\/2026\/01\/Sprachnachrichten-per-E-Mail-senden-inklusive-automatischer-Sprache-zu-Text-Transkription-.jpg","contentUrl":"https:\/\/bodo-ticketing.com\/wp-content\/uploads\/2026\/01\/Sprachnachrichten-per-E-Mail-senden-inklusive-automatischer-Sprache-zu-Text-Transkription-.jpg"},{"@type":"BreadcrumbList","@id":"https:\/\/bodo-ticketing.com\/de\/sprachnachrichten-per-e-mail-voice-mails-inklusive-automatischer-sprache-zu-text-transkription\/#breadcrumb","itemListElement":[{"@type":"ListItem","position":1,"name":"Home","item":"https:\/\/bodo-ticketing.com\/de\/"},{"@type":"ListItem","position":2,"name":"Sprachnachrichten per E-Mail"}]},{"@type":"WebSite","@id":"https:\/\/bodo-ticketing.com\/de\/#website","url":"https:\/\/bodo-ticketing.com\/de\/","name":"Bodo Mail AI Ticketing System","description":"The Clever Mail Ticketing System with AI-Powered(ChatGPT) Text Editing Integration","publisher":{"@id":"https:\/\/bodo-ticketing.com\/de\/#organization"},"potentialAction":[{"@type":"SearchAction","target":{"@type":"EntryPoint","urlTemplate":"https:\/\/bodo-ticketing.com\/de\/?s={search_term_string}"},"query-input":{"@type":"PropertyValueSpecification","valueRequired":true,"valueName":"search_term_string"}}],"inLanguage":"de"},{"@type":"Organization","@id":"https:\/\/bodo-ticketing.com\/de\/#organization","name":"Bodo Ticketing Solutions","url":"https:\/\/bodo-ticketing.com\/de\/","logo":{"@type":"ImageObject","inLanguage":"de","@id":"https:\/\/bodo-ticketing.com\/de\/#\/schema\/logo\/image\/","url":"https:\/\/bodo-ticketing.com\/wp-content\/uploads\/2026\/02\/bodo-logo-tagline-en-stretched.svg","contentUrl":"https:\/\/bodo-ticketing.com\/wp-content\/uploads\/2026\/02\/bodo-logo-tagline-en-stretched.svg","caption":"Bodo Ticketing Solutions"},"image":{"@id":"https:\/\/bodo-ticketing.com\/de\/#\/schema\/logo\/image\/"}}]}},"uagb_featured_image_src":{"full":false,"thumbnail":false,"medium":false,"medium_large":false,"large":false,"1536x1536":false,"2048x2048":false},"uagb_author_info":{"display_name":"Andreas Kr\u00e4mer","author_link":"https:\/\/bodo-ticketing.com\/de\/author\/36h2p3mf4gzv\/"},"uagb_comment_info":0,"uagb_excerpt":"Sprachnachrichten &amp; Voice Mail direkt per E-Mail senden \u2013 inklusive automatischer Sprache-zu-Text-Transkription Dank moderner Voice Mail schnelle &amp; pers\u00f6nliche Kommunikation [&hellip;]","_links":{"self":[{"href":"https:\/\/bodo-ticketing.com\/de\/wp-json\/wp\/v2\/pages\/26732","targetHints":{"allow":["GET"]}}],"collection":[{"href":"https:\/\/bodo-ticketing.com\/de\/wp-json\/wp\/v2\/pages"}],"about":[{"href":"https:\/\/bodo-ticketing.com\/de\/wp-json\/wp\/v2\/types\/page"}],"author":[{"embeddable":true,"href":"https:\/\/bodo-ticketing.com\/de\/wp-json\/wp\/v2\/users\/3"}],"replies":[{"embeddable":true,"href":"https:\/\/bodo-ticketing.com\/de\/wp-json\/wp\/v2\/comments?post=26732"}],"version-history":[{"count":8,"href":"https:\/\/bodo-ticketing.com\/de\/wp-json\/wp\/v2\/pages\/26732\/revisions"}],"predecessor-version":[{"id":27339,"href":"https:\/\/bodo-ticketing.com\/de\/wp-json\/wp\/v2\/pages\/26732\/revisions\/27339"}],"wp:attachment":[{"href":"https:\/\/bodo-ticketing.com\/de\/wp-json\/wp\/v2\/media?parent=26732"}],"curies":[{"name":"wp","href":"https:\/\/api.w.org\/{rel}","templated":true}]}}