{"id":26731,"date":"2024-09-23T19:49:31","date_gmt":"2024-09-23T19:49:31","guid":{"rendered":"https:\/\/bodo-ticketing.com\/massgeschneiderte-loesungen\/"},"modified":"2025-12-01T17:29:07","modified_gmt":"2025-12-01T17:29:07","slug":"massgeschneiderte-loesungen","status":"publish","type":"page","link":"https:\/\/bodo-ticketing.com\/de\/massgeschneiderte-loesungen\/","title":{"rendered":"Ma\u00dfgeschneiderte L\u00f6sungen"},"content":{"rendered":"\n<p><strong>Individuelle Anpassungsdienstleistungen \u2013 Bodo an Ihre Bed\u00fcrfnisse anpassen<\/strong><\/p>\n\n<p>Wir von Bodo haben \u00fcber <strong>15 Jahre<\/strong> damit verbracht, ein System zu entwickeln, von dem wir \u00fcberzeugt sind, dass es hilft, Abl\u00e4ufe zu rationalisieren, Stress abzubauen und Zeit zu sparen. Unser robustes Ticketsystem hat seine Wirksamkeit bereits in renommierten Kliniken vor Ort bewiesen und ist auf die Bed\u00fcrfnisse von Fachleuten zugeschnitten. <\/p>\n\n<p>Im Gegensatz zu gro\u00dfen, standardm\u00e4\u00dfigen Softwarel\u00f6sungen, die nur begrenzte Anpassungsm\u00f6glichkeiten bieten, erm\u00f6glicht Bodo <strong>personalisierte Anpassungen<\/strong>, die auf Ihre spezifischen Bed\u00fcrfnisse zugeschnitten sind. Ob es sich um das Hinzuf\u00fcgen neuer Funktionen, das Modifizieren von Arbeitsabl\u00e4ufen oder das Anpassen der Benutzeroberfl\u00e4che handelt, wir sind hier, um sicherzustellen, dass Bodo genau Ihren betrieblichen Anforderungen entspricht. <\/p>\n\n<p><strong>Anpassungskosten:<\/strong> Anpassungen sind mit Kosten verbunden, da jede Anpassung die Zeit und das Fachwissen erfahrener Fachleute erfordert. Wir arbeiten ausschlie\u00dflich mit <strong>deutschen und Schweizer Entwicklern<\/strong> zusammen, die die notwendigen F\u00e4higkeiten und die Qualit\u00e4t mitbringen, um sicherzustellen, dass Sie erstklassige Ergebnisse erhalten. Abh\u00e4ngig von der Komplexit\u00e4t und Art der erforderlichen Anpassung liegen die Stundens\u00e4tze f\u00fcr unsere Entwickler zwischen <g id=\"gid_2\">150 \u20ac und 200 \u20ac<\/g>. Auch wenn dies h\u00f6her erscheinen mag als andere Optionen, priorisieren wir Zuverl\u00e4ssigkeit, Pr\u00e4zision und Kommunikation \u2013 Eigenschaften, die die Investition wert sind.   <\/p>\n\n<p><strong>Eigentum und Nutzung:<\/strong> Es ist wichtig zu beachten, dass der angepasste Code, obwohl wir ma\u00dfgeschneiderte L\u00f6sungen anbieten, Eigentum von Bodo bleibt. Sie erwerben die M\u00f6glichkeit, das System \u00fcber ein monatliches Abonnement zu nutzen, aber das Kernsystem und jeglicher benutzerdefinierter Code bleiben Teil des propriet\u00e4ren Systems von Bodo. <\/p>\n\n<p><strong>Warum die Anpassungsdienste von Bodo w\u00e4hlen?<\/strong><\/p>\n\n<ul class=\"wp-block-list\">\n<li>Zugeschnitten auf Ihre spezifischen Gesch\u00e4ftsprozesse und individuellen Arbeitsabl\u00e4ufe<\/li>\n\n\n\n<li>Personalisiert, anstatt eines Einheitsansatzes, der bei gr\u00f6\u00dferen Softwareanbietern \u00fcblich ist<\/li>\n\n\n\n<li>Sparen Sie Zeit und Stress durch die Implementierung benutzerdefinierter Funktionen, die f\u00fcr Ihr Team entwickelt wurden<\/li>\n\n\n\n<li>Kontinuierliche Unterst\u00fctzung und Updates, um sicherzustellen, dass Ihr System auf dem neuesten Stand und zukunftssicher bleibt<\/li>\n\n\n\n<li>Schnelle, professionelle Anpassungen, die von unserem erfahrenen <strong>deutschen und Schweizer Entwicklungsteam<\/strong> geliefert werden<\/li>\n<\/ul>\n\n<p><strong>Erfahrung z\u00e4hlt, aber wir wissen, dass Ihre Bed\u00fcrfnisse auch wichtig sind<\/strong> Wir sind zwar von den umfassenden L\u00f6sungen \u00fcberzeugt, die Bodo bereits bietet, verstehen aber, dass <strong>jede Klinik und jedes Unternehmen seine eigenen Spezialit\u00e4ten und betrieblichen Nuancen hat<\/strong>. Keine zwei Organisationen sind gleich, und wir sind stolz darauf, diese <g id=\"gid_2\">spezifischen Anforderungen<\/g> erf\u00fcllen zu k\u00f6nnen. Ob es sich um eine Funktion handelt, die Ihren Workflow rationalisiert, oder um spezielle Integrationen, wir arbeiten gerne mit Ihnen zusammen, um eine ma\u00dfgeschneiderte L\u00f6sung anzubieten, die genau Ihren Anforderungen entspricht.  <\/p>\n\n<p>Kontaktieren Sie uns, um mehr dar\u00fcber zu erfahren, wie Bodo an Ihre Gesch\u00e4ftsanforderungen angepasst werden kann!<\/p>\n","protected":false},"excerpt":{"rendered":"<p>Individuelle Anpassungsdienstleistungen \u2013 Bodo an Ihre Bed\u00fcrfnisse anpassen Wir von Bodo haben \u00fcber 15 Jahre damit verbracht, ein System zu [&hellip;]<\/p>\n","protected":false},"author":3,"featured_media":0,"parent":0,"menu_order":0,"comment_status":"closed","ping_status":"closed","template":"","meta":{"_uag_custom_page_level_css":"","site-sidebar-layout":"default","site-content-layout":"","ast-site-content-layout":"default","site-content-style":"default","site-sidebar-style":"default","ast-global-header-display":"","ast-banner-title-visibility":"","ast-main-header-display":"","ast-hfb-above-header-display":"","ast-hfb-below-header-display":"","ast-hfb-mobile-header-display":"","site-post-title":"","ast-breadcrumbs-content":"","ast-featured-img":"","footer-sml-layout":"","ast-disable-related-posts":"","theme-transparent-header-meta":"","adv-header-id-meta":"","stick-header-meta":"","header-above-stick-meta":"","header-main-stick-meta":"","header-below-stick-meta":"","astra-migrate-meta-layouts":"default","ast-page-background-enabled":"default","ast-page-background-meta":{"desktop":{"background-color":"var(--ast-global-color-4)","background-image":"","background-repeat":"repeat","background-position":"center center","background-size":"auto","background-attachment":"scroll","background-type":"","background-media":"","overlay-type":"","overlay-color":"","overlay-opacity":"","overlay-gradient":""},"tablet":{"background-color":"","background-image":"","background-repeat":"repeat","background-position":"center center","background-size":"auto","background-attachment":"scroll","background-type":"","background-media":"","overlay-type":"","overlay-color":"","overlay-opacity":"","overlay-gradient":""},"mobile":{"background-color":"","background-image":"","background-repeat":"repeat","background-position":"center center","background-size":"auto","background-attachment":"scroll","background-type":"","background-media":"","overlay-type":"","overlay-color":"","overlay-opacity":"","overlay-gradient":""}},"ast-content-background-meta":{"desktop":{"background-color":"var(--ast-global-color-5)","background-image":"","background-repeat":"repeat","background-position":"center center","background-size":"auto","background-attachment":"scroll","background-type":"","background-media":"","overlay-type":"","overlay-color":"","overlay-opacity":"","overlay-gradient":""},"tablet":{"background-color":"var(--ast-global-color-5)","background-image":"","background-repeat":"repeat","background-position":"center center","background-size":"auto","background-attachment":"scroll","background-type":"","background-media":"","overlay-type":"","overlay-color":"","overlay-opacity":"","overlay-gradient":""},"mobile":{"background-color":"var(--ast-global-color-5)","background-image":"","background-repeat":"repeat","background-position":"center center","background-size":"auto","background-attachment":"scroll","background-type":"","background-media":"","overlay-type":"","overlay-color":"","overlay-opacity":"","overlay-gradient":""}},"footnotes":""},"class_list":["post-26731","page","type-page","status-publish","hentry"],"yoast_head":"<!-- This site is optimized with the Yoast SEO plugin v27.5 - https:\/\/yoast.com\/product\/yoast-seo-wordpress\/ -->\n<title>Ma\u00dfgeschneiderte L\u00f6sungen - BODO Mail Ticketing System<\/title>\n<meta name=\"robots\" content=\"index, follow, max-snippet:-1, max-image-preview:large, max-video-preview:-1\" \/>\n<link rel=\"canonical\" href=\"https:\/\/bodo-ticketing.com\/de\/massgeschneiderte-loesungen\/\" \/>\n<meta property=\"og:locale\" content=\"de_DE\" \/>\n<meta property=\"og:type\" content=\"article\" \/>\n<meta property=\"og:title\" content=\"Ma\u00dfgeschneiderte L\u00f6sungen - BODO Mail Ticketing System\" \/>\n<meta property=\"og:description\" content=\"Individuelle Anpassungsdienstleistungen \u2013 Bodo an Ihre Bed\u00fcrfnisse anpassen Wir von Bodo haben \u00fcber 15 Jahre damit verbracht, ein System zu [&hellip;]\" \/>\n<meta property=\"og:url\" content=\"https:\/\/bodo-ticketing.com\/de\/massgeschneiderte-loesungen\/\" \/>\n<meta property=\"og:site_name\" content=\"BODO Mail Ticketing System\" \/>\n<meta property=\"article:modified_time\" content=\"2025-12-01T17:29:07+00:00\" \/>\n<meta name=\"twitter:card\" content=\"summary_large_image\" \/>\n<meta name=\"twitter:label1\" content=\"Gesch\u00e4tzte Lesezeit\" \/>\n\t<meta name=\"twitter:data1\" content=\"2\u00a0Minuten\" \/>\n<script type=\"application\/ld+json\" class=\"yoast-schema-graph\">{\"@context\":\"https:\\\/\\\/schema.org\",\"@graph\":[{\"@type\":\"WebPage\",\"@id\":\"https:\\\/\\\/bodo-ticketing.com\\\/de\\\/massgeschneiderte-loesungen\\\/\",\"url\":\"https:\\\/\\\/bodo-ticketing.com\\\/de\\\/massgeschneiderte-loesungen\\\/\",\"name\":\"Ma\u00dfgeschneiderte L\u00f6sungen - BODO Mail Ticketing System\",\"isPartOf\":{\"@id\":\"https:\\\/\\\/bodo-ticketing.com\\\/de\\\/#website\"},\"datePublished\":\"2024-09-23T19:49:31+00:00\",\"dateModified\":\"2025-12-01T17:29:07+00:00\",\"breadcrumb\":{\"@id\":\"https:\\\/\\\/bodo-ticketing.com\\\/de\\\/massgeschneiderte-loesungen\\\/#breadcrumb\"},\"inLanguage\":\"de\",\"potentialAction\":[{\"@type\":\"ReadAction\",\"target\":[\"https:\\\/\\\/bodo-ticketing.com\\\/de\\\/massgeschneiderte-loesungen\\\/\"]}]},{\"@type\":\"BreadcrumbList\",\"@id\":\"https:\\\/\\\/bodo-ticketing.com\\\/de\\\/massgeschneiderte-loesungen\\\/#breadcrumb\",\"itemListElement\":[{\"@type\":\"ListItem\",\"position\":1,\"name\":\"Home\",\"item\":\"https:\\\/\\\/bodo-ticketing.com\\\/de\\\/\"},{\"@type\":\"ListItem\",\"position\":2,\"name\":\"Ma\u00dfgeschneiderte L\u00f6sungen\"}]},{\"@type\":\"WebSite\",\"@id\":\"https:\\\/\\\/bodo-ticketing.com\\\/de\\\/#website\",\"url\":\"https:\\\/\\\/bodo-ticketing.com\\\/de\\\/\",\"name\":\"Bodo Mail AI Ticketing System\",\"description\":\"The Clever Mail Ticketing System with AI-Powered(ChatGPT) Text Editing Integration\",\"publisher\":{\"@id\":\"https:\\\/\\\/bodo-ticketing.com\\\/de\\\/#organization\"},\"potentialAction\":[{\"@type\":\"SearchAction\",\"target\":{\"@type\":\"EntryPoint\",\"urlTemplate\":\"https:\\\/\\\/bodo-ticketing.com\\\/de\\\/?s={search_term_string}\"},\"query-input\":{\"@type\":\"PropertyValueSpecification\",\"valueRequired\":true,\"valueName\":\"search_term_string\"}}],\"inLanguage\":\"de\"},{\"@type\":\"Organization\",\"@id\":\"https:\\\/\\\/bodo-ticketing.com\\\/de\\\/#organization\",\"name\":\"Bodo Ticketing Solutions\",\"url\":\"https:\\\/\\\/bodo-ticketing.com\\\/de\\\/\",\"logo\":{\"@type\":\"ImageObject\",\"inLanguage\":\"de\",\"@id\":\"https:\\\/\\\/bodo-ticketing.com\\\/de\\\/#\\\/schema\\\/logo\\\/image\\\/\",\"url\":\"https:\\\/\\\/bodo-ticketing.com\\\/wp-content\\\/uploads\\\/2026\\\/02\\\/bodo-logo-tagline-en-stretched.svg\",\"contentUrl\":\"https:\\\/\\\/bodo-ticketing.com\\\/wp-content\\\/uploads\\\/2026\\\/02\\\/bodo-logo-tagline-en-stretched.svg\",\"caption\":\"Bodo Ticketing Solutions\"},\"image\":{\"@id\":\"https:\\\/\\\/bodo-ticketing.com\\\/de\\\/#\\\/schema\\\/logo\\\/image\\\/\"}}]}<\/script>\n<!-- \/ Yoast SEO plugin. -->","yoast_head_json":{"title":"Ma\u00dfgeschneiderte L\u00f6sungen - BODO Mail Ticketing System","robots":{"index":"index","follow":"follow","max-snippet":"max-snippet:-1","max-image-preview":"max-image-preview:large","max-video-preview":"max-video-preview:-1"},"canonical":"https:\/\/bodo-ticketing.com\/de\/massgeschneiderte-loesungen\/","og_locale":"de_DE","og_type":"article","og_title":"Ma\u00dfgeschneiderte L\u00f6sungen - BODO Mail Ticketing System","og_description":"Individuelle Anpassungsdienstleistungen \u2013 Bodo an Ihre Bed\u00fcrfnisse anpassen Wir von Bodo haben \u00fcber 15 Jahre damit verbracht, ein System zu [&hellip;]","og_url":"https:\/\/bodo-ticketing.com\/de\/massgeschneiderte-loesungen\/","og_site_name":"BODO Mail Ticketing System","article_modified_time":"2025-12-01T17:29:07+00:00","twitter_card":"summary_large_image","twitter_misc":{"Gesch\u00e4tzte Lesezeit":"2\u00a0Minuten"},"schema":{"@context":"https:\/\/schema.org","@graph":[{"@type":"WebPage","@id":"https:\/\/bodo-ticketing.com\/de\/massgeschneiderte-loesungen\/","url":"https:\/\/bodo-ticketing.com\/de\/massgeschneiderte-loesungen\/","name":"Ma\u00dfgeschneiderte L\u00f6sungen - BODO Mail Ticketing System","isPartOf":{"@id":"https:\/\/bodo-ticketing.com\/de\/#website"},"datePublished":"2024-09-23T19:49:31+00:00","dateModified":"2025-12-01T17:29:07+00:00","breadcrumb":{"@id":"https:\/\/bodo-ticketing.com\/de\/massgeschneiderte-loesungen\/#breadcrumb"},"inLanguage":"de","potentialAction":[{"@type":"ReadAction","target":["https:\/\/bodo-ticketing.com\/de\/massgeschneiderte-loesungen\/"]}]},{"@type":"BreadcrumbList","@id":"https:\/\/bodo-ticketing.com\/de\/massgeschneiderte-loesungen\/#breadcrumb","itemListElement":[{"@type":"ListItem","position":1,"name":"Home","item":"https:\/\/bodo-ticketing.com\/de\/"},{"@type":"ListItem","position":2,"name":"Ma\u00dfgeschneiderte L\u00f6sungen"}]},{"@type":"WebSite","@id":"https:\/\/bodo-ticketing.com\/de\/#website","url":"https:\/\/bodo-ticketing.com\/de\/","name":"Bodo Mail AI Ticketing System","description":"The Clever Mail Ticketing System with AI-Powered(ChatGPT) Text Editing Integration","publisher":{"@id":"https:\/\/bodo-ticketing.com\/de\/#organization"},"potentialAction":[{"@type":"SearchAction","target":{"@type":"EntryPoint","urlTemplate":"https:\/\/bodo-ticketing.com\/de\/?s={search_term_string}"},"query-input":{"@type":"PropertyValueSpecification","valueRequired":true,"valueName":"search_term_string"}}],"inLanguage":"de"},{"@type":"Organization","@id":"https:\/\/bodo-ticketing.com\/de\/#organization","name":"Bodo Ticketing Solutions","url":"https:\/\/bodo-ticketing.com\/de\/","logo":{"@type":"ImageObject","inLanguage":"de","@id":"https:\/\/bodo-ticketing.com\/de\/#\/schema\/logo\/image\/","url":"https:\/\/bodo-ticketing.com\/wp-content\/uploads\/2026\/02\/bodo-logo-tagline-en-stretched.svg","contentUrl":"https:\/\/bodo-ticketing.com\/wp-content\/uploads\/2026\/02\/bodo-logo-tagline-en-stretched.svg","caption":"Bodo Ticketing Solutions"},"image":{"@id":"https:\/\/bodo-ticketing.com\/de\/#\/schema\/logo\/image\/"}}]}},"uagb_featured_image_src":{"full":false,"thumbnail":false,"medium":false,"medium_large":false,"large":false,"1536x1536":false,"2048x2048":false},"uagb_author_info":{"display_name":"Andreas Kr\u00e4mer","author_link":"https:\/\/bodo-ticketing.com\/de\/author\/36h2p3mf4gzv\/"},"uagb_comment_info":0,"uagb_excerpt":"Individuelle Anpassungsdienstleistungen \u2013 Bodo an Ihre Bed\u00fcrfnisse anpassen Wir von Bodo haben \u00fcber 15 Jahre damit verbracht, ein System zu [&hellip;]","_links":{"self":[{"href":"https:\/\/bodo-ticketing.com\/de\/wp-json\/wp\/v2\/pages\/26731","targetHints":{"allow":["GET"]}}],"collection":[{"href":"https:\/\/bodo-ticketing.com\/de\/wp-json\/wp\/v2\/pages"}],"about":[{"href":"https:\/\/bodo-ticketing.com\/de\/wp-json\/wp\/v2\/types\/page"}],"author":[{"embeddable":true,"href":"https:\/\/bodo-ticketing.com\/de\/wp-json\/wp\/v2\/users\/3"}],"replies":[{"embeddable":true,"href":"https:\/\/bodo-ticketing.com\/de\/wp-json\/wp\/v2\/comments?post=26731"}],"version-history":[{"count":1,"href":"https:\/\/bodo-ticketing.com\/de\/wp-json\/wp\/v2\/pages\/26731\/revisions"}],"predecessor-version":[{"id":26734,"href":"https:\/\/bodo-ticketing.com\/de\/wp-json\/wp\/v2\/pages\/26731\/revisions\/26734"}],"wp:attachment":[{"href":"https:\/\/bodo-ticketing.com\/de\/wp-json\/wp\/v2\/media?parent=26731"}],"curies":[{"name":"wp","href":"https:\/\/api.w.org\/{rel}","templated":true}]}}