{"id":26716,"date":"2024-12-08T21:01:53","date_gmt":"2024-12-08T21:01:53","guid":{"rendered":"https:\/\/bodo-ticketing.com\/zukuenftige-funktionen\/"},"modified":"2025-12-19T23:26:22","modified_gmt":"2025-12-19T23:26:22","slug":"zukuenftige-funktionen","status":"publish","type":"page","link":"https:\/\/bodo-ticketing.com\/de\/zukuenftige-funktionen\/","title":{"rendered":"Zuk\u00fcnftige Funktionen"},"content":{"rendered":"\n<div class=\"wp-block-uagb-container uagb-block-3nk0e4o2 alignfull uagb-is-root-container\"><div class=\"uagb-container-inner-blocks-wrap\">\n<div class=\"wp-block-uagb-container uagb-block-tzwmypfp\">\n<div class=\"wp-block-uagb-info-box uagb-block-4r9oiwbm uagb-infobox__content-wrap  uagb-infobox-icon-above-title uagb-infobox-image-valign-top\"><div class=\"uagb-ifb-content\"><div class=\"uagb-ifb-title-wrap\"><p class=\"uagb-ifb-title-prefix\">REVOLUTIONIEREN SIE IHR KOMMUNIKATIONSMANAGEMENT MIT EINEM GAME CHANGER<\/p><h1 class=\"uagb-ifb-title\">Zuk\u00fcnftige Integration mit dem Bodo KI-Chatbot<\/h1><\/div><p class=\"uagb-ifb-desc\">Wir verbessern Bodo kontinuierlich. Bald wird unser KI-Chatbot mit WhatsApp, Instagram und Meta Messenger integriert, wodurch alle Interaktionen in Bodo zentralisiert werden. Der Chatbot wird g\u00e4ngige Anfragen bearbeiten, wichtige Details (Name, E-Mail, Bilder) erfassen und ein Ticket erstellen. Das bedeutet, Unternehmen m\u00fcssen WhatsApp oder Instagram nicht mehr \u00fcberwachen \u2013 Nachrichten werden automatisch an Bodo weitergeleitet, um eine effiziente Nachverfolgung zu gew\u00e4hrleisten. Sobald in Bodo, l\u00e4uft die Kommunikation nahtlos per E-Mail und menschlichem Support weiter, alles mit vollst\u00e4ndiger Historie und Dokumentation nachverfolgt. Es ist ein Game Changer, der die Kommunikation optimiert und es Unternehmen erm\u00f6glicht, sich auf das Wesentliche zu konzentrieren, ohne mehrere Kan\u00e4le verwalten zu m\u00fcssen. Alles flie\u00dft in eine einzige Plattform \u2013 Bodo und E-Mail.<\/p><\/div><\/div>\n\n\n\n<div class=\"wp-block-uagb-buttons uagb-buttons__outer-wrap uagb-btn__default-btn uagb-btn-tablet__default-btn uagb-btn-mobile__default-btn uagb-block-asq70tyi\"><div class=\"uagb-buttons__wrap uagb-buttons-layout-wrap \">\n<div class=\"wp-block-uagb-buttons-child uagb-buttons__outer-wrap uagb-block-6b19384b wp-block-button\"><div class=\"uagb-button__wrapper\"><a class=\"uagb-buttons-repeater wp-block-button__link\" aria-label=\"\" href=\"https:\/\/bodo-ticketing.com\/de\/zukunft-ki-chatbot-gestuetzte-whatsapp-und-instagram-integration-mit-bodo\/\" rel=\"follow noopener\" target=\"_self\" role=\"button\"><div class=\"uagb-button__link\">Chatbot INTEGRATION MIT BODO<\/div><\/a><\/div><\/div>\n<\/div><\/div>\n<\/div>\n\n\n\n<div class=\"wp-block-uagb-image alignleft uagb-block-ngslqb3p wp-block-uagb-image--layout-default wp-block-uagb-image--effect-static wp-block-uagb-image--align-left\"><figure class=\"wp-block-uagb-image__figure\"><img decoding=\"async\" srcset=\"https:\/\/bodo-ticketing.com\/wp-content\/uploads\/2024\/12\/Future-Features-of-Bodo-1-1024x683.jpg ,https:\/\/bodo-ticketing.com\/wp-content\/uploads\/2024\/12\/Future-Features-of-Bodo-1-scaled.jpg 780w, https:\/\/bodo-ticketing.com\/wp-content\/uploads\/2024\/12\/Future-Features-of-Bodo-1-scaled.jpg 360w\" sizes=\"auto, (max-width: 480px) 150px\" src=\"https:\/\/bodo-ticketing.com\/wp-content\/uploads\/2024\/12\/Future-Features-of-Bodo-1-1024x683.jpg\" alt=\"Future Features of Bodo\" class=\"uag-image-26143\" width=\"564\" height=\"370\" title=\"Future Features of Bodo\" loading=\"lazy\" role=\"img\"\/><\/figure><\/div>\n<\/div><\/div>\n","protected":false},"excerpt":{"rendered":"","protected":false},"author":3,"featured_media":0,"parent":0,"menu_order":0,"comment_status":"closed","ping_status":"closed","template":"","meta":{"_uag_custom_page_level_css":"","site-sidebar-layout":"default","site-content-layout":"","ast-site-content-layout":"","site-content-style":"default","site-sidebar-style":"default","ast-global-header-display":"","ast-banner-title-visibility":"","ast-main-header-display":"","ast-hfb-above-header-display":"","ast-hfb-below-header-display":"","ast-hfb-mobile-header-display":"","site-post-title":"","ast-breadcrumbs-content":"","ast-featured-img":"","footer-sml-layout":"","ast-disable-related-posts":"","theme-transparent-header-meta":"","adv-header-id-meta":"","stick-header-meta":"","header-above-stick-meta":"","header-main-stick-meta":"","header-below-stick-meta":"","astra-migrate-meta-layouts":"default","ast-page-background-enabled":"default","ast-page-background-meta":{"desktop":{"background-color":"var(--ast-global-color-4)","background-image":"","background-repeat":"repeat","background-position":"center center","background-size":"auto","background-attachment":"scroll","background-type":"","background-media":"","overlay-type":"","overlay-color":"","overlay-opacity":"","overlay-gradient":""},"tablet":{"background-color":"","background-image":"","background-repeat":"repeat","background-position":"center center","background-size":"auto","background-attachment":"scroll","background-type":"","background-media":"","overlay-type":"","overlay-color":"","overlay-opacity":"","overlay-gradient":""},"mobile":{"background-color":"","background-image":"","background-repeat":"repeat","background-position":"center center","background-size":"auto","background-attachment":"scroll","background-type":"","background-media":"","overlay-type":"","overlay-color":"","overlay-opacity":"","overlay-gradient":""}},"ast-content-background-meta":{"desktop":{"background-color":"var(--ast-global-color-5)","background-image":"","background-repeat":"repeat","background-position":"center center","background-size":"auto","background-attachment":"scroll","background-type":"","background-media":"","overlay-type":"","overlay-color":"","overlay-opacity":"","overlay-gradient":""},"tablet":{"background-color":"var(--ast-global-color-5)","background-image":"","background-repeat":"repeat","background-position":"center center","background-size":"auto","background-attachment":"scroll","background-type":"","background-media":"","overlay-type":"","overlay-color":"","overlay-opacity":"","overlay-gradient":""},"mobile":{"background-color":"var(--ast-global-color-5)","background-image":"","background-repeat":"repeat","background-position":"center center","background-size":"auto","background-attachment":"scroll","background-type":"","background-media":"","overlay-type":"","overlay-color":"","overlay-opacity":"","overlay-gradient":""}},"footnotes":""},"class_list":["post-26716","page","type-page","status-publish","hentry"],"yoast_head":"<!-- This site is optimized with the Yoast SEO plugin v27.3 - https:\/\/yoast.com\/product\/yoast-seo-wordpress\/ -->\n<title>Zuk\u00fcnftige Funktionen - BODO Mail Ticketing System<\/title>\n<meta name=\"robots\" content=\"index, follow, max-snippet:-1, max-image-preview:large, max-video-preview:-1\" \/>\n<link rel=\"canonical\" href=\"https:\/\/bodo-ticketing.com\/de\/zukuenftige-funktionen\/\" \/>\n<meta property=\"og:locale\" content=\"de_DE\" \/>\n<meta property=\"og:type\" content=\"article\" \/>\n<meta property=\"og:title\" content=\"Zuk\u00fcnftige Funktionen - BODO Mail Ticketing System\" \/>\n<meta property=\"og:url\" content=\"https:\/\/bodo-ticketing.com\/de\/zukuenftige-funktionen\/\" \/>\n<meta property=\"og:site_name\" content=\"BODO Mail Ticketing System\" \/>\n<meta property=\"article:modified_time\" content=\"2025-12-19T23:26:22+00:00\" \/>\n<meta property=\"og:image\" content=\"https:\/\/bodo-ticketing.com\/wp-content\/uploads\/2024\/12\/Future-Features-of-Bodo-1-1024x683.jpg\" \/>\n<meta name=\"twitter:card\" content=\"summary_large_image\" \/>\n<meta name=\"twitter:label1\" content=\"Gesch\u00e4tzte Lesezeit\" \/>\n\t<meta name=\"twitter:data1\" content=\"1\u00a0Minute\" \/>\n<script type=\"application\/ld+json\" class=\"yoast-schema-graph\">{\"@context\":\"https:\\\/\\\/schema.org\",\"@graph\":[{\"@type\":\"WebPage\",\"@id\":\"https:\\\/\\\/bodo-ticketing.com\\\/de\\\/zukuenftige-funktionen\\\/\",\"url\":\"https:\\\/\\\/bodo-ticketing.com\\\/de\\\/zukuenftige-funktionen\\\/\",\"name\":\"Zuk\u00fcnftige Funktionen - BODO Mail Ticketing System\",\"isPartOf\":{\"@id\":\"https:\\\/\\\/bodo-ticketing.com\\\/de\\\/#website\"},\"primaryImageOfPage\":{\"@id\":\"https:\\\/\\\/bodo-ticketing.com\\\/de\\\/zukuenftige-funktionen\\\/#primaryimage\"},\"image\":{\"@id\":\"https:\\\/\\\/bodo-ticketing.com\\\/de\\\/zukuenftige-funktionen\\\/#primaryimage\"},\"thumbnailUrl\":\"https:\\\/\\\/bodo-ticketing.com\\\/wp-content\\\/uploads\\\/2024\\\/12\\\/Future-Features-of-Bodo-1-1024x683.jpg\",\"datePublished\":\"2024-12-08T21:01:53+00:00\",\"dateModified\":\"2025-12-19T23:26:22+00:00\",\"breadcrumb\":{\"@id\":\"https:\\\/\\\/bodo-ticketing.com\\\/de\\\/zukuenftige-funktionen\\\/#breadcrumb\"},\"inLanguage\":\"de\",\"potentialAction\":[{\"@type\":\"ReadAction\",\"target\":[\"https:\\\/\\\/bodo-ticketing.com\\\/de\\\/zukuenftige-funktionen\\\/\"]}]},{\"@type\":\"ImageObject\",\"inLanguage\":\"de\",\"@id\":\"https:\\\/\\\/bodo-ticketing.com\\\/de\\\/zukuenftige-funktionen\\\/#primaryimage\",\"url\":\"https:\\\/\\\/bodo-ticketing.com\\\/wp-content\\\/uploads\\\/2024\\\/12\\\/Future-Features-of-Bodo-1-1024x683.jpg\",\"contentUrl\":\"https:\\\/\\\/bodo-ticketing.com\\\/wp-content\\\/uploads\\\/2024\\\/12\\\/Future-Features-of-Bodo-1-1024x683.jpg\"},{\"@type\":\"BreadcrumbList\",\"@id\":\"https:\\\/\\\/bodo-ticketing.com\\\/de\\\/zukuenftige-funktionen\\\/#breadcrumb\",\"itemListElement\":[{\"@type\":\"ListItem\",\"position\":1,\"name\":\"Home\",\"item\":\"https:\\\/\\\/bodo-ticketing.com\\\/de\\\/\"},{\"@type\":\"ListItem\",\"position\":2,\"name\":\"Zuk\u00fcnftige Funktionen\"}]},{\"@type\":\"WebSite\",\"@id\":\"https:\\\/\\\/bodo-ticketing.com\\\/de\\\/#website\",\"url\":\"https:\\\/\\\/bodo-ticketing.com\\\/de\\\/\",\"name\":\"Bodo Mail AI Ticketing System\",\"description\":\"The Clever Mail Ticketing System with AI-Powered(ChatGPT) Text Editing Integration\",\"publisher\":{\"@id\":\"https:\\\/\\\/bodo-ticketing.com\\\/de\\\/#organization\"},\"potentialAction\":[{\"@type\":\"SearchAction\",\"target\":{\"@type\":\"EntryPoint\",\"urlTemplate\":\"https:\\\/\\\/bodo-ticketing.com\\\/de\\\/?s={search_term_string}\"},\"query-input\":{\"@type\":\"PropertyValueSpecification\",\"valueRequired\":true,\"valueName\":\"search_term_string\"}}],\"inLanguage\":\"de\"},{\"@type\":\"Organization\",\"@id\":\"https:\\\/\\\/bodo-ticketing.com\\\/de\\\/#organization\",\"name\":\"Bodo Ticketing Solutions\",\"url\":\"https:\\\/\\\/bodo-ticketing.com\\\/de\\\/\",\"logo\":{\"@type\":\"ImageObject\",\"inLanguage\":\"de\",\"@id\":\"https:\\\/\\\/bodo-ticketing.com\\\/de\\\/#\\\/schema\\\/logo\\\/image\\\/\",\"url\":\"https:\\\/\\\/bodo-ticketing.com\\\/wp-content\\\/uploads\\\/2026\\\/02\\\/bodo-logo-tagline-en-stretched.svg\",\"contentUrl\":\"https:\\\/\\\/bodo-ticketing.com\\\/wp-content\\\/uploads\\\/2026\\\/02\\\/bodo-logo-tagline-en-stretched.svg\",\"caption\":\"Bodo Ticketing Solutions\"},\"image\":{\"@id\":\"https:\\\/\\\/bodo-ticketing.com\\\/de\\\/#\\\/schema\\\/logo\\\/image\\\/\"}}]}<\/script>\n<!-- \/ Yoast SEO plugin. -->","yoast_head_json":{"title":"Zuk\u00fcnftige Funktionen - BODO Mail Ticketing System","robots":{"index":"index","follow":"follow","max-snippet":"max-snippet:-1","max-image-preview":"max-image-preview:large","max-video-preview":"max-video-preview:-1"},"canonical":"https:\/\/bodo-ticketing.com\/de\/zukuenftige-funktionen\/","og_locale":"de_DE","og_type":"article","og_title":"Zuk\u00fcnftige Funktionen - BODO Mail Ticketing System","og_url":"https:\/\/bodo-ticketing.com\/de\/zukuenftige-funktionen\/","og_site_name":"BODO Mail Ticketing System","article_modified_time":"2025-12-19T23:26:22+00:00","og_image":[{"url":"https:\/\/bodo-ticketing.com\/wp-content\/uploads\/2024\/12\/Future-Features-of-Bodo-1-1024x683.jpg","type":"","width":"","height":""}],"twitter_card":"summary_large_image","twitter_misc":{"Gesch\u00e4tzte Lesezeit":"1\u00a0Minute"},"schema":{"@context":"https:\/\/schema.org","@graph":[{"@type":"WebPage","@id":"https:\/\/bodo-ticketing.com\/de\/zukuenftige-funktionen\/","url":"https:\/\/bodo-ticketing.com\/de\/zukuenftige-funktionen\/","name":"Zuk\u00fcnftige Funktionen - BODO Mail Ticketing System","isPartOf":{"@id":"https:\/\/bodo-ticketing.com\/de\/#website"},"primaryImageOfPage":{"@id":"https:\/\/bodo-ticketing.com\/de\/zukuenftige-funktionen\/#primaryimage"},"image":{"@id":"https:\/\/bodo-ticketing.com\/de\/zukuenftige-funktionen\/#primaryimage"},"thumbnailUrl":"https:\/\/bodo-ticketing.com\/wp-content\/uploads\/2024\/12\/Future-Features-of-Bodo-1-1024x683.jpg","datePublished":"2024-12-08T21:01:53+00:00","dateModified":"2025-12-19T23:26:22+00:00","breadcrumb":{"@id":"https:\/\/bodo-ticketing.com\/de\/zukuenftige-funktionen\/#breadcrumb"},"inLanguage":"de","potentialAction":[{"@type":"ReadAction","target":["https:\/\/bodo-ticketing.com\/de\/zukuenftige-funktionen\/"]}]},{"@type":"ImageObject","inLanguage":"de","@id":"https:\/\/bodo-ticketing.com\/de\/zukuenftige-funktionen\/#primaryimage","url":"https:\/\/bodo-ticketing.com\/wp-content\/uploads\/2024\/12\/Future-Features-of-Bodo-1-1024x683.jpg","contentUrl":"https:\/\/bodo-ticketing.com\/wp-content\/uploads\/2024\/12\/Future-Features-of-Bodo-1-1024x683.jpg"},{"@type":"BreadcrumbList","@id":"https:\/\/bodo-ticketing.com\/de\/zukuenftige-funktionen\/#breadcrumb","itemListElement":[{"@type":"ListItem","position":1,"name":"Home","item":"https:\/\/bodo-ticketing.com\/de\/"},{"@type":"ListItem","position":2,"name":"Zuk\u00fcnftige Funktionen"}]},{"@type":"WebSite","@id":"https:\/\/bodo-ticketing.com\/de\/#website","url":"https:\/\/bodo-ticketing.com\/de\/","name":"Bodo Mail AI Ticketing System","description":"The Clever Mail Ticketing System with AI-Powered(ChatGPT) Text Editing Integration","publisher":{"@id":"https:\/\/bodo-ticketing.com\/de\/#organization"},"potentialAction":[{"@type":"SearchAction","target":{"@type":"EntryPoint","urlTemplate":"https:\/\/bodo-ticketing.com\/de\/?s={search_term_string}"},"query-input":{"@type":"PropertyValueSpecification","valueRequired":true,"valueName":"search_term_string"}}],"inLanguage":"de"},{"@type":"Organization","@id":"https:\/\/bodo-ticketing.com\/de\/#organization","name":"Bodo Ticketing Solutions","url":"https:\/\/bodo-ticketing.com\/de\/","logo":{"@type":"ImageObject","inLanguage":"de","@id":"https:\/\/bodo-ticketing.com\/de\/#\/schema\/logo\/image\/","url":"https:\/\/bodo-ticketing.com\/wp-content\/uploads\/2026\/02\/bodo-logo-tagline-en-stretched.svg","contentUrl":"https:\/\/bodo-ticketing.com\/wp-content\/uploads\/2026\/02\/bodo-logo-tagline-en-stretched.svg","caption":"Bodo Ticketing Solutions"},"image":{"@id":"https:\/\/bodo-ticketing.com\/de\/#\/schema\/logo\/image\/"}}]}},"uagb_featured_image_src":{"full":false,"thumbnail":false,"medium":false,"medium_large":false,"large":false,"1536x1536":false,"2048x2048":false},"uagb_author_info":{"display_name":"Andreas Kr\u00e4mer","author_link":"https:\/\/bodo-ticketing.com\/de\/author\/36h2p3mf4gzv\/"},"uagb_comment_info":0,"uagb_excerpt":null,"_links":{"self":[{"href":"https:\/\/bodo-ticketing.com\/de\/wp-json\/wp\/v2\/pages\/26716","targetHints":{"allow":["GET"]}}],"collection":[{"href":"https:\/\/bodo-ticketing.com\/de\/wp-json\/wp\/v2\/pages"}],"about":[{"href":"https:\/\/bodo-ticketing.com\/de\/wp-json\/wp\/v2\/types\/page"}],"author":[{"embeddable":true,"href":"https:\/\/bodo-ticketing.com\/de\/wp-json\/wp\/v2\/users\/3"}],"replies":[{"embeddable":true,"href":"https:\/\/bodo-ticketing.com\/de\/wp-json\/wp\/v2\/comments?post=26716"}],"version-history":[{"count":2,"href":"https:\/\/bodo-ticketing.com\/de\/wp-json\/wp\/v2\/pages\/26716\/revisions"}],"predecessor-version":[{"id":27139,"href":"https:\/\/bodo-ticketing.com\/de\/wp-json\/wp\/v2\/pages\/26716\/revisions\/27139"}],"wp:attachment":[{"href":"https:\/\/bodo-ticketing.com\/de\/wp-json\/wp\/v2\/media?parent=26716"}],"curies":[{"name":"wp","href":"https:\/\/api.w.org\/{rel}","templated":true}]}}