{"id":26708,"date":"2025-01-10T23:51:26","date_gmt":"2025-01-10T23:51:26","guid":{"rendered":"https:\/\/bodo-ticketing.com\/kostenlose-testversion-ohne-angabe-von-kreditkarteninformationen\/"},"modified":"2025-12-01T17:23:10","modified_gmt":"2025-12-01T17:23:10","slug":"kostenlose-testversion-ohne-angabe-von-kreditkarteninformationen","status":"publish","type":"page","link":"https:\/\/bodo-ticketing.com\/de\/kostenlose-testversion-ohne-angabe-von-kreditkarteninformationen\/","title":{"rendered":"Kostenlose Testversion \u2013 Ohne Angabe von Kreditkarteninformationen"},"content":{"rendered":"\n<p>Starten Sie Ihre kostenlose 14-t\u00e4gige Testphase mit Ihrer eigenen E-Mail-Adresse, die wir mit Bodo verbinden, und entdecken Sie, wie das Bodo E-Mail-Ticketing-System Ihre Kommunikation und Organisation revolutionieren kann. Unser Ticketing-System wurde entwickelt, um Ihnen zu helfen, E-Mails effizient zu verwalten, Arbeitsabl\u00e4ufe zu optimieren und Zeit zu sparen.<\/p>\n\n<p>Mit Ihrer Testversion erhalten Sie:<\/p>\n\n<ul class=\"wp-block-list\">\n<li>Zugriff auf alle Kern-<a href=\"https:\/\/bodo-ticketing.com\/features\/\">Funktionen von Bodo,<\/a> einschlie\u00dflich des <a href=\"https:\/\/bodo-ticketing.com\/bodo-ai-mail-ticketing-chatgpt-wysiwyg-editor\/\">Bodo AI Ticketing &amp; ChatGPT WYSIWYG Editors<\/a><\/li>\n\n\n\n<li>Unterst\u00fctzung bei der Einrichtung Ihres Kontos.<\/li>\n\n\n\n<li>Die M\u00f6glichkeit, das System unverbindlich zu testen.<\/li>\n<\/ul>\n\n<p>F\u00fcllen Sie einfach das untenstehende Formular aus, und wir werden Sie kontaktieren, um Ihr Testkonto einzurichten. Starten Sie noch heute!<\/p>\n<div class=\"wp-block-uagb-faq uagb-faq__outer-wrap uagb-block-77d03550 uagb-faq-icon-row uagb-faq-layout-accordion uagb-faq-expand-first-true uagb-faq-inactive-other-true uagb-faq__wrap uagb-buttons-layout-wrap uagb-faq-equal-height     \" data-faqtoggle=\"true\" role=\"tablist\"><div class=\"wp-block-uagb-faq-child uagb-faq-child__outer-wrap uagb-faq-item uagb-block-e9c44eee \" role=\"tab\" tabindex=\"0\"><div class=\"uagb-faq-questions-button uagb-faq-questions\">\t\t\t<span class=\"uagb-icon uagb-faq-icon-wrap\">\n\t\t\t\t\t\t\t\t<svg xmlns=\"https:\/\/www.w3.org\/2000\/svg\" viewBox= \"0 0 448 512\"><path d=\"M432 256c0 17.69-14.33 32.01-32 32.01H256v144c0 17.69-14.33 31.99-32 31.99s-32-14.3-32-31.99v-144H48c-17.67 0-32-14.32-32-32.01s14.33-31.99 32-31.99H192v-144c0-17.69 14.33-32.01 32-32.01s32 14.32 32 32.01v144h144C417.7 224 432 238.3 432 256z\"><\/path><\/svg>\n\t\t\t\t\t\t\t<\/span>\n\t\t\t\t\t\t<span class=\"uagb-icon-active uagb-faq-icon-wrap\">\n\t\t\t\t\t\t\t\t<svg xmlns=\"https:\/\/www.w3.org\/2000\/svg\" viewBox= \"0 0 448 512\"><path d=\"M400 288h-352c-17.69 0-32-14.32-32-32.01s14.31-31.99 32-31.99h352c17.69 0 32 14.3 32 31.99S417.7 288 400 288z\"><\/path><\/svg>\n\t\t\t\t\t\t\t<\/span>\n\t\t\t<span class=\"uagb-question\"><strong>BITTE BEACHTEN!<\/strong><\/span><\/div><div class=\"uagb-faq-content\"><p>Wir bearbeiten Ihre Anfrage und richten Ihr Konto so schnell wie m\u00f6glich ein. Wir bitten Sie jedoch um etwas Geduld. Wir sind kein Gro\u00dfkonzern wie Microsoft, Google oder Amazon mit Tausenden von Mitarbeitern. Wir sind ein kleines Unternehmen mit Sitz in der Schweiz\ud83c\udde8\ud83c\udded, das sich der Bereitstellung von qualitativ hochwertigem, personalisiertem Service und ma\u00dfgeschneiderten L\u00f6sungen verschrieben hat.<br><br>Abh\u00e4ngig vom E-Mail- und Anfragevolumen kann es gelegentlich zu Verz\u00f6gerungen kommen. Wir bitten Sie um Ihr Verst\u00e4ndnis und versichern Ihnen, dass wir uns stets bem\u00fchen, Ihre Anfragen zeitnah und mit gr\u00f6\u00dfter Sorgfalt zu bearbeiten.<\/p><\/div><\/div><\/div>\n<iframe src=\"https:\/\/www.loginsupport.info\/form.php?form_id=12&#038;embed\" frameborder=\"0\" width=\"100%\" id=\"consultation-frame\" scrolling=\"auto\"><\/iframe>\n<script>\n  window.addEventListener(\"message\", function(event) {\n      if (event.origin === \"https:\/\/www.loginsupport.info\") {\n          const iframe = document.getElementById(\"consultation-frame\");\n          if (event.data.height && iframe) {\n              iframe.style.height = (event.data.height + 150) + \"px\";\n          }\n          if (event.data.action === \"scrollToIframe\" && iframe) {\n              iframe.scrollIntoView({ block: \"center\" });\n          }\n      }\n  }, false);\n<\/script>\n","protected":false},"excerpt":{"rendered":"<p>Starten Sie Ihre kostenlose 14-t\u00e4gige Testphase mit Ihrer eigenen E-Mail-Adresse, die wir mit Bodo verbinden, und entdecken Sie, wie das [&hellip;]<\/p>\n","protected":false},"author":3,"featured_media":0,"parent":0,"menu_order":0,"comment_status":"closed","ping_status":"closed","template":"","meta":{"_uag_custom_page_level_css":"","site-sidebar-layout":"default","site-content-layout":"","ast-site-content-layout":"default","site-content-style":"default","site-sidebar-style":"default","ast-global-header-display":"","ast-banner-title-visibility":"","ast-main-header-display":"","ast-hfb-above-header-display":"","ast-hfb-below-header-display":"","ast-hfb-mobile-header-display":"","site-post-title":"","ast-breadcrumbs-content":"","ast-featured-img":"","footer-sml-layout":"","ast-disable-related-posts":"","theme-transparent-header-meta":"","adv-header-id-meta":"","stick-header-meta":"","header-above-stick-meta":"","header-main-stick-meta":"","header-below-stick-meta":"","astra-migrate-meta-layouts":"default","ast-page-background-enabled":"default","ast-page-background-meta":{"desktop":{"background-color":"var(--ast-global-color-4)","background-image":"","background-repeat":"repeat","background-position":"center center","background-size":"auto","background-attachment":"scroll","background-type":"","background-media":"","overlay-type":"","overlay-color":"","overlay-opacity":"","overlay-gradient":""},"tablet":{"background-color":"","background-image":"","background-repeat":"repeat","background-position":"center center","background-size":"auto","background-attachment":"scroll","background-type":"","background-media":"","overlay-type":"","overlay-color":"","overlay-opacity":"","overlay-gradient":""},"mobile":{"background-color":"","background-image":"","background-repeat":"repeat","background-position":"center center","background-size":"auto","background-attachment":"scroll","background-type":"","background-media":"","overlay-type":"","overlay-color":"","overlay-opacity":"","overlay-gradient":""}},"ast-content-background-meta":{"desktop":{"background-color":"var(--ast-global-color-5)","background-image":"","background-repeat":"repeat","background-position":"center center","background-size":"auto","background-attachment":"scroll","background-type":"","background-media":"","overlay-type":"","overlay-color":"","overlay-opacity":"","overlay-gradient":""},"tablet":{"background-color":"var(--ast-global-color-5)","background-image":"","background-repeat":"repeat","background-position":"center center","background-size":"auto","background-attachment":"scroll","background-type":"","background-media":"","overlay-type":"","overlay-color":"","overlay-opacity":"","overlay-gradient":""},"mobile":{"background-color":"var(--ast-global-color-5)","background-image":"","background-repeat":"repeat","background-position":"center center","background-size":"auto","background-attachment":"scroll","background-type":"","background-media":"","overlay-type":"","overlay-color":"","overlay-opacity":"","overlay-gradient":""}},"footnotes":""},"class_list":["post-26708","page","type-page","status-publish","hentry"],"yoast_head":"<!-- This site is optimized with the Yoast SEO plugin v27.3 - https:\/\/yoast.com\/product\/yoast-seo-wordpress\/ -->\n<title>Testen Sie Bodo 4 Wochen lang kostenlos \u2013 Entdecken Sie die Vorteile!<\/title>\n<meta name=\"description\" content=\"Starten Sie Ihre kostenlose 4-w\u00f6chige Testphase und entdecken Sie, wie das Bodo E-Mail-Ticketing-System Ihre Kommunikation und Organisation revolutionieren kann!\" \/>\n<meta name=\"robots\" content=\"index, follow, max-snippet:-1, max-image-preview:large, max-video-preview:-1\" \/>\n<link rel=\"canonical\" href=\"https:\/\/bodo-ticketing.com\/de\/kostenlose-testversion-ohne-angabe-von-kreditkarteninformationen\/\" \/>\n<meta property=\"og:locale\" content=\"de_DE\" \/>\n<meta property=\"og:type\" content=\"article\" \/>\n<meta property=\"og:title\" content=\"Testen Sie Bodo 4 Wochen lang kostenlos \u2013 Entdecken Sie die Vorteile!\" \/>\n<meta property=\"og:description\" content=\"Starten Sie Ihre kostenlose 4-w\u00f6chige Testphase und entdecken Sie, wie das Bodo E-Mail-Ticketing-System Ihre Kommunikation und Organisation revolutionieren kann!\" \/>\n<meta property=\"og:url\" content=\"https:\/\/bodo-ticketing.com\/de\/kostenlose-testversion-ohne-angabe-von-kreditkarteninformationen\/\" \/>\n<meta property=\"og:site_name\" content=\"BODO Mail Ticketing System\" \/>\n<meta property=\"article:modified_time\" content=\"2025-12-01T17:23:10+00:00\" \/>\n<meta name=\"twitter:card\" content=\"summary_large_image\" \/>\n<meta name=\"twitter:label1\" content=\"Gesch\u00e4tzte Lesezeit\" \/>\n\t<meta name=\"twitter:data1\" content=\"1\u00a0Minute\" \/>\n<script type=\"application\/ld+json\" class=\"yoast-schema-graph\">{\"@context\":\"https:\\\/\\\/schema.org\",\"@graph\":[{\"@type\":\"WebPage\",\"@id\":\"https:\\\/\\\/bodo-ticketing.com\\\/de\\\/kostenlose-testversion-ohne-angabe-von-kreditkarteninformationen\\\/\",\"url\":\"https:\\\/\\\/bodo-ticketing.com\\\/de\\\/kostenlose-testversion-ohne-angabe-von-kreditkarteninformationen\\\/\",\"name\":\"Testen Sie Bodo 4 Wochen lang kostenlos \u2013 Entdecken Sie die Vorteile!\",\"isPartOf\":{\"@id\":\"https:\\\/\\\/bodo-ticketing.com\\\/de\\\/#website\"},\"datePublished\":\"2025-01-10T23:51:26+00:00\",\"dateModified\":\"2025-12-01T17:23:10+00:00\",\"description\":\"Starten Sie Ihre kostenlose 4-w\u00f6chige Testphase und entdecken Sie, wie das Bodo E-Mail-Ticketing-System Ihre Kommunikation und Organisation revolutionieren kann!\",\"breadcrumb\":{\"@id\":\"https:\\\/\\\/bodo-ticketing.com\\\/de\\\/kostenlose-testversion-ohne-angabe-von-kreditkarteninformationen\\\/#breadcrumb\"},\"inLanguage\":\"de\",\"potentialAction\":[{\"@type\":\"ReadAction\",\"target\":[\"https:\\\/\\\/bodo-ticketing.com\\\/de\\\/kostenlose-testversion-ohne-angabe-von-kreditkarteninformationen\\\/\"]}]},{\"@type\":\"BreadcrumbList\",\"@id\":\"https:\\\/\\\/bodo-ticketing.com\\\/de\\\/kostenlose-testversion-ohne-angabe-von-kreditkarteninformationen\\\/#breadcrumb\",\"itemListElement\":[{\"@type\":\"ListItem\",\"position\":1,\"name\":\"Home\",\"item\":\"https:\\\/\\\/bodo-ticketing.com\\\/de\\\/\"},{\"@type\":\"ListItem\",\"position\":2,\"name\":\"Kostenlose Testversion \u2013 Ohne Angabe von Kreditkarteninformationen\"}]},{\"@type\":\"WebSite\",\"@id\":\"https:\\\/\\\/bodo-ticketing.com\\\/de\\\/#website\",\"url\":\"https:\\\/\\\/bodo-ticketing.com\\\/de\\\/\",\"name\":\"Bodo Mail AI Ticketing System\",\"description\":\"The Clever Mail Ticketing System with AI-Powered(ChatGPT) Text Editing Integration\",\"publisher\":{\"@id\":\"https:\\\/\\\/bodo-ticketing.com\\\/de\\\/#organization\"},\"potentialAction\":[{\"@type\":\"SearchAction\",\"target\":{\"@type\":\"EntryPoint\",\"urlTemplate\":\"https:\\\/\\\/bodo-ticketing.com\\\/de\\\/?s={search_term_string}\"},\"query-input\":{\"@type\":\"PropertyValueSpecification\",\"valueRequired\":true,\"valueName\":\"search_term_string\"}}],\"inLanguage\":\"de\"},{\"@type\":\"Organization\",\"@id\":\"https:\\\/\\\/bodo-ticketing.com\\\/de\\\/#organization\",\"name\":\"Bodo Ticketing Solutions\",\"url\":\"https:\\\/\\\/bodo-ticketing.com\\\/de\\\/\",\"logo\":{\"@type\":\"ImageObject\",\"inLanguage\":\"de\",\"@id\":\"https:\\\/\\\/bodo-ticketing.com\\\/de\\\/#\\\/schema\\\/logo\\\/image\\\/\",\"url\":\"https:\\\/\\\/bodo-ticketing.com\\\/wp-content\\\/uploads\\\/2026\\\/02\\\/bodo-logo-tagline-en-stretched.svg\",\"contentUrl\":\"https:\\\/\\\/bodo-ticketing.com\\\/wp-content\\\/uploads\\\/2026\\\/02\\\/bodo-logo-tagline-en-stretched.svg\",\"caption\":\"Bodo Ticketing Solutions\"},\"image\":{\"@id\":\"https:\\\/\\\/bodo-ticketing.com\\\/de\\\/#\\\/schema\\\/logo\\\/image\\\/\"}}]}<\/script>\n<!-- \/ Yoast SEO plugin. -->","yoast_head_json":{"title":"Testen Sie Bodo 4 Wochen lang kostenlos \u2013 Entdecken Sie die Vorteile!","description":"Starten Sie Ihre kostenlose 4-w\u00f6chige Testphase und entdecken Sie, wie das Bodo E-Mail-Ticketing-System Ihre Kommunikation und Organisation revolutionieren kann!","robots":{"index":"index","follow":"follow","max-snippet":"max-snippet:-1","max-image-preview":"max-image-preview:large","max-video-preview":"max-video-preview:-1"},"canonical":"https:\/\/bodo-ticketing.com\/de\/kostenlose-testversion-ohne-angabe-von-kreditkarteninformationen\/","og_locale":"de_DE","og_type":"article","og_title":"Testen Sie Bodo 4 Wochen lang kostenlos \u2013 Entdecken Sie die Vorteile!","og_description":"Starten Sie Ihre kostenlose 4-w\u00f6chige Testphase und entdecken Sie, wie das Bodo E-Mail-Ticketing-System Ihre Kommunikation und Organisation revolutionieren kann!","og_url":"https:\/\/bodo-ticketing.com\/de\/kostenlose-testversion-ohne-angabe-von-kreditkarteninformationen\/","og_site_name":"BODO Mail Ticketing System","article_modified_time":"2025-12-01T17:23:10+00:00","twitter_card":"summary_large_image","twitter_misc":{"Gesch\u00e4tzte Lesezeit":"1\u00a0Minute"},"schema":{"@context":"https:\/\/schema.org","@graph":[{"@type":"WebPage","@id":"https:\/\/bodo-ticketing.com\/de\/kostenlose-testversion-ohne-angabe-von-kreditkarteninformationen\/","url":"https:\/\/bodo-ticketing.com\/de\/kostenlose-testversion-ohne-angabe-von-kreditkarteninformationen\/","name":"Testen Sie Bodo 4 Wochen lang kostenlos \u2013 Entdecken Sie die Vorteile!","isPartOf":{"@id":"https:\/\/bodo-ticketing.com\/de\/#website"},"datePublished":"2025-01-10T23:51:26+00:00","dateModified":"2025-12-01T17:23:10+00:00","description":"Starten Sie Ihre kostenlose 4-w\u00f6chige Testphase und entdecken Sie, wie das Bodo E-Mail-Ticketing-System Ihre Kommunikation und Organisation revolutionieren kann!","breadcrumb":{"@id":"https:\/\/bodo-ticketing.com\/de\/kostenlose-testversion-ohne-angabe-von-kreditkarteninformationen\/#breadcrumb"},"inLanguage":"de","potentialAction":[{"@type":"ReadAction","target":["https:\/\/bodo-ticketing.com\/de\/kostenlose-testversion-ohne-angabe-von-kreditkarteninformationen\/"]}]},{"@type":"BreadcrumbList","@id":"https:\/\/bodo-ticketing.com\/de\/kostenlose-testversion-ohne-angabe-von-kreditkarteninformationen\/#breadcrumb","itemListElement":[{"@type":"ListItem","position":1,"name":"Home","item":"https:\/\/bodo-ticketing.com\/de\/"},{"@type":"ListItem","position":2,"name":"Kostenlose Testversion \u2013 Ohne Angabe von Kreditkarteninformationen"}]},{"@type":"WebSite","@id":"https:\/\/bodo-ticketing.com\/de\/#website","url":"https:\/\/bodo-ticketing.com\/de\/","name":"Bodo Mail AI Ticketing System","description":"The Clever Mail Ticketing System with AI-Powered(ChatGPT) Text Editing Integration","publisher":{"@id":"https:\/\/bodo-ticketing.com\/de\/#organization"},"potentialAction":[{"@type":"SearchAction","target":{"@type":"EntryPoint","urlTemplate":"https:\/\/bodo-ticketing.com\/de\/?s={search_term_string}"},"query-input":{"@type":"PropertyValueSpecification","valueRequired":true,"valueName":"search_term_string"}}],"inLanguage":"de"},{"@type":"Organization","@id":"https:\/\/bodo-ticketing.com\/de\/#organization","name":"Bodo Ticketing Solutions","url":"https:\/\/bodo-ticketing.com\/de\/","logo":{"@type":"ImageObject","inLanguage":"de","@id":"https:\/\/bodo-ticketing.com\/de\/#\/schema\/logo\/image\/","url":"https:\/\/bodo-ticketing.com\/wp-content\/uploads\/2026\/02\/bodo-logo-tagline-en-stretched.svg","contentUrl":"https:\/\/bodo-ticketing.com\/wp-content\/uploads\/2026\/02\/bodo-logo-tagline-en-stretched.svg","caption":"Bodo Ticketing Solutions"},"image":{"@id":"https:\/\/bodo-ticketing.com\/de\/#\/schema\/logo\/image\/"}}]}},"uagb_featured_image_src":{"full":false,"thumbnail":false,"medium":false,"medium_large":false,"large":false,"1536x1536":false,"2048x2048":false},"uagb_author_info":{"display_name":"Andreas Kr\u00e4mer","author_link":"https:\/\/bodo-ticketing.com\/de\/author\/36h2p3mf4gzv\/"},"uagb_comment_info":0,"uagb_excerpt":"Starten Sie Ihre kostenlose 14-t\u00e4gige Testphase mit Ihrer eigenen E-Mail-Adresse, die wir mit Bodo verbinden, und entdecken Sie, wie das [&hellip;]","_links":{"self":[{"href":"https:\/\/bodo-ticketing.com\/de\/wp-json\/wp\/v2\/pages\/26708","targetHints":{"allow":["GET"]}}],"collection":[{"href":"https:\/\/bodo-ticketing.com\/de\/wp-json\/wp\/v2\/pages"}],"about":[{"href":"https:\/\/bodo-ticketing.com\/de\/wp-json\/wp\/v2\/types\/page"}],"author":[{"embeddable":true,"href":"https:\/\/bodo-ticketing.com\/de\/wp-json\/wp\/v2\/users\/3"}],"replies":[{"embeddable":true,"href":"https:\/\/bodo-ticketing.com\/de\/wp-json\/wp\/v2\/comments?post=26708"}],"version-history":[{"count":3,"href":"https:\/\/bodo-ticketing.com\/de\/wp-json\/wp\/v2\/pages\/26708\/revisions"}],"predecessor-version":[{"id":26720,"href":"https:\/\/bodo-ticketing.com\/de\/wp-json\/wp\/v2\/pages\/26708\/revisions\/26720"}],"wp:attachment":[{"href":"https:\/\/bodo-ticketing.com\/de\/wp-json\/wp\/v2\/media?parent=26708"}],"curies":[{"name":"wp","href":"https:\/\/api.w.org\/{rel}","templated":true}]}}